{"id":16826,"date":"2022-05-30T10:50:34","date_gmt":"2022-05-30T08:50:34","guid":{"rendered":"https:\/\/www.raschvin.com\/vare\/ouzo-sans-rival\/"},"modified":"2022-11-30T09:18:57","modified_gmt":"2022-11-30T08:18:57","slug":"ouzo-sans-rival","status":"publish","type":"product","link":"https:\/\/www.raschvin.com\/sv\/produkt\/ouzo-sans-rival\/","title":{"rendered":"Ouzo Sans Rival 70 cl. 40%"},"content":{"rendered":"<p>Ouzo &#8221;sans rival&#8221; \u00e4r en grekisk anis specialitet som njuter av vatten. N\u00e4r Ouzo &#8221;sans rival&#8221; h\u00e4ll \u00f6ver isbitar, och vatten l\u00e4ggs, blir det n\u00e4stan vitt i motsats till de franska typerna, som f\u00e5r en mer gr\u00f6nf\u00e4rg.<\/p>\n<p>Ouzo &#8221;Sana Rival&#8221; presenterar en mycket intensiv doft med rik anis och kryddor \u00e5tf\u00f6ljd av intensiva tal med stj\u00e4rnanis, kr\u00e4mkaramelll och f\u00e4nk\u00e5l, som utvecklats till en \u00f6rtf\u00e4ste med kardemumma och kryddor.<\/p>\n<p>Ouzo &#8221;sans rival&#8221; \u00e4r en h\u00e4rlig aperitif eller som en uppfriskande drink f\u00f6r mysig rund i gott f\u00f6retag.<\/p>\n","protected":false},"excerpt":{"rendered":"<p>Ann\u00e8es 1960 &#8211; Product of Greece<\/p>\n","protected":false},"featured_media":9041,"template":"","meta":{"_acf_changed":false,"rs_blank_template":"","rs_page_bg_color":"","slide_template_v7":""},"product_brand":[],"product_cat":[2402,2406],"product_tag":[],"class_list":{"0":"post-16826","1":"product","2":"type-product","3":"status-publish","4":"has-post-thumbnail","6":"product_cat-sprit-sv","7":"product_cat-ouzo-raki-pastis-sv","8":"pa_land-grekland","9":"pa_procent-40-sv-2","10":"pa_region-sans-rival-sv","11":"pa_volume-70-sv-2","13":"first","14":"instock","15":"taxable","16":"shipping-taxable","17":"purchasable","18":"product-type-simple"},"bundled_by":[],"bundle_stock_status":"instock","bundle_stock_quantity":null,"bundle_virtual":false,"bundle_layout":"","bundle_add_to_cart_form_location":"","bundle_editable_in_cart":false,"bundle_sold_individually_context":"","bundle_item_grouping":"","bundle_min_size":"","bundle_max_size":"","bundle_price":[],"bundled_items":[],"bundle_sell_ids":[],"acf":[],"_links":{"self":[{"href":"https:\/\/www.raschvin.com\/sv\/wp-json\/wp\/v2\/product\/16826","targetHints":{"allow":["GET"]}}],"collection":[{"href":"https:\/\/www.raschvin.com\/sv\/wp-json\/wp\/v2\/product"}],"about":[{"href":"https:\/\/www.raschvin.com\/sv\/wp-json\/wp\/v2\/types\/product"}],"wp:featuredmedia":[{"embeddable":true,"href":"https:\/\/www.raschvin.com\/sv\/wp-json\/wp\/v2\/media\/9041"}],"wp:attachment":[{"href":"https:\/\/www.raschvin.com\/sv\/wp-json\/wp\/v2\/media?parent=16826"}],"wp:term":[{"taxonomy":"product_brand","embeddable":true,"href":"https:\/\/www.raschvin.com\/sv\/wp-json\/wp\/v2\/product_brand?post=16826"},{"taxonomy":"product_cat","embeddable":true,"href":"https:\/\/www.raschvin.com\/sv\/wp-json\/wp\/v2\/product_cat?post=16826"},{"taxonomy":"product_tag","embeddable":true,"href":"https:\/\/www.raschvin.com\/sv\/wp-json\/wp\/v2\/product_tag?post=16826"}],"curies":[{"name":"wp","href":"https:\/\/api.w.org\/{rel}","templated":true}]}}