{"id":16825,"date":"2022-05-30T10:50:34","date_gmt":"2022-05-30T08:50:34","guid":{"rendered":"https:\/\/www.raschvin.com\/vare\/ouzo-plomari\/"},"modified":"2022-11-30T09:06:15","modified_gmt":"2022-11-30T08:06:15","slug":"ouzo-plomari","status":"publish","type":"product","link":"https:\/\/www.raschvin.com\/sv\/produkt\/ouzo-plomari\/","title":{"rendered":"Ouzo Plomari 70 cl. 40%"},"content":{"rendered":"<p>Om du har varit i Grekland, har du ingen tvekan om att h\u00f6ras av eller till och med smakade sin dricka Ouzo. Det \u00e4r sv\u00e5rt att komma runt f\u00f6r att se hur ett glas ouzo \u00e4ndrar f\u00e4rg fr\u00e5n tydlig och transparent till mj\u00f6lkvita. D\u00e4refter kan du njuta av smaken av en bra lakritsdrink. Denna Ouzo Plomari \u00e4r riktigt bra som det \u00e4r fr\u00e5n Plomari-regionen, som \u00e4r bara k\u00e4nt f\u00f6r sin goda ouzo. H\u00e4r \u00e4r olika f\u00f6retag som alla specialiserar sig p\u00e5 att g\u00f6ra Ouzo, och de g\u00f6r alla bra. M\u00e5nga m\u00e4nniskor i Grekland \u00e4lskar att njuta av en ouzo som en apertif som inneb\u00e4r en drink f\u00f6re maten. Det skapar lite aptit och g\u00f6r samtidigt maten smakar lite b\u00e4ttre \u00e4n annars.<\/p>\n","protected":false},"excerpt":{"rendered":"<p>Isidoros Arvanitis &#8211; Product of Greece<\/p>\n","protected":false},"featured_media":9028,"template":"","meta":{"_acf_changed":false,"rs_blank_template":"","rs_page_bg_color":"","slide_template_v7":""},"product_brand":[],"product_cat":[2406,2402],"product_tag":[],"class_list":{"0":"post-16825","1":"product","2":"type-product","3":"status-publish","4":"has-post-thumbnail","6":"product_cat-ouzo-raki-pastis-sv","7":"product_cat-sprit-sv","8":"pa_land-grekland","9":"pa_procent-40-sv-2","10":"pa_region-plomari-sv","11":"pa_volume-70-sv-2","13":"first","14":"instock","15":"taxable","16":"shipping-taxable","17":"purchasable","18":"product-type-simple"},"bundled_by":[],"bundle_stock_status":"instock","bundle_stock_quantity":null,"bundle_virtual":false,"bundle_layout":"","bundle_add_to_cart_form_location":"","bundle_editable_in_cart":false,"bundle_sold_individually_context":"","bundle_item_grouping":"","bundle_min_size":"","bundle_max_size":"","bundle_price":[],"bundled_items":[],"bundle_sell_ids":[],"acf":[],"_links":{"self":[{"href":"https:\/\/www.raschvin.com\/sv\/wp-json\/wp\/v2\/product\/16825","targetHints":{"allow":["GET"]}}],"collection":[{"href":"https:\/\/www.raschvin.com\/sv\/wp-json\/wp\/v2\/product"}],"about":[{"href":"https:\/\/www.raschvin.com\/sv\/wp-json\/wp\/v2\/types\/product"}],"wp:featuredmedia":[{"embeddable":true,"href":"https:\/\/www.raschvin.com\/sv\/wp-json\/wp\/v2\/media\/9028"}],"wp:attachment":[{"href":"https:\/\/www.raschvin.com\/sv\/wp-json\/wp\/v2\/media?parent=16825"}],"wp:term":[{"taxonomy":"product_brand","embeddable":true,"href":"https:\/\/www.raschvin.com\/sv\/wp-json\/wp\/v2\/product_brand?post=16825"},{"taxonomy":"product_cat","embeddable":true,"href":"https:\/\/www.raschvin.com\/sv\/wp-json\/wp\/v2\/product_cat?post=16825"},{"taxonomy":"product_tag","embeddable":true,"href":"https:\/\/www.raschvin.com\/sv\/wp-json\/wp\/v2\/product_tag?post=16825"}],"curies":[{"name":"wp","href":"https:\/\/api.w.org\/{rel}","templated":true}]}}