{"id":16821,"date":"2022-05-30T10:49:06","date_gmt":"2022-05-30T08:49:06","guid":{"rendered":"https:\/\/www.raschvin.com\/vare\/oskar-davidsen-solbaerrom-liquor\/"},"modified":"2022-11-30T08:55:49","modified_gmt":"2022-11-30T07:55:49","slug":"oskar-davidsen-solbaerrom-liquor","status":"publish","type":"product","link":"https:\/\/www.raschvin.com\/sv\/produkt\/oskar-davidsen-solbaerrom-liquor\/","title":{"rendered":"Oskar Davidsen Solb\u00e6rrom 70 cl. 21%"},"content":{"rendered":"<p>Producerad i Danmark, gjord av svarta vinb\u00e4r och olika \u00f6rter tillade Real Jamaica Rom, har en otroligt bekv\u00e4m s\u00f6tma, men ocks\u00e5 en friskhet. Det kan serveras som skott, f\u00f6r evenemang \u00e5ret runt, men ocks\u00e5 g\u00e5r bra till exempel visa ris a la mandde som ett alternativ till portvin.<\/p>\n","protected":false},"excerpt":{"rendered":"<p>Oskar Davidsen &#038; Co. &#8211; Fine Danish Liqueur<\/p>\n","protected":false},"featured_media":8985,"template":"","meta":{"_acf_changed":false,"rs_blank_template":"","rs_page_bg_color":"","slide_template_v7":""},"product_brand":[],"product_cat":[2387,4670,2390],"product_tag":[],"class_list":{"0":"post-16821","1":"product","2":"type-product","3":"status-publish","4":"has-post-thumbnail","6":"product_cat-avec-sv","7":"product_cat-frukt","8":"product_cat-sprit","9":"pa_land-danmark-sv","10":"pa_procent-21-sv","11":"pa_producent-oskar-davidsen-co-sv","12":"pa_volume-70-sv-2","14":"first","15":"instock","16":"taxable","17":"shipping-taxable","18":"purchasable","19":"product-type-simple"},"bundled_by":[],"bundle_stock_status":"instock","bundle_stock_quantity":null,"bundle_virtual":false,"bundle_layout":"","bundle_add_to_cart_form_location":"","bundle_editable_in_cart":false,"bundle_sold_individually_context":"","bundle_item_grouping":"","bundle_min_size":"","bundle_max_size":"","bundle_price":[],"bundled_items":[],"bundle_sell_ids":[],"acf":[],"_links":{"self":[{"href":"https:\/\/www.raschvin.com\/sv\/wp-json\/wp\/v2\/product\/16821","targetHints":{"allow":["GET"]}}],"collection":[{"href":"https:\/\/www.raschvin.com\/sv\/wp-json\/wp\/v2\/product"}],"about":[{"href":"https:\/\/www.raschvin.com\/sv\/wp-json\/wp\/v2\/types\/product"}],"wp:featuredmedia":[{"embeddable":true,"href":"https:\/\/www.raschvin.com\/sv\/wp-json\/wp\/v2\/media\/8985"}],"wp:attachment":[{"href":"https:\/\/www.raschvin.com\/sv\/wp-json\/wp\/v2\/media?parent=16821"}],"wp:term":[{"taxonomy":"product_brand","embeddable":true,"href":"https:\/\/www.raschvin.com\/sv\/wp-json\/wp\/v2\/product_brand?post=16821"},{"taxonomy":"product_cat","embeddable":true,"href":"https:\/\/www.raschvin.com\/sv\/wp-json\/wp\/v2\/product_cat?post=16821"},{"taxonomy":"product_tag","embeddable":true,"href":"https:\/\/www.raschvin.com\/sv\/wp-json\/wp\/v2\/product_tag?post=16821"}],"curies":[{"name":"wp","href":"https:\/\/api.w.org\/{rel}","templated":true}]}}