{"id":16820,"date":"2022-05-30T10:49:06","date_gmt":"2022-05-30T08:49:06","guid":{"rendered":"https:\/\/www.raschvin.com\/vare\/luxardo-maraschino\/"},"modified":"2022-11-23T20:38:18","modified_gmt":"2022-11-23T19:38:18","slug":"luxardo-maraschino","status":"publish","type":"product","link":"https:\/\/www.raschvin.com\/sv\/produkt\/luxardo-maraschino\/","title":{"rendered":"Luxardo Maraschino 70 cl. 32%"},"content":{"rendered":"<p>Den karakteristiska Maraschino-smaken kommer fr\u00e5n Marasca-k\u00f6rsb\u00e4r, och de krossade k\u00f6rsb\u00e4ren ger en mandelliknande smak till Maraschinolik\u00f6ren. Honung \u00e4r ocks\u00e5 en del av det gamla receptet. Destillatet f\u00e5r mogna i tv\u00e5 \u00e5r p\u00e5 finska Ashwood-fat, eftersom detta tr\u00e4 inte ger sin f\u00e4rg till lik\u00f6ren, inte ens efter \u00e5r av lagring, och sedan sp\u00e4ds och s\u00f6tas. Perfekt f\u00f6r drinkar!<\/p>\n<p>En st\u00f6rre \u00e4n vanligt buteljering av Luxardo Maraschino-lik\u00f6r, s\u00e5 ta din Hemingway Daiquiris och g\u00f6r f\u00e4rdiga fruktsallader. Fullpackad med mascara k\u00f6rsb\u00e4r och inslag av mandel, sm\u00f6r och s\u00f6tsaker, kommer denna italienska lik\u00f6r insvept i sin omissk\u00e4nnliga halmjacka.<\/p>\n","protected":false},"excerpt":{"rendered":"<p>Maraschino Originale &#8221;Cherry liqueur&#8221;<\/p>\n","protected":false},"featured_media":8972,"template":"","meta":{"_acf_changed":false,"rs_blank_template":"","rs_page_bg_color":"","slide_template_v7":""},"product_brand":[],"product_cat":[2387,4670,2390],"product_tag":[],"class_list":{"0":"post-16820","1":"product","2":"type-product","3":"status-publish","4":"has-post-thumbnail","6":"product_cat-avec-sv","7":"product_cat-frukt","8":"product_cat-sprit","9":"pa_land-italien-sv","10":"pa_procent-32-sv","11":"pa_producent-luxardo-sv","12":"pa_volume-70-sv-2","14":"first","15":"instock","16":"taxable","17":"shipping-taxable","18":"purchasable","19":"product-type-simple"},"bundled_by":["117463","117563"],"bundle_stock_status":"instock","bundle_stock_quantity":null,"bundle_virtual":false,"bundle_layout":"","bundle_add_to_cart_form_location":"","bundle_editable_in_cart":false,"bundle_sold_individually_context":"","bundle_item_grouping":"","bundle_min_size":"","bundle_max_size":"","bundle_price":[],"bundled_items":[],"bundle_sell_ids":[],"acf":[],"_links":{"self":[{"href":"https:\/\/www.raschvin.com\/sv\/wp-json\/wp\/v2\/product\/16820","targetHints":{"allow":["GET"]}}],"collection":[{"href":"https:\/\/www.raschvin.com\/sv\/wp-json\/wp\/v2\/product"}],"about":[{"href":"https:\/\/www.raschvin.com\/sv\/wp-json\/wp\/v2\/types\/product"}],"wp:featuredmedia":[{"embeddable":true,"href":"https:\/\/www.raschvin.com\/sv\/wp-json\/wp\/v2\/media\/8972"}],"wp:attachment":[{"href":"https:\/\/www.raschvin.com\/sv\/wp-json\/wp\/v2\/media?parent=16820"}],"wp:term":[{"taxonomy":"product_brand","embeddable":true,"href":"https:\/\/www.raschvin.com\/sv\/wp-json\/wp\/v2\/product_brand?post=16820"},{"taxonomy":"product_cat","embeddable":true,"href":"https:\/\/www.raschvin.com\/sv\/wp-json\/wp\/v2\/product_cat?post=16820"},{"taxonomy":"product_tag","embeddable":true,"href":"https:\/\/www.raschvin.com\/sv\/wp-json\/wp\/v2\/product_tag?post=16820"}],"curies":[{"name":"wp","href":"https:\/\/api.w.org\/{rel}","templated":true}]}}