{"id":16817,"date":"2022-05-30T10:49:06","date_gmt":"2022-05-30T08:49:06","guid":{"rendered":"https:\/\/www.raschvin.com\/vare\/original-glencairn-whisky-glasses\/"},"modified":"2022-11-30T08:51:23","modified_gmt":"2022-11-30T07:51:23","slug":"original-glencairn-whisky-glasses","status":"publish","type":"product","link":"https:\/\/www.raschvin.com\/sv\/produkt\/original-glencairn-whisky-glasses\/","title":{"rendered":"Glencairn Whisky Glasses &#8211; 6 pcs"},"content":{"rendered":"<p>Glencairn-glaset \u00e4r utvecklat av Glencairn Crystal i samarbete med masterbl\u00e4ndare fr\u00e5n fem av de st\u00f6rsta whisky-f\u00f6retagen i Skottland. Med sin idealiska form och estetiskt uttryck har det varit &#8221;guldstandarden&#8221; inom smakglas\u00f6gon f\u00f6r andar, och det lyfter upp erfarenheten av en whisky, rom eller brandy med flera niv\u00e5er j\u00e4mf\u00f6rt med exempelvis ett tumblerglas.<\/p>\n<p>Glencairn Crystal i Skottland producerar premiumkvalitetsglas. F\u00f6retaget \u00e4r mest k\u00e4nt f\u00f6r det allest\u00e4des n\u00e4rvarande och essentiella Glencairn Whisky-glaset, men de g\u00f6r ocks\u00e5 en m\u00e4ngd andra glas\u00f6gon samt carafes f\u00f6r lyxiga utg\u00e5vor fr\u00e5n Gordon &#038; MacPhail, Teeling Whisky, Glenfiddich och Dalmore.<\/p>\n","protected":false},"excerpt":{"rendered":"<p>The Official Whisky Glas<\/p>\n","protected":false},"featured_media":8936,"template":"","meta":{"_acf_changed":false,"rs_blank_template":"","rs_page_bg_color":"","slide_template_v7":""},"product_brand":[],"product_cat":[2753,2761],"product_tag":[],"class_list":{"0":"post-16817","1":"product","2":"type-product","3":"status-publish","4":"has-post-thumbnail","6":"product_cat-gaavor","7":"product_cat-tillbehoer","8":"pa_land-skottland","10":"first","11":"instock","12":"sale","13":"taxable","14":"shipping-taxable","15":"purchasable","16":"product-type-simple"},"bundled_by":[],"bundle_stock_status":"instock","bundle_stock_quantity":null,"bundle_virtual":false,"bundle_layout":"","bundle_add_to_cart_form_location":"","bundle_editable_in_cart":false,"bundle_sold_individually_context":"","bundle_item_grouping":"","bundle_min_size":"","bundle_max_size":"","bundle_price":[],"bundled_items":[],"bundle_sell_ids":[],"acf":[],"_links":{"self":[{"href":"https:\/\/www.raschvin.com\/sv\/wp-json\/wp\/v2\/product\/16817","targetHints":{"allow":["GET"]}}],"collection":[{"href":"https:\/\/www.raschvin.com\/sv\/wp-json\/wp\/v2\/product"}],"about":[{"href":"https:\/\/www.raschvin.com\/sv\/wp-json\/wp\/v2\/types\/product"}],"wp:featuredmedia":[{"embeddable":true,"href":"https:\/\/www.raschvin.com\/sv\/wp-json\/wp\/v2\/media\/8936"}],"wp:attachment":[{"href":"https:\/\/www.raschvin.com\/sv\/wp-json\/wp\/v2\/media?parent=16817"}],"wp:term":[{"taxonomy":"product_brand","embeddable":true,"href":"https:\/\/www.raschvin.com\/sv\/wp-json\/wp\/v2\/product_brand?post=16817"},{"taxonomy":"product_cat","embeddable":true,"href":"https:\/\/www.raschvin.com\/sv\/wp-json\/wp\/v2\/product_cat?post=16817"},{"taxonomy":"product_tag","embeddable":true,"href":"https:\/\/www.raschvin.com\/sv\/wp-json\/wp\/v2\/product_tag?post=16817"}],"curies":[{"name":"wp","href":"https:\/\/api.w.org\/{rel}","templated":true}]}}