{"id":16812,"date":"2022-05-30T10:47:47","date_gmt":"2022-05-30T08:47:47","guid":{"rendered":"https:\/\/www.raschvin.com\/vare\/giffard-rhubarbe-20\/"},"modified":"2022-11-17T20:25:06","modified_gmt":"2022-11-17T19:25:06","slug":"giffard-rhubarbe-20","status":"publish","type":"product","link":"https:\/\/www.raschvin.com\/sv\/produkt\/giffard-rhubarbe-20\/","title":{"rendered":"Giffard Rhubarbe 70 cl. 20%"},"content":{"rendered":"<p>Denna l\u00e4tta, s\u00f6ta och fruktiga lik\u00f6r \u00e4r gjord av infusion av gr\u00f6n och pinced rabarber i neutrala andar. Gaffard Rabarber \u00e4r en framtr\u00e4dande och unik lik\u00f6r med s\u00f6ta och fruktiga anteckningar, n\u00e4stan lite blommiga. Utm\u00e4rkt l\u00e4mplig f\u00f6r s\u00f6ta cocktails och kan anv\u00e4ndas b\u00e5de med m\u00f6rka och l\u00e4tta andar.<\/p>\n<p>Allt b\u00f6rjade en varm sommar 1885 &#8230;<\/p>\n<p>Emile Giffard \u00e4r vid apotekspersonal i Angers (Val de Loire). Experimentell och nyfiken b\u00f6rjade han unders\u00f6ka matsm\u00e4ltnings- och uppfriskande f\u00f6rdelar med mynta. Resultatet var en ren, klar och raffinerad mytiker, som han testade p\u00e5 Grand Hotel g\u00e4sterna. Det var omedelbart en framg\u00e5ng.<\/p>\n<p>Emile gjorde sin apotekare till ett destilleri och namngav sin lik\u00f6r Menthe Pastille, som en referens till Mini Pastillers som var mycket popul\u00e4ra vid den tiden.<\/p>\n<p>4 generationer senare, Menthe Pastille \u00e4r fortfarande ett familjef\u00f6retag, d\u00e4r kvalitet fortfarande \u00e4r i framkant.<\/p>\n<p>Idag \u00e4r Goffard erk\u00e4nd som en av v\u00e4rldens b\u00e4sta lik\u00f6rstillverkare med en bred portf\u00f6lj av lik\u00f6rer<\/p>\n","protected":false},"excerpt":{"rendered":"<p>Liqueur de France \u2013 Giffard 1885<\/p>\n","protected":false},"featured_media":29888,"template":"","meta":{"_acf_changed":false,"rs_blank_template":"","rs_page_bg_color":"","slide_template_v7":""},"product_brand":[],"product_cat":[2387,4670,2390],"product_tag":[],"class_list":{"0":"post-16812","1":"product","2":"type-product","3":"status-publish","4":"has-post-thumbnail","6":"product_cat-avec-sv","7":"product_cat-frukt","8":"product_cat-sprit","9":"pa_land-frankrike","10":"pa_procent-20-sv","11":"pa_producent-giffard-sv","12":"pa_volume-70-sv-2","14":"first","15":"instock","16":"taxable","17":"shipping-taxable","18":"purchasable","19":"product-type-simple"},"bundled_by":[],"bundle_stock_status":"instock","bundle_stock_quantity":null,"bundle_virtual":false,"bundle_layout":"","bundle_add_to_cart_form_location":"","bundle_editable_in_cart":false,"bundle_sold_individually_context":"","bundle_item_grouping":"","bundle_min_size":"","bundle_max_size":"","bundle_price":[],"bundled_items":[],"bundle_sell_ids":[],"acf":[],"_links":{"self":[{"href":"https:\/\/www.raschvin.com\/sv\/wp-json\/wp\/v2\/product\/16812","targetHints":{"allow":["GET"]}}],"collection":[{"href":"https:\/\/www.raschvin.com\/sv\/wp-json\/wp\/v2\/product"}],"about":[{"href":"https:\/\/www.raschvin.com\/sv\/wp-json\/wp\/v2\/types\/product"}],"wp:featuredmedia":[{"embeddable":true,"href":"https:\/\/www.raschvin.com\/sv\/wp-json\/wp\/v2\/media\/29888"}],"wp:attachment":[{"href":"https:\/\/www.raschvin.com\/sv\/wp-json\/wp\/v2\/media?parent=16812"}],"wp:term":[{"taxonomy":"product_brand","embeddable":true,"href":"https:\/\/www.raschvin.com\/sv\/wp-json\/wp\/v2\/product_brand?post=16812"},{"taxonomy":"product_cat","embeddable":true,"href":"https:\/\/www.raschvin.com\/sv\/wp-json\/wp\/v2\/product_cat?post=16812"},{"taxonomy":"product_tag","embeddable":true,"href":"https:\/\/www.raschvin.com\/sv\/wp-json\/wp\/v2\/product_tag?post=16812"}],"curies":[{"name":"wp","href":"https:\/\/api.w.org\/{rel}","templated":true}]}}