{"id":16811,"date":"2022-05-30T10:47:47","date_gmt":"2022-05-30T08:47:47","guid":{"rendered":"https:\/\/www.raschvin.com\/vare\/giffard-caramel-toffee-18\/"},"modified":"2022-11-17T20:21:08","modified_gmt":"2022-11-17T19:21:08","slug":"giffard-caramel-toffee-18","status":"publish","type":"product","link":"https:\/\/www.raschvin.com\/sv\/produkt\/giffard-caramel-toffee-18\/","title":{"rendered":"Giffard Caramel Toffee 70 cl. 18%"},"content":{"rendered":"<p>En s\u00f6t och l\u00e4tt kr\u00e4mig karamellllik\u00f6r, som \u00e4r utm\u00e4rkt kyld eller i kaffe. Det kan ocks\u00e5 anv\u00e4ndas f\u00f6r matlagning och \u00e4r s\u00e4rskilt l\u00e4mplig f\u00f6r desserter.<\/p>\n<p>Allt b\u00f6rjade en varm sommar 1885 &#8230;<\/p>\n<p>Emile Giffard \u00e4r vid apotekspersonal i Angers (Val de Loire). Experimentell och nyfiken b\u00f6rjade han unders\u00f6ka matsm\u00e4ltnings- och uppfriskande f\u00f6rdelar med mynta. Resultatet var en ren, klar och raffinerad mytiker, som han testade p\u00e5 Grand Hotel g\u00e4sterna. Det var omedelbart en framg\u00e5ng.<\/p>\n<p>Emile gjorde sin apotekare till ett destilleri och namngav sin lik\u00f6r Menthe Pastille, som en referens till Mini Pastillers som var mycket popul\u00e4ra vid den tiden.<\/p>\n<p>4 generationer senare, Menthe Pastille \u00e4r fortfarande ett familjef\u00f6retag, d\u00e4r kvalitet fortfarande \u00e4r i framkant.<\/p>\n<p>Idag \u00e4r Goffard erk\u00e4nd som en av v\u00e4rldens b\u00e4sta lik\u00f6rstillverkare med en bred portf\u00f6lj av lik\u00f6rer<\/p>\n","protected":false},"excerpt":{"rendered":"<p>Liqueur de France &#8211; Giffard 1885<\/p>\n","protected":false},"featured_media":8879,"template":"","meta":{"_acf_changed":false,"rs_blank_template":"","rs_page_bg_color":"","slide_template_v7":""},"product_brand":[],"product_cat":[4716,2387,2390],"product_tag":[],"class_list":{"0":"post-16811","1":"product","2":"type-product","3":"status-publish","4":"has-post-thumbnail","6":"product_cat-andra-likorer","7":"product_cat-avec-sv","8":"product_cat-sprit","9":"pa_land-frankrike","10":"pa_procent-18-sv","11":"pa_producent-giffard-sv","12":"pa_volume-70-sv-2","14":"first","15":"outofstock","16":"taxable","17":"shipping-taxable","18":"purchasable","19":"product-type-simple"},"bundled_by":[],"bundle_stock_status":"outofstock","bundle_stock_quantity":null,"bundle_virtual":false,"bundle_layout":"","bundle_add_to_cart_form_location":"","bundle_editable_in_cart":false,"bundle_sold_individually_context":"","bundle_item_grouping":"","bundle_min_size":"","bundle_max_size":"","bundle_price":[],"bundled_items":[],"bundle_sell_ids":[],"acf":[],"_links":{"self":[{"href":"https:\/\/www.raschvin.com\/sv\/wp-json\/wp\/v2\/product\/16811","targetHints":{"allow":["GET"]}}],"collection":[{"href":"https:\/\/www.raschvin.com\/sv\/wp-json\/wp\/v2\/product"}],"about":[{"href":"https:\/\/www.raschvin.com\/sv\/wp-json\/wp\/v2\/types\/product"}],"wp:featuredmedia":[{"embeddable":true,"href":"https:\/\/www.raschvin.com\/sv\/wp-json\/wp\/v2\/media\/8879"}],"wp:attachment":[{"href":"https:\/\/www.raschvin.com\/sv\/wp-json\/wp\/v2\/media?parent=16811"}],"wp:term":[{"taxonomy":"product_brand","embeddable":true,"href":"https:\/\/www.raschvin.com\/sv\/wp-json\/wp\/v2\/product_brand?post=16811"},{"taxonomy":"product_cat","embeddable":true,"href":"https:\/\/www.raschvin.com\/sv\/wp-json\/wp\/v2\/product_cat?post=16811"},{"taxonomy":"product_tag","embeddable":true,"href":"https:\/\/www.raschvin.com\/sv\/wp-json\/wp\/v2\/product_tag?post=16811"}],"curies":[{"name":"wp","href":"https:\/\/api.w.org\/{rel}","templated":true}]}}