{"id":16808,"date":"2022-05-30T10:47:47","date_gmt":"2022-05-30T08:47:47","guid":{"rendered":"https:\/\/www.raschvin.com\/vare\/milk-honey-mh-elements-red-wine-cask\/"},"modified":"2022-11-27T13:29:43","modified_gmt":"2022-11-27T12:29:43","slug":"milk-honey-mh-elements-red-wine-cask","status":"publish","type":"product","link":"https:\/\/www.raschvin.com\/sv\/produkt\/milk-honey-mh-elements-red-wine-cask\/","title":{"rendered":"Milk &#038; Honey (M&#038;H) Whisky Distillery \u2013 Elements Red Wine Cask 70 cl. 46%"},"content":{"rendered":"<p>Prova en stor, komplex och elegant singel malt whisky fr\u00e5n mj\u00f6lk och honung destilleri i Israel. Denna utg\u00e5va \u00e4r en del av deras elementserie, och \u00e4r mognad i tidigare anv\u00e4nda r\u00f6da vinr\u00e4tter fr\u00e5n n\u00e5gra av Israels b\u00e4sta vinproducenter.<\/p>\n<p>Medelhavsklimatet, olika marktyper, varma soliga dagar och coola n\u00e4tter utvecklar ett kryddigt och unikt israeliskt vin &#8211; en smakprofil som g\u00e5r bra i span med den israeliska whiskyen. De r\u00f6kiga aromerna och den saltade smaken fr\u00e5n Islay Whisky \u00e4r vackert i kombination med rik vanilj fr\u00e5n mognad under den heta tel Aviv Sun.<\/p>\n<p>Mj\u00f6lk &#038; honung destilleri \u00e4r Israels f\u00f6rsta whisky destilleri. Distilleren \u00e4r bel\u00e4gen i Tel Aviv och har sedan 2012 producerat envalt malt och gin under expertledning fr\u00e5n den nu avlidna Dr. Jim Swan. Deras whisky \u00e4r resultatet av f\u00f6rstklassig &#8221;ny make&#8221;, s\u00e5v\u00e4l som mognad i det varma och torra klimatet i Tel Aviv. P\u00e5 destilleriet uppskattar att whiskyen mognar 2-2.5 tid snabbare \u00e4n i Skottland, bara p\u00e5 grund av den h\u00f6ga v\u00e4rmen.<\/p>\n<p>Arom:<br \/>\nR\u00f6d, torkad frukter med ingef\u00e4ra, ek och k\u00e4nslig kokosn\u00f6t kombinerar en mild, mineralprofil.<\/p>\n<p>Smak:<br \/>\nVinet dominerar smakprofilen men \u00e5tf\u00f6ljs av subtila ek och vanilloner f\u00f6ljt av mjuka blomma element.<\/p>\n<p>Komplettering:<br \/>\nMassor av torr frukt och slut med en touch av russin.<\/p>\n<p>____<\/p>\n<p>Denna whisky kyls inte filtrerad och inneh\u00e5ller inte tillsatt karamelllf\u00e4rg. 46% alk.<\/p>\n<p>M &#038; H-element visar kombinationen av den traditionella destillationsmetoden och snabb, men graci\u00f6s mognad i ett varmt klimat.<\/p>\n<p>Det finns f\u00f6r n\u00e4rvarande tre versioner i elementserien, inklusive Sherry Cask, Peated Cask och Red Wine Cask.<\/p>\n","protected":false},"excerpt":{"rendered":"<p>Israeli Single Malt Whisky<\/p>\n","protected":false},"featured_media":8852,"template":"","meta":{"_acf_changed":false,"rs_blank_template":"","rs_page_bg_color":"","slide_template_v7":""},"product_brand":[],"product_cat":[2387,4651,2392],"product_tag":[],"class_list":{"0":"post-16808","1":"product","2":"type-product","3":"status-publish","4":"has-post-thumbnail","6":"product_cat-avec-sv","7":"product_cat-single-malt-sv","8":"product_cat-whisky-sv","9":"pa_land-israel-sv","10":"pa_procent-46-sv","11":"pa_producent-milk-honey-distillery-sv","12":"pa_region-tel-aviv-sv","13":"pa_volume-70-sv-2","15":"first","16":"instock","17":"sale","18":"taxable","19":"shipping-taxable","20":"purchasable","21":"product-type-simple"},"bundled_by":[],"bundle_stock_status":"instock","bundle_stock_quantity":null,"bundle_virtual":false,"bundle_layout":"","bundle_add_to_cart_form_location":"","bundle_editable_in_cart":false,"bundle_sold_individually_context":"","bundle_item_grouping":"","bundle_min_size":"","bundle_max_size":"","bundle_price":[],"bundled_items":[],"bundle_sell_ids":[],"acf":[],"_links":{"self":[{"href":"https:\/\/www.raschvin.com\/sv\/wp-json\/wp\/v2\/product\/16808","targetHints":{"allow":["GET"]}}],"collection":[{"href":"https:\/\/www.raschvin.com\/sv\/wp-json\/wp\/v2\/product"}],"about":[{"href":"https:\/\/www.raschvin.com\/sv\/wp-json\/wp\/v2\/types\/product"}],"wp:featuredmedia":[{"embeddable":true,"href":"https:\/\/www.raschvin.com\/sv\/wp-json\/wp\/v2\/media\/8852"}],"wp:attachment":[{"href":"https:\/\/www.raschvin.com\/sv\/wp-json\/wp\/v2\/media?parent=16808"}],"wp:term":[{"taxonomy":"product_brand","embeddable":true,"href":"https:\/\/www.raschvin.com\/sv\/wp-json\/wp\/v2\/product_brand?post=16808"},{"taxonomy":"product_cat","embeddable":true,"href":"https:\/\/www.raschvin.com\/sv\/wp-json\/wp\/v2\/product_cat?post=16808"},{"taxonomy":"product_tag","embeddable":true,"href":"https:\/\/www.raschvin.com\/sv\/wp-json\/wp\/v2\/product_tag?post=16808"}],"curies":[{"name":"wp","href":"https:\/\/api.w.org\/{rel}","templated":true}]}}