{"id":16791,"date":"2022-05-30T10:44:43","date_gmt":"2022-05-30T08:44:43","guid":{"rendered":"https:\/\/www.raschvin.com\/vare\/flugel-flugel-vodka-shot-10-40x2-cl\/"},"modified":"2022-11-17T13:48:26","modified_gmt":"2022-11-17T12:48:26","slug":"flugel-fluegel-vodka-shot-10-40x2-cl","status":"publish","type":"product","link":"https:\/\/www.raschvin.com\/sv\/produkt\/flugel-fluegel-vodka-shot-10-40x2-cl\/","title":{"rendered":"Flugel \/ Fl\u00fcgel Vodka Shot 40&#215;2 cl. 10%"},"content":{"rendered":"<p>&#8221;L\u00e5t ankorna ut&#8221;<\/p>\n<p>40 x 2 cl<\/p>\n<p>Pissa festen med Fl\u00fcgel, k\u00e4nd f\u00f6r att vara fulla utan h\u00e4nderna. Fl\u00fcgel \u00e4r inte bara en festdrink, men ett underh\u00e5llande element i hela festligheten. Med smaken av s\u00f6ta b\u00e4r, energidryck och vodka \u00e4r du s\u00e4krad en festuppdatering ut\u00f6ver det vanliga.<\/p>\n","protected":false},"excerpt":{"rendered":"<p>Flavoured Energy-Raspberry Drink<\/p>\n","protected":false},"featured_media":8688,"template":"","meta":{"_acf_changed":false,"rs_blank_template":"","rs_page_bg_color":"","slide_template_v7":""},"product_brand":[],"product_cat":[2387,4670,2407,2390,2402],"product_tag":[],"class_list":{"0":"post-16791","1":"product","2":"type-product","3":"status-publish","4":"has-post-thumbnail","6":"product_cat-avec-sv","7":"product_cat-frukt","8":"product_cat-shots-sv","9":"product_cat-sprit","10":"product_cat-sprit-sv","11":"pa_land-nederlaenderna","12":"pa_procent-10-sv","13":"pa_producent-fuegel-sv","14":"pa_volume-80-sv","16":"first","17":"instock","18":"taxable","19":"shipping-taxable","20":"purchasable","21":"product-type-simple"},"bundled_by":[],"bundle_stock_status":"instock","bundle_stock_quantity":null,"bundle_virtual":false,"bundle_layout":"","bundle_add_to_cart_form_location":"","bundle_editable_in_cart":false,"bundle_sold_individually_context":"","bundle_item_grouping":"","bundle_min_size":"","bundle_max_size":"","bundle_price":[],"bundled_items":[],"bundle_sell_ids":[],"acf":[],"_links":{"self":[{"href":"https:\/\/www.raschvin.com\/sv\/wp-json\/wp\/v2\/product\/16791","targetHints":{"allow":["GET"]}}],"collection":[{"href":"https:\/\/www.raschvin.com\/sv\/wp-json\/wp\/v2\/product"}],"about":[{"href":"https:\/\/www.raschvin.com\/sv\/wp-json\/wp\/v2\/types\/product"}],"wp:featuredmedia":[{"embeddable":true,"href":"https:\/\/www.raschvin.com\/sv\/wp-json\/wp\/v2\/media\/8688"}],"wp:attachment":[{"href":"https:\/\/www.raschvin.com\/sv\/wp-json\/wp\/v2\/media?parent=16791"}],"wp:term":[{"taxonomy":"product_brand","embeddable":true,"href":"https:\/\/www.raschvin.com\/sv\/wp-json\/wp\/v2\/product_brand?post=16791"},{"taxonomy":"product_cat","embeddable":true,"href":"https:\/\/www.raschvin.com\/sv\/wp-json\/wp\/v2\/product_cat?post=16791"},{"taxonomy":"product_tag","embeddable":true,"href":"https:\/\/www.raschvin.com\/sv\/wp-json\/wp\/v2\/product_tag?post=16791"}],"curies":[{"name":"wp","href":"https:\/\/api.w.org\/{rel}","templated":true}]}}