{"id":16784,"date":"2022-05-30T10:44:43","date_gmt":"2022-05-30T08:44:43","guid":{"rendered":"https:\/\/www.raschvin.com\/vare\/diplomatico-no-3-pot-still-dist-collection\/"},"modified":"2022-11-14T18:44:59","modified_gmt":"2022-11-14T17:44:59","slug":"diplomatico-no-3-pot-still-dist-collection","status":"publish","type":"product","link":"https:\/\/www.raschvin.com\/sv\/produkt\/diplomatico-no-3-pot-still-dist-collection\/","title":{"rendered":"Diplom\u00e1tico No.3 Pot Still Rum 70 cl. 47%"},"content":{"rendered":"<p>Den v\u00e4lk\u00e4nda diplomatico Rom, som tillh\u00f6r Venezuela vid foten av Andesfj\u00e4llen, har lanserat en &#8221;destilleriuppsamling&#8221; -serie (nr 1 och nr 2), d\u00e4r b\u00e5de tillverkningsmetoden och de anv\u00e4nda destillorna \u00e4r olika.<\/p>\n<p>Diplomatico Distillery Collection No 3 Pot Fortfarande \u00e4r gjord p\u00e5 endast \u00e4ldre kopparpottstillkor, frakt till Diplomatico La Miel Distillery 1959 fr\u00e5n Skottland, d\u00e4r de ursprungligen anv\u00e4ndes f\u00f6r att producera whisky. Diplomatico Distillery Collection No 3 \u00e4r ett komplext rum som \u00e4r gjord p\u00e5 den b\u00e4sta kvaliteten p\u00e5 sugarshonning och lagras p\u00e5 mindre vita amerikanska ekfat tills du har uppn\u00e5tt full mognad. N\u00e4sa: R\u00f6d och tropisk frukter, toffee och vanilj anteckningar. Smak: V\u00e4lbalanserad, ek fr\u00e5n sk\u00e5len i kombination med kaffe och anteckningar av m\u00f6rk choklad. 47% ABV &#8211; 70 cl.<\/p>\n","protected":false},"excerpt":{"rendered":"<p>Ron de Venezuela &#8211; Distillery Collection<\/p>\n","protected":false},"featured_media":31082,"template":"","meta":{"_acf_changed":false,"rs_blank_template":"","rs_page_bg_color":"","slide_template_v7":""},"product_brand":[],"product_cat":[4634,2387,2391],"product_tag":[],"class_list":{"0":"post-16784","1":"product","2":"type-product","3":"status-publish","4":"has-post-thumbnail","6":"product_cat-premium-aged-sv","7":"product_cat-avec-sv","8":"product_cat-rom-sv","9":"pa_land-venezuela-sv","10":"pa_procent-47-sv","11":"pa_producent-destilerias-unidas-s-a-sv","12":"pa_volume-70-sv-2","14":"first","15":"outofstock","16":"taxable","17":"shipping-taxable","18":"purchasable","19":"product-type-simple"},"bundled_by":[],"bundle_stock_status":"outofstock","bundle_stock_quantity":null,"bundle_virtual":false,"bundle_layout":"","bundle_add_to_cart_form_location":"","bundle_editable_in_cart":false,"bundle_sold_individually_context":"","bundle_item_grouping":"","bundle_min_size":"","bundle_max_size":"","bundle_price":[],"bundled_items":[],"bundle_sell_ids":[],"acf":[],"_links":{"self":[{"href":"https:\/\/www.raschvin.com\/sv\/wp-json\/wp\/v2\/product\/16784","targetHints":{"allow":["GET"]}}],"collection":[{"href":"https:\/\/www.raschvin.com\/sv\/wp-json\/wp\/v2\/product"}],"about":[{"href":"https:\/\/www.raschvin.com\/sv\/wp-json\/wp\/v2\/types\/product"}],"wp:featuredmedia":[{"embeddable":true,"href":"https:\/\/www.raschvin.com\/sv\/wp-json\/wp\/v2\/media\/31082"}],"wp:attachment":[{"href":"https:\/\/www.raschvin.com\/sv\/wp-json\/wp\/v2\/media?parent=16784"}],"wp:term":[{"taxonomy":"product_brand","embeddable":true,"href":"https:\/\/www.raschvin.com\/sv\/wp-json\/wp\/v2\/product_brand?post=16784"},{"taxonomy":"product_cat","embeddable":true,"href":"https:\/\/www.raschvin.com\/sv\/wp-json\/wp\/v2\/product_cat?post=16784"},{"taxonomy":"product_tag","embeddable":true,"href":"https:\/\/www.raschvin.com\/sv\/wp-json\/wp\/v2\/product_tag?post=16784"}],"curies":[{"name":"wp","href":"https:\/\/api.w.org\/{rel}","templated":true}]}}