{"id":16780,"date":"2022-05-30T10:43:03","date_gmt":"2022-05-30T08:43:03","guid":{"rendered":"https:\/\/www.raschvin.com\/vare\/pierre-ferrand-10-generations\/"},"modified":"2022-11-30T16:35:55","modified_gmt":"2022-11-30T15:35:55","slug":"pierre-ferrand-10-generations","status":"publish","type":"product","link":"https:\/\/www.raschvin.com\/sv\/produkt\/pierre-ferrand-10-generations\/","title":{"rendered":"Cognac Pierre Ferrand &#8211; 10 Generations 50 cl. 46%"},"content":{"rendered":"<p>Pierre Ferrand 10 Generation \u00e4r en hyllning till de 10 generationerna i Ferrand-familjen, som har arbetat med den \u00e4dla drycken i Grande Champagne sedan 1630. Omkring 20% \u200b\u200bav blandningen \u00e4r lagrad p\u00e5 Fade som tidigare har inneburit Sauternes &#8211; Frankrikes kanske mest k\u00e4nda efterr\u00e4tt vin. Detta ger konjaken en elegant s\u00f6tma, som stunnar men med kraften fr\u00e5n 46% alkohol.<\/p>\n<p>F\u00e4rg: Ljus gyllene.<br \/>\nDoft: rostade n\u00f6tter, f\u00e4rska persikor och ljung sinne.<br \/>\nSmak Anm\u00e4rkningar: Mjuk och rund med smak av aprikoser och en diskret honungliknande s\u00f6tma.<\/p>\n<p>Serveringsf\u00f6rslag: Kan vara berusad, som digestif efter en god m\u00e5ltid, eller eventuellt. I cocktails &#8211; prova det i en brandy crusta!<\/p>\n<p>Maison Ferrand, listad av Spiritus Guru Alexandre Gabriel, \u00e4r f\u00f6retaget bakom n\u00e5gra av de viktigaste cognac, Rom och gins i det moderna andliga landskapet. Under paraplyet finns bland annat Pierre Ferrand Cognac, Plantation Space och Citadelle Gin, Rom under varum\u00e4rket Kanich\u00e9 och Cognac under namnet Claude Chatelier. Dessutom produceras ett antal lyx, s\u00e4rskilt deras Cura\u00e7ao har str\u00e4ckt entusiasm i cocktailbarer \u00f6ver hela v\u00e4rlden. F\u00f6retaget omfattar brett, men vanligt f\u00f6r varje en droppe \u00e4r ett obetydlig engagemang f\u00f6r kvalitet.<\/p>\n<p>Maison Ferrand skapades med ett uppdrag: f\u00f6r att bevara Frankrikes gastronomiska skatter. Alexandre har gjort en dygd av andningslivet i gamla och l\u00e5ngvariga traditioner, och den eviga l\u00e4rda fransmannen \u00e4r bland annat k\u00e4nda f\u00f6r att g\u00e5 upp och k\u00f6pa gamla arkiv fr\u00e5n konkurshus, f\u00f6r att l\u00e4ra sig mer om tidigare produktionsmetoder. Men vid Ferrand f\u00f6rst\u00e5r ocks\u00e5 v\u00e4rdet av f\u00f6rnyelse, och idag uppskattar innovationen s\u00e5 h\u00f6g som tradition. Detta ses tydligt i varum\u00e4rket Citadelle Gin. F\u00f6r att kunna destillera gin i konjak, i fem \u00e5r byr\u00e5kratisk kamp mot omr\u00e5dets envisa spritjakter.<\/p>\n<p>Sedan dess har f\u00f6retaget spridit sig bortom Frankrikes gr\u00e4nser, och idag \u00e4r Ferrand kanske mest k\u00e4nt f\u00f6r sin serie Rom. Under namnet f\u00f6rv\u00e4rv f\u00f6rv\u00e4rvar Alexandre Rom fr\u00e5n m\u00e5nga olika l\u00e4nder i Karibien och avst\u00e5r dem i Frankrike p\u00e5 Cognac-r\u00e4tter. I serien finns Rom f\u00f6r b\u00e5de nyb\u00f6rjaren och nyckeln, f\u00f6r b\u00e5de Daiquiria och Glencairn Glasset. \u00c5r 2017 k\u00f6pte f\u00f6retaget Barbados Distillery West Indies Rum Distillery, och har nu ocks\u00e5 sin egen ROM-produktion fr\u00e5n b\u00f6rjan.<\/p>\n","protected":false},"excerpt":{"rendered":"<p>Cognac\u00a0Grand Champagne de France &#8211; Maison Ferrand<\/p>\n","protected":false},"featured_media":30626,"template":"","meta":{"_acf_changed":false,"rs_blank_template":"","rs_page_bg_color":"","slide_template_v7":""},"product_brand":[],"product_cat":[2387,2389,8359,4606],"product_tag":[],"class_list":{"0":"post-16780","1":"product","2":"type-product","3":"status-publish","4":"has-post-thumbnail","6":"product_cat-avec-sv","7":"product_cat-cognac-sv","8":"product_cat-planteray-sv","9":"product_cat-v-s-o-p-sv","10":"pa_land-frankrike","11":"pa_procent-46-sv","12":"pa_producent-maison-ferrand-sv","13":"pa_region-cognac-sv","14":"pa_volume-50-sv","16":"first","17":"instock","18":"sale","19":"taxable","20":"shipping-taxable","21":"purchasable","22":"product-type-simple"},"bundled_by":[],"bundle_stock_status":"instock","bundle_stock_quantity":null,"bundle_virtual":false,"bundle_layout":"","bundle_add_to_cart_form_location":"","bundle_editable_in_cart":false,"bundle_sold_individually_context":"","bundle_item_grouping":"","bundle_min_size":"","bundle_max_size":"","bundle_price":[],"bundled_items":[],"bundle_sell_ids":[],"acf":[],"_links":{"self":[{"href":"https:\/\/www.raschvin.com\/sv\/wp-json\/wp\/v2\/product\/16780","targetHints":{"allow":["GET"]}}],"collection":[{"href":"https:\/\/www.raschvin.com\/sv\/wp-json\/wp\/v2\/product"}],"about":[{"href":"https:\/\/www.raschvin.com\/sv\/wp-json\/wp\/v2\/types\/product"}],"wp:featuredmedia":[{"embeddable":true,"href":"https:\/\/www.raschvin.com\/sv\/wp-json\/wp\/v2\/media\/30626"}],"wp:attachment":[{"href":"https:\/\/www.raschvin.com\/sv\/wp-json\/wp\/v2\/media?parent=16780"}],"wp:term":[{"taxonomy":"product_brand","embeddable":true,"href":"https:\/\/www.raschvin.com\/sv\/wp-json\/wp\/v2\/product_brand?post=16780"},{"taxonomy":"product_cat","embeddable":true,"href":"https:\/\/www.raschvin.com\/sv\/wp-json\/wp\/v2\/product_cat?post=16780"},{"taxonomy":"product_tag","embeddable":true,"href":"https:\/\/www.raschvin.com\/sv\/wp-json\/wp\/v2\/product_tag?post=16780"}],"curies":[{"name":"wp","href":"https:\/\/api.w.org\/{rel}","templated":true}]}}