{"id":16774,"date":"2022-05-30T10:43:03","date_gmt":"2022-05-30T08:43:03","guid":{"rendered":"https:\/\/www.raschvin.com\/vare\/nordso-bitter-30\/"},"modified":"2022-11-29T12:40:39","modified_gmt":"2022-11-29T11:40:39","slug":"nordsoe-bitter-30","status":"publish","type":"product","link":"https:\/\/www.raschvin.com\/sv\/produkt\/nordsoe-bitter-30\/","title":{"rendered":"Nords\u00f8 Bitter 70 cl. 30%"},"content":{"rendered":"<p>Nords\u00f8 Bitter, \u00e4ven k\u00e4nd som Nordsj\u00f6n olja, efter 25 \u00e5rs fr\u00e4mmande h\u00e4nder \u00e5terv\u00e4nde till familjen i Danmark, som ursprungligen utvecklade det ursprungliga receptet och introducerade Nordsj\u00f6n bitter f\u00f6r danskarna tillbaka 1981.<\/p>\n<p>Nordsj\u00f6n bitter \u00e4r baserad p\u00e5 de b\u00e4sta r\u00e5varorna och tillagt, bland annat licenspulver, h\u00e4rledd fr\u00e5n lakritsrot f\u00f6r att uppn\u00e5 r\u00e4tt lakritsmak. Verklig lakrits kombinerad med en hemlig Spice Mix ger Nordsj\u00f6n bitter en s\u00e4rskilt v\u00e4lsmakande och elegant bitter smak.<\/p>\n<p>Nordsj\u00f6n bitter serveras vid rumstemperatur och kan avnjutas som morgonb\u00f6ter eller genom festliga tillf\u00e4llen. Skaka f\u00f6re servering.<\/p>\n","protected":false},"excerpt":{"rendered":"<p>Licorice Shot &#8211; Spritfabrikken Danmark<\/p>\n","protected":false},"featured_media":8485,"template":"","meta":{"_acf_changed":false,"rs_blank_template":"","rs_page_bg_color":"","slide_template_v7":""},"product_brand":[],"product_cat":[2394,2743,2407,2402],"product_tag":[],"class_list":{"0":"post-16774","1":"product","2":"type-product","3":"status-publish","4":"has-post-thumbnail","6":"product_cat-bitter-sv","7":"product_cat-brannvin-sv","8":"product_cat-shots-sv","9":"product_cat-sprit-sv","10":"pa_land-danmark-sv","11":"pa_procent-30-sv","12":"pa_producent-spritfabrikken-danmark-sv","13":"pa_volume-70-sv-2","15":"first","16":"instock","17":"taxable","18":"shipping-taxable","19":"purchasable","20":"product-type-simple"},"bundled_by":[],"bundle_stock_status":"instock","bundle_stock_quantity":null,"bundle_virtual":false,"bundle_layout":"","bundle_add_to_cart_form_location":"","bundle_editable_in_cart":false,"bundle_sold_individually_context":"","bundle_item_grouping":"","bundle_min_size":"","bundle_max_size":"","bundle_price":[],"bundled_items":[],"bundle_sell_ids":[],"acf":[],"_links":{"self":[{"href":"https:\/\/www.raschvin.com\/sv\/wp-json\/wp\/v2\/product\/16774","targetHints":{"allow":["GET"]}}],"collection":[{"href":"https:\/\/www.raschvin.com\/sv\/wp-json\/wp\/v2\/product"}],"about":[{"href":"https:\/\/www.raschvin.com\/sv\/wp-json\/wp\/v2\/types\/product"}],"wp:featuredmedia":[{"embeddable":true,"href":"https:\/\/www.raschvin.com\/sv\/wp-json\/wp\/v2\/media\/8485"}],"wp:attachment":[{"href":"https:\/\/www.raschvin.com\/sv\/wp-json\/wp\/v2\/media?parent=16774"}],"wp:term":[{"taxonomy":"product_brand","embeddable":true,"href":"https:\/\/www.raschvin.com\/sv\/wp-json\/wp\/v2\/product_brand?post=16774"},{"taxonomy":"product_cat","embeddable":true,"href":"https:\/\/www.raschvin.com\/sv\/wp-json\/wp\/v2\/product_cat?post=16774"},{"taxonomy":"product_tag","embeddable":true,"href":"https:\/\/www.raschvin.com\/sv\/wp-json\/wp\/v2\/product_tag?post=16774"}],"curies":[{"name":"wp","href":"https:\/\/api.w.org\/{rel}","templated":true}]}}