{"id":16772,"date":"2022-05-30T10:41:34","date_gmt":"2022-05-30T08:41:34","guid":{"rendered":"https:\/\/www.raschvin.com\/vare\/calvados-reserve-pays-dauge\/"},"modified":"2022-11-08T16:01:31","modified_gmt":"2022-11-08T15:01:31","slug":"calvados-reserve-pays-dauge","status":"publish","type":"product","link":"https:\/\/www.raschvin.com\/sv\/produkt\/calvados-reserve-pays-dauge\/","title":{"rendered":"Calvados Christian Drouin &#8211; Reserve Pays d\u00b4Auge 70 cl. 40%"},"content":{"rendered":"<p>Komplex och rik calvados-blandning, som produceras i Bittersweet och s\u00f6ta \u00e4pplen med dubbelt destillation i kopparpannor. Lagras fr\u00e4mst p\u00e5 sm\u00e5, gamla, begagnade ekr\u00e4tter. Ljus, trevligt och gyllene i f\u00e4rg som h\u00f6st i Normandie. Aromen spelar p\u00e5 flera nycklar med antydan av \u00e4pplen, naturligtvis, l\u00f6nnsirap, citrusfrukter, kryddor och mandel.<\/p>\n<p>Calvadosuset Christian Drouin grundades omedelbart efter andra v\u00e4rldskriget i Christian Drouin, som hade satt sig p\u00e5 m\u00e5let att producera v\u00e4rldens absoluta b\u00e4sta Calvados. Detta fick honom i den f\u00f6rsta omstruktureringen f\u00f6r att s\u00f6ka omr\u00e5dets mindre vinb\u00f6nder att k\u00f6pa sina best\u00e5nd av Calvados, som l\u00e5g h\u00f6rnstenen till den exceptionella samlingen av Vintage Calvados. \u00c5r 1960 beslutade Christian Drouin att ta steget helt och producera sina egna Calvados. Det borde dock g\u00e5 19 \u00e5r innan han k\u00e4nde att samlingen av gamla Eau de Vies i kombination med sin egen produktion var tillr\u00e4ckligt bra f\u00f6r att han kunde sl\u00e4ppa de f\u00f6rsta Calvados i husets eget namn. Sedan dess har Christian Drouin haft en enorm framg\u00e5ng, och idag kan du tillbaka f\u00f6r att ha f\u00e5tt fler priser och premier f\u00f6r produktsortimentet \u00e4n alla andra Calvados tillverkare tillsammans! Idag \u00e4r det sonen, kristen druin d. 2, som har tagit \u00f6ver. F\u00f6rutom de s\u00e5 k\u00e4nda VintageCalvados, som str\u00e4cker sig tillbaka till 1939, producerar huset ocks\u00e5 ett antal fantastiska blandningar, Pommeau och Corders.<\/p>\n","protected":false},"excerpt":{"rendered":"<p>Appellation Calvados Contr\u00f4lee \u2013 France<\/p>\n","protected":false},"featured_media":8468,"template":"","meta":{"_acf_changed":false,"rs_blank_template":"","rs_page_bg_color":"","slide_template_v7":""},"product_brand":[],"product_cat":[2387,2743,2396],"product_tag":[],"class_list":{"0":"post-16772","1":"product","2":"type-product","3":"status-publish","4":"has-post-thumbnail","6":"product_cat-avec-sv","7":"product_cat-brannvin-sv","8":"product_cat-calvados-sv","9":"pa_land-frankrike","10":"pa_procent-40-sv-2","11":"pa_producent-christian-drouin-sv","12":"pa_region-calvados-sv","13":"pa_volume-70-sv-2","15":"first","16":"instock","17":"taxable","18":"shipping-taxable","19":"purchasable","20":"product-type-simple"},"bundled_by":[],"bundle_stock_status":"instock","bundle_stock_quantity":null,"bundle_virtual":false,"bundle_layout":"","bundle_add_to_cart_form_location":"","bundle_editable_in_cart":false,"bundle_sold_individually_context":"","bundle_item_grouping":"","bundle_min_size":"","bundle_max_size":"","bundle_price":[],"bundled_items":[],"bundle_sell_ids":[],"acf":[],"_links":{"self":[{"href":"https:\/\/www.raschvin.com\/sv\/wp-json\/wp\/v2\/product\/16772","targetHints":{"allow":["GET"]}}],"collection":[{"href":"https:\/\/www.raschvin.com\/sv\/wp-json\/wp\/v2\/product"}],"about":[{"href":"https:\/\/www.raschvin.com\/sv\/wp-json\/wp\/v2\/types\/product"}],"wp:featuredmedia":[{"embeddable":true,"href":"https:\/\/www.raschvin.com\/sv\/wp-json\/wp\/v2\/media\/8468"}],"wp:attachment":[{"href":"https:\/\/www.raschvin.com\/sv\/wp-json\/wp\/v2\/media?parent=16772"}],"wp:term":[{"taxonomy":"product_brand","embeddable":true,"href":"https:\/\/www.raschvin.com\/sv\/wp-json\/wp\/v2\/product_brand?post=16772"},{"taxonomy":"product_cat","embeddable":true,"href":"https:\/\/www.raschvin.com\/sv\/wp-json\/wp\/v2\/product_cat?post=16772"},{"taxonomy":"product_tag","embeddable":true,"href":"https:\/\/www.raschvin.com\/sv\/wp-json\/wp\/v2\/product_tag?post=16772"}],"curies":[{"name":"wp","href":"https:\/\/api.w.org\/{rel}","templated":true}]}}