{"id":16761,"date":"2025-10-04T10:51:04","date_gmt":"2025-10-04T08:51:04","guid":{"rendered":"https:\/\/www.raschvin.com\/vare\/ardor-isle-of-fiona-danish-oak-batch-167\/"},"modified":"2025-10-04T11:15:58","modified_gmt":"2025-10-04T09:15:58","slug":"ardor-isle-of-fiona-danish-oak-batch-167","status":"publish","type":"product","link":"https:\/\/www.raschvin.com\/sv\/produkt\/ardor-isle-of-fiona-danish-oak-batch-167\/","title":{"rendered":"Isle Of Fionia \u2013 Danish Oak (DK) (ECO) 70 cl. 46%"},"content":{"rendered":"<p>Doften \u00e4r frisk och l\u00e4tt kryddig med inslag av p\u00e4ron, honung och aprikos.<\/p>\n<p>I smaken \u00e5terfinns honung och aprikos, men mer framtr\u00e4dande \u00e4r toner av hasseln\u00f6tter och kryddor.<\/p>\n<p>Eftersmaken \u00e4r fyllig, l\u00e5ng och mycket behaglig \u2013 en elegant whisky.<br \/>\nPassar utm\u00e4rkt till klassiskt danskt sm\u00f8rrebr\u00f8d, s\u00e4rskilt till r\u00e4tter med fet fisk och lagrade ostar.<\/p>\n<p>Single malt, ofiltrerad, ekologisk och utan tillsatt f\u00e4rg.<br \/>\nDetta \u00e4r en whisky som lagrats p\u00e5 fat av dansk ek.<br \/>\nIsle of Fionia Danish Oak har en fruktig smakprofil med toner av p\u00e4ron, n\u00f6tter och vackra ek\u00adtanniner. Whiskyn har f\u00e5tt sin unika karakt\u00e4r genom lagring p\u00e5 fat av dansk ek fr\u00e5n Fyn \u2013 av tr\u00e4slaget Quercus Robur, p\u00e5 svenska kallad stj\u00e4lkek eller vanlig ek.<\/p>\n<p>F\u00f6r oss \u00e4r Isle of Fionia Danish Oak mer \u00e4n bara en whisky \u2013 det \u00e4r ett hj\u00e4rteprojekt som vittnar om den fantastiska f\u00f6rvandlingsprocess som b\u00e5de fat och whisky genomg\u00e5r f\u00f6r att skapa n\u00e5got s\u00e5 harmoniskt och uttrycksfullt.<\/p>\n<p>Denna ekologiska whisky har mognat p\u00e5 ekfat tillverkade av tr\u00e4d fr\u00e5n Erholm Gods p\u00e5 Fyn. F\u00f6rutom att ektr\u00e4et ger whiskyn en uts\u00f6kt smak, ber\u00e4ttar det ocks\u00e5 en historia \u2013 om hur denna whiskys resa b\u00f6rjade redan i slutet av 1800-talet, n\u00e4r ett ekollon s\u00e5ddes vid Erholm Gods och v\u00e4xte till ett st\u00e5tligt tr\u00e4d, som l\u00e5ngt senare blev till de fat d\u00e4r whiskyn nu mognar.<\/p>\n<p>100 % ekologisk whisky. Destillerad vid Nyborg Destilleri.<\/p>\n","protected":false},"excerpt":{"rendered":"<p>Single Malt Danish Whisky \u2013 Nyborg Destilleri<\/p>\n","protected":false},"featured_media":8346,"template":"","meta":{"_acf_changed":false,"rs_blank_template":"","rs_page_bg_color":"","slide_template_v7":""},"product_brand":[],"product_cat":[2387,4651,2392],"product_tag":[],"class_list":{"0":"post-16761","1":"product","2":"type-product","3":"status-publish","4":"has-post-thumbnail","6":"product_cat-avec-sv","7":"product_cat-single-malt-sv","8":"product_cat-whisky-sv","9":"pa_land-danmark-sv","10":"pa_oekologisk-organisk","11":"pa_procent-46-sv","12":"pa_producent-nyborg-destilleri-sv","13":"pa_region-fyn-sv","14":"pa_traefad-danish-oak-sv","15":"pa_volume-70-sv-2","17":"first","18":"instock","19":"sale","20":"taxable","21":"shipping-taxable","22":"purchasable","23":"product-type-simple"},"bundled_by":[],"bundle_stock_status":"instock","bundle_stock_quantity":null,"bundle_virtual":false,"bundle_layout":"","bundle_add_to_cart_form_location":"","bundle_editable_in_cart":false,"bundle_sold_individually_context":"","bundle_item_grouping":"","bundle_min_size":"","bundle_max_size":"","bundle_price":[],"bundled_items":[],"bundle_sell_ids":[],"acf":[],"_links":{"self":[{"href":"https:\/\/www.raschvin.com\/sv\/wp-json\/wp\/v2\/product\/16761","targetHints":{"allow":["GET"]}}],"collection":[{"href":"https:\/\/www.raschvin.com\/sv\/wp-json\/wp\/v2\/product"}],"about":[{"href":"https:\/\/www.raschvin.com\/sv\/wp-json\/wp\/v2\/types\/product"}],"wp:featuredmedia":[{"embeddable":true,"href":"https:\/\/www.raschvin.com\/sv\/wp-json\/wp\/v2\/media\/8346"}],"wp:attachment":[{"href":"https:\/\/www.raschvin.com\/sv\/wp-json\/wp\/v2\/media?parent=16761"}],"wp:term":[{"taxonomy":"product_brand","embeddable":true,"href":"https:\/\/www.raschvin.com\/sv\/wp-json\/wp\/v2\/product_brand?post=16761"},{"taxonomy":"product_cat","embeddable":true,"href":"https:\/\/www.raschvin.com\/sv\/wp-json\/wp\/v2\/product_cat?post=16761"},{"taxonomy":"product_tag","embeddable":true,"href":"https:\/\/www.raschvin.com\/sv\/wp-json\/wp\/v2\/product_tag?post=16761"}],"curies":[{"name":"wp","href":"https:\/\/api.w.org\/{rel}","templated":true}]}}