{"id":16754,"date":"2022-05-30T10:40:04","date_gmt":"2022-05-30T08:40:04","guid":{"rendered":"https:\/\/www.raschvin.com\/vare\/deanston-chieftains-18-years\/"},"modified":"2022-11-14T13:50:39","modified_gmt":"2022-11-14T12:50:39","slug":"deanston-chieftains-18-years","status":"publish","type":"product","link":"https:\/\/www.raschvin.com\/sv\/produkt\/deanston-chieftains-18-years\/","title":{"rendered":"Deanston 18 Years Chieftain&#8217;s Choice 2000 70 cl. 49,8%"},"content":{"rendered":"<p>Denna Deanston 2000 18 \u00e5r Red Wine Finish Chieftain destillerades i juni 2000 och mognad i ett enda fat # 92701 innan det var moget kort i en r\u00f6d vind. Det var flaska 18 \u00e5r senare i maj 2019 med ett utbyte av endast 420 flaskor.<\/p>\n<p>Smak Anm\u00e4rkningar:<br \/>\nEn vacker tappning fr\u00e5n Deanston Highland Distillery. Denna tappning av ett enda fat fick en annan mognad i en r\u00f6dlinje, vilket gav den l\u00e4tta, torra och f\u00e4rska Deanston-karakt\u00e4rsdjupet och smidighet.<\/p>\n<p>Br\u00e4nneri:<br \/>\nDeanston Distiller byggdes i en gammal bomullsfabrik. 1800-talets flair \u00f6verallt i lokalerna. Efter st\u00e4ngning i mitten av 80-talet \u00e5terupptogs produktionen 1991. Denna Deanston kyldes inte och tillverkades av lokal korn.<br \/>\nBurn Stewart flaskade ocks\u00e5 den nya Deanston-flaskan med ett h\u00f6gre alkoholinneh\u00e5ll.<\/p>\n","protected":false},"excerpt":{"rendered":"<p>Limited Single Malt Scotch Whisky<\/p>\n","protected":false},"featured_media":8282,"template":"","meta":{"_acf_changed":false,"rs_blank_template":"","rs_page_bg_color":"","slide_template_v7":""},"product_brand":[],"product_cat":[2387,4651,2392],"product_tag":[],"class_list":{"0":"post-16754","1":"product","2":"type-product","3":"status-publish","4":"has-post-thumbnail","6":"product_cat-avec-sv","7":"product_cat-single-malt-sv","8":"product_cat-whisky-sv","9":"pa_champagne-type-single-cask-sv","10":"pa_land-skottland","11":"pa_procent-49-8-sv","12":"pa_producent-ian-macleod-distillers-sv","13":"pa_region-highland-sv","14":"pa_vintage-2000-sv","15":"pa_volume-70-sv-2","17":"first","18":"instock","19":"taxable","20":"shipping-taxable","21":"purchasable","22":"product-type-simple"},"bundled_by":[],"bundle_stock_status":"instock","bundle_stock_quantity":1,"bundle_virtual":false,"bundle_layout":"","bundle_add_to_cart_form_location":"","bundle_editable_in_cart":false,"bundle_sold_individually_context":"","bundle_item_grouping":"","bundle_min_size":"","bundle_max_size":"","bundle_price":[],"bundled_items":[],"bundle_sell_ids":[],"acf":[],"_links":{"self":[{"href":"https:\/\/www.raschvin.com\/sv\/wp-json\/wp\/v2\/product\/16754","targetHints":{"allow":["GET"]}}],"collection":[{"href":"https:\/\/www.raschvin.com\/sv\/wp-json\/wp\/v2\/product"}],"about":[{"href":"https:\/\/www.raschvin.com\/sv\/wp-json\/wp\/v2\/types\/product"}],"wp:featuredmedia":[{"embeddable":true,"href":"https:\/\/www.raschvin.com\/sv\/wp-json\/wp\/v2\/media\/8282"}],"wp:attachment":[{"href":"https:\/\/www.raschvin.com\/sv\/wp-json\/wp\/v2\/media?parent=16754"}],"wp:term":[{"taxonomy":"product_brand","embeddable":true,"href":"https:\/\/www.raschvin.com\/sv\/wp-json\/wp\/v2\/product_brand?post=16754"},{"taxonomy":"product_cat","embeddable":true,"href":"https:\/\/www.raschvin.com\/sv\/wp-json\/wp\/v2\/product_cat?post=16754"},{"taxonomy":"product_tag","embeddable":true,"href":"https:\/\/www.raschvin.com\/sv\/wp-json\/wp\/v2\/product_tag?post=16754"}],"curies":[{"name":"wp","href":"https:\/\/api.w.org\/{rel}","templated":true}]}}