{"id":16749,"date":"2022-05-30T10:38:23","date_gmt":"2022-05-30T08:38:23","guid":{"rendered":"https:\/\/www.raschvin.com\/vare\/malibu-original\/"},"modified":"2022-11-25T14:53:13","modified_gmt":"2022-11-25T13:53:13","slug":"malibu-original","status":"publish","type":"product","link":"https:\/\/www.raschvin.com\/sv\/produkt\/malibu-original\/","title":{"rendered":"Malibu 70 cl. 21%"},"content":{"rendered":"<p>Malibu Original Rom \u00e4r den b\u00e4sts\u00e4ljande karibiska Rom i v\u00e4rlden med smaken av kokosn\u00f6t. Denna vita uppfriskande Rom har en h\u00e4rlig, mjuk smak av kokosn\u00f6t, vilket g\u00f6r det perfekt f\u00f6r drycker och cocktails.<\/p>\n<p>Med sin perfekta blandning av uts\u00f6kta vita Rom fr\u00e5n Barbados och Natural Coconut inkapslar Malibu k\u00e4nsla av sommaren! Barbados \u00e4r k\u00e4nt f\u00f6r sin vita Rom, som har en l\u00e4ttare och mer delikat smak \u00e4n p\u00e5 andra karibiska \u00f6ar. H\u00e4r, sirap av lokal sockerr\u00f6r, j\u00e4sad och destillerad tre g\u00e5nger i skr\u00e4ddarsydda destillerier p\u00e5 Barbados namnliknande svart rockdistillery. Resultatet \u00e4r ett kvalitetsinneh\u00e5ll med diskreta anteckningar av sockerr\u00f6r och sm\u00f6r. Blandat med socker och naturlig kokosn\u00f6t, det \u00e4r v\u00e4rldens mest popul\u00e4ra exotiska Rom-dryck.<\/p>\n","protected":false},"excerpt":{"rendered":"<p>Original Coconut Flavoured Rum Liqueur<\/p>\n","protected":false},"featured_media":8219,"template":"","meta":{"_acf_changed":false,"rs_blank_template":"","rs_page_bg_color":"","slide_template_v7":""},"product_brand":[],"product_cat":[2387,4670,4678,2390],"product_tag":[],"class_list":{"0":"post-16749","1":"product","2":"type-product","3":"status-publish","4":"has-post-thumbnail","6":"product_cat-avec-sv","7":"product_cat-frukt","8":"product_cat-romlikor","9":"product_cat-sprit","10":"pa_land-barbados-sv","11":"pa_procent-21-sv","12":"pa_producent-west-indies-rum-distillery-ltd-sv","13":"pa_volume-70-sv-2","15":"first","16":"instock","17":"sale","18":"taxable","19":"shipping-taxable","20":"purchasable","21":"product-type-simple"},"bundled_by":[],"bundle_stock_status":"instock","bundle_stock_quantity":null,"bundle_virtual":false,"bundle_layout":"","bundle_add_to_cart_form_location":"","bundle_editable_in_cart":false,"bundle_sold_individually_context":"","bundle_item_grouping":"","bundle_min_size":"","bundle_max_size":"","bundle_price":[],"bundled_items":[],"bundle_sell_ids":[],"acf":[],"_links":{"self":[{"href":"https:\/\/www.raschvin.com\/sv\/wp-json\/wp\/v2\/product\/16749","targetHints":{"allow":["GET"]}}],"collection":[{"href":"https:\/\/www.raschvin.com\/sv\/wp-json\/wp\/v2\/product"}],"about":[{"href":"https:\/\/www.raschvin.com\/sv\/wp-json\/wp\/v2\/types\/product"}],"wp:featuredmedia":[{"embeddable":true,"href":"https:\/\/www.raschvin.com\/sv\/wp-json\/wp\/v2\/media\/8219"}],"wp:attachment":[{"href":"https:\/\/www.raschvin.com\/sv\/wp-json\/wp\/v2\/media?parent=16749"}],"wp:term":[{"taxonomy":"product_brand","embeddable":true,"href":"https:\/\/www.raschvin.com\/sv\/wp-json\/wp\/v2\/product_brand?post=16749"},{"taxonomy":"product_cat","embeddable":true,"href":"https:\/\/www.raschvin.com\/sv\/wp-json\/wp\/v2\/product_cat?post=16749"},{"taxonomy":"product_tag","embeddable":true,"href":"https:\/\/www.raschvin.com\/sv\/wp-json\/wp\/v2\/product_tag?post=16749"}],"curies":[{"name":"wp","href":"https:\/\/api.w.org\/{rel}","templated":true}]}}