{"id":16747,"date":"2022-05-30T10:38:23","date_gmt":"2022-05-30T08:38:23","guid":{"rendered":"https:\/\/www.raschvin.com\/vare\/aekvator-akvavit-40\/"},"modified":"2022-12-13T15:48:02","modified_gmt":"2022-12-13T14:48:02","slug":"aekvator-akvavit-40","status":"publish","type":"product","link":"https:\/\/www.raschvin.com\/sv\/produkt\/aekvator-akvavit-40\/","title":{"rendered":"\u00c6kvator Akvavit 70 cl. 40%\u00a0"},"content":{"rendered":"<p>Inbjudande och mildt<br \/>\nEkvator Akvavit har en gyllene f\u00e4rg. Smaken \u00e4r trevlig kryddat med stor mjukhet. I boken om snaps skriver f\u00f6rfattaren Jens Tholstrup: &#8221;Madeiraens inflytande f\u00f6rnekar \u00e4ven, och du letar efter en mjuk, s\u00f6t och mil aquavit, d\u00e5 \u00e4r ekvatorn Aquavit ett bra bud&#8221;<\/p>\n<p>Serveringstemperatur: 7-21 \u00b0 C<\/p>\n<p>&#8211; Bottleneck24-04-2020.<br \/>\n&#8221;Snaps \u00e4r lyckligtvis mycket mer \u00e4n bara snaps. Mer \u00e4n den drivna bandit, det borde helst ha en resa med en isskrapa b\u00e5de inuti och utanf\u00f6r, innan det ger n\u00e5got annat \u00e4n antikviteter och str\u00e5lar av h\u00e5rr\u00f6tter. F\u00f6r ekvator Aquavit n\u00e5got speciellt. Det kan faktiskt vad vi snap-skeptiker inte trodde m\u00f6jligt. Det kan smaka bra. F\u00f6rvaras p\u00e5 Madeira-r\u00e4tter har det uppn\u00e5tt en helt annan rundhet och botten i sin smak, och det lagrar p\u00e5 m\u00e5nga h\u00e4rliga och mjuka nyanser under sin 40% alkohol. Det \u00e4r faktiskt ett best\u00e4mt n\u00f6je, vilket f\u00e5 m\u00e4nniskor borde ha trott att jag skulle s\u00e4ga om snaps. En topprekommendation fr\u00e5n en snap-skeptisk &#8211; f\u00f6r b\u00e5de snap\u00e4lskare och snap-skr\u00e4md. &#8221;<br \/>\n&#8221;<\/p>\n<p>F\u00f6rberedelse<br \/>\nEkvator Aquavit \u00e4r en mjuk och mild aquavite lagrad p\u00e5 ekfat som tidigare inneh\u00f6ll Madeira. Under lagringen av dessa blekna korsar Aquavite ekvatorn p\u00e5 sin resa fr\u00e5n K\u00f6penhamn till Kapstaden och \u00e5terv\u00e4nda. Temperaturf\u00f6r\u00e4ndringarna och fartygets duvet i sj\u00f6n har en modningseffekt p\u00e5 aquavite.<\/p>\n","protected":false},"excerpt":{"rendered":"<p>Oskar Davidsen &#038; Co. &#8211; Denmark<\/p>\n","protected":false},"featured_media":8193,"template":"","meta":{"_acf_changed":false,"rs_blank_template":"","rs_page_bg_color":"","slide_template_v7":""},"product_brand":[],"product_cat":[2393,2743],"product_tag":[],"class_list":{"0":"post-16747","1":"product","2":"type-product","3":"status-publish","4":"has-post-thumbnail","6":"product_cat-akvavit-snaps-sv","7":"product_cat-brannvin-sv","8":"pa_land-danmark-sv","9":"pa_procent-40-sv-2","10":"pa_producent-oskar-davidsen-sv","11":"pa_volume-70-sv-2","13":"first","14":"instock","15":"taxable","16":"shipping-taxable","17":"purchasable","18":"product-type-simple"},"bundled_by":[],"bundle_stock_status":"instock","bundle_stock_quantity":null,"bundle_virtual":false,"bundle_layout":"","bundle_add_to_cart_form_location":"","bundle_editable_in_cart":false,"bundle_sold_individually_context":"","bundle_item_grouping":"","bundle_min_size":"","bundle_max_size":"","bundle_price":[],"bundled_items":[],"bundle_sell_ids":[],"acf":[],"_links":{"self":[{"href":"https:\/\/www.raschvin.com\/sv\/wp-json\/wp\/v2\/product\/16747","targetHints":{"allow":["GET"]}}],"collection":[{"href":"https:\/\/www.raschvin.com\/sv\/wp-json\/wp\/v2\/product"}],"about":[{"href":"https:\/\/www.raschvin.com\/sv\/wp-json\/wp\/v2\/types\/product"}],"wp:featuredmedia":[{"embeddable":true,"href":"https:\/\/www.raschvin.com\/sv\/wp-json\/wp\/v2\/media\/8193"}],"wp:attachment":[{"href":"https:\/\/www.raschvin.com\/sv\/wp-json\/wp\/v2\/media?parent=16747"}],"wp:term":[{"taxonomy":"product_brand","embeddable":true,"href":"https:\/\/www.raschvin.com\/sv\/wp-json\/wp\/v2\/product_brand?post=16747"},{"taxonomy":"product_cat","embeddable":true,"href":"https:\/\/www.raschvin.com\/sv\/wp-json\/wp\/v2\/product_cat?post=16747"},{"taxonomy":"product_tag","embeddable":true,"href":"https:\/\/www.raschvin.com\/sv\/wp-json\/wp\/v2\/product_tag?post=16747"}],"curies":[{"name":"wp","href":"https:\/\/api.w.org\/{rel}","templated":true}]}}