{"id":16742,"date":"2022-05-30T10:36:48","date_gmt":"2022-05-30T08:36:48","guid":{"rendered":"https:\/\/www.raschvin.com\/vare\/glitter-fisk-diamond\/"},"modified":"2022-11-18T09:58:31","modified_gmt":"2022-11-18T08:58:31","slug":"glitter-fisk-diamond","status":"publish","type":"product","link":"https:\/\/www.raschvin.com\/sv\/produkt\/glitter-fisk-diamond\/","title":{"rendered":"Glitter FISK Diamond &#8211; Elderflower &#038; Lime 70 cl. 15%"},"content":{"rendered":"<p>Glitter Fish Diamond Drink Mixer \u00e4r en glittrande lik\u00f6r med en smak av sommar. Elderb\u00e4r och lim. Perfekt komponent f\u00f6r anv\u00e4ndning i dina drycker f\u00f6r b\u00e5de smak och ett glittrande utseende.<\/p>\n<p>Med sitt glamor\u00f6sa utseende och exceptionell smak lyfter denna spritnye fr\u00e5n United Drycker, Glitter Fish Diamond, Drycker och Cocktails f\u00f6r en helt ny niv\u00e5. Glitter fisk \u00e4r det senaste skottet p\u00e5 stammen i fiskfamiljen, och \u00e4r i examen upp till United Dryck och fiskens h\u00f6ga krav. Det \u00e4r tillverkat med uts\u00f6kta och exotiska r\u00e5varor som ger det bra, f\u00e4rsk smak och ger, med sin gl\u00e4nsande f\u00e4rg, en sp\u00e4nnande och annan f\u00e4rgvridning, som du inte f\u00e5r med andra drycker. Den vackra gl\u00f6den i flaskan \u00e4r gjord av ett farligt och smakl\u00f6st f\u00e4rg\u00e4mne som kallas Candurin. Tyget anv\u00e4nds i en m\u00e4ngd olika livsmedel som godis, l\u00e4sk och tuggummi.<\/p>\n","protected":false},"excerpt":{"rendered":"<p>Drink Mixer &#8211; Danish Liqueur<\/p>\n","protected":false},"featured_media":8143,"template":"","meta":{"_acf_changed":false,"rs_blank_template":"","rs_page_bg_color":"","slide_template_v7":""},"product_brand":[],"product_cat":[2387,4670,2390],"product_tag":[],"class_list":{"0":"post-16742","1":"product","2":"type-product","3":"status-publish","4":"has-post-thumbnail","6":"product_cat-avec-sv","7":"product_cat-frukt","8":"product_cat-sprit","9":"pa_land-danmark-sv","10":"pa_procent-15-sv","11":"pa_producent-united-drinks-a-s-sv","12":"pa_volume-70-sv-2","14":"first","15":"instock","16":"taxable","17":"shipping-taxable","18":"purchasable","19":"product-type-simple"},"bundled_by":[],"bundle_stock_status":"instock","bundle_stock_quantity":null,"bundle_virtual":false,"bundle_layout":"","bundle_add_to_cart_form_location":"","bundle_editable_in_cart":false,"bundle_sold_individually_context":"","bundle_item_grouping":"","bundle_min_size":"","bundle_max_size":"","bundle_price":[],"bundled_items":[],"bundle_sell_ids":[],"acf":[],"_links":{"self":[{"href":"https:\/\/www.raschvin.com\/sv\/wp-json\/wp\/v2\/product\/16742","targetHints":{"allow":["GET"]}}],"collection":[{"href":"https:\/\/www.raschvin.com\/sv\/wp-json\/wp\/v2\/product"}],"about":[{"href":"https:\/\/www.raschvin.com\/sv\/wp-json\/wp\/v2\/types\/product"}],"wp:featuredmedia":[{"embeddable":true,"href":"https:\/\/www.raschvin.com\/sv\/wp-json\/wp\/v2\/media\/8143"}],"wp:attachment":[{"href":"https:\/\/www.raschvin.com\/sv\/wp-json\/wp\/v2\/media?parent=16742"}],"wp:term":[{"taxonomy":"product_brand","embeddable":true,"href":"https:\/\/www.raschvin.com\/sv\/wp-json\/wp\/v2\/product_brand?post=16742"},{"taxonomy":"product_cat","embeddable":true,"href":"https:\/\/www.raschvin.com\/sv\/wp-json\/wp\/v2\/product_cat?post=16742"},{"taxonomy":"product_tag","embeddable":true,"href":"https:\/\/www.raschvin.com\/sv\/wp-json\/wp\/v2\/product_tag?post=16742"}],"curies":[{"name":"wp","href":"https:\/\/api.w.org\/{rel}","templated":true}]}}