{"id":16741,"date":"2022-05-30T10:36:48","date_gmt":"2022-05-30T08:36:48","guid":{"rendered":"https:\/\/www.raschvin.com\/vare\/pampelle-ruby-lapero\/"},"modified":"2022-11-30T09:37:21","modified_gmt":"2022-11-30T08:37:21","slug":"pampelle-ruby-lapero","status":"publish","type":"product","link":"https:\/\/www.raschvin.com\/sv\/produkt\/pampelle-ruby-lapero\/","title":{"rendered":"Pampelle Ruby Lap\u00e9ro 70 cl. 15%"},"content":{"rendered":"<p>Det \u00e4r Star Ruby Red Grapefrukt, som endast \u00e4r ansvarig f\u00f6r den s\u00f6ta bitterheten.<\/p>\n<p>Grapefrukten \u00e4r handplockad p\u00e5 den soliga franska \u00f6n Korsika, som ligger i den idylliska Medelhavet.<\/p>\n<p>Destillationsmetoden; Grapefrukten \u00e4r halverad, mjukad och pressas p\u00e5 ett s\u00e4tt som all juice \u00e5tervinns. Och de pressas tills de f\u00e5r den djupa fl\u00e4tiga r\u00f6da f\u00e4rgen. De naturliga citrusaromerna \u00f6kar genom att destillera en del av derilatet i kopparpottstills, resten efter kolonnmetoden.<br \/>\nKvalitet citrusjackor nedladdade fr\u00e5n hela v\u00e4rlden, inklusive Yuzu fr\u00e5n Japan, Cedrat fr\u00e5n Frankrike och Bigarade fr\u00e5n Haiti. Peeling mjukas och blandas med de destillerade andarna.<\/p>\n<p>Destillatet blandas med Cinchona Wooden-kinin, naturliga gentianbitter och en egen eaude-vie, gjord av druvor som fermenteras och destilleras via koloniala destillation.<\/p>\n<p>Pampelle raffineras p\u00e5 kanten av floden Charente i Cognac, d\u00e4r varje flaska \u00e4r f\u00f6rseglad med en t\u00e4tning i form av en guldsmed skyddad i omr\u00e5det.<\/p>\n<p>Pampelle har 30% naturligt l\u00e4gre inneh\u00e5ll av socker \u00e4n andra ledande aperitif.<\/p>\n<p>Pampelle Spritz.<br \/>\n2 delar pampelle, 3 delar Prosecco, 1 Dela Danes<\/p>\n<p>Pampelle Negroni<br \/>\n2 delar pampelle, 1 del gin, 1 del Vormouth<\/p>\n<p>Pampelle Rubis.<br \/>\n1 del pampelle, 2 delar ros\u00e9 vin<\/p>\n<p>Pampelle tonic<br \/>\n2 delar pampelle, 2 delar tonic<\/p>\n<p>Garnera med r\u00f6d grapefrukt till dem alla &#8230;<\/p>\n","protected":false},"excerpt":{"rendered":"<p>Grapefruit Aperitif Francais 15%<\/p>\n","protected":false},"featured_media":8130,"template":"","meta":{"_acf_changed":false,"rs_blank_template":"","rs_page_bg_color":"","slide_template_v7":""},"product_brand":[],"product_cat":[2387,4670,2390],"product_tag":[],"class_list":{"0":"post-16741","1":"product","2":"type-product","3":"status-publish","4":"has-post-thumbnail","6":"product_cat-avec-sv","7":"product_cat-frukt","8":"product_cat-sprit","9":"pa_land-frankrike","10":"pa_procent-15-sv","11":"pa_volume-70-sv-2","13":"first","14":"instock","15":"taxable","16":"shipping-taxable","17":"purchasable","18":"product-type-simple"},"bundled_by":[],"bundle_stock_status":"instock","bundle_stock_quantity":null,"bundle_virtual":false,"bundle_layout":"","bundle_add_to_cart_form_location":"","bundle_editable_in_cart":false,"bundle_sold_individually_context":"","bundle_item_grouping":"","bundle_min_size":"","bundle_max_size":"","bundle_price":[],"bundled_items":[],"bundle_sell_ids":[],"acf":[],"_links":{"self":[{"href":"https:\/\/www.raschvin.com\/sv\/wp-json\/wp\/v2\/product\/16741","targetHints":{"allow":["GET"]}}],"collection":[{"href":"https:\/\/www.raschvin.com\/sv\/wp-json\/wp\/v2\/product"}],"about":[{"href":"https:\/\/www.raschvin.com\/sv\/wp-json\/wp\/v2\/types\/product"}],"wp:featuredmedia":[{"embeddable":true,"href":"https:\/\/www.raschvin.com\/sv\/wp-json\/wp\/v2\/media\/8130"}],"wp:attachment":[{"href":"https:\/\/www.raschvin.com\/sv\/wp-json\/wp\/v2\/media?parent=16741"}],"wp:term":[{"taxonomy":"product_brand","embeddable":true,"href":"https:\/\/www.raschvin.com\/sv\/wp-json\/wp\/v2\/product_brand?post=16741"},{"taxonomy":"product_cat","embeddable":true,"href":"https:\/\/www.raschvin.com\/sv\/wp-json\/wp\/v2\/product_cat?post=16741"},{"taxonomy":"product_tag","embeddable":true,"href":"https:\/\/www.raschvin.com\/sv\/wp-json\/wp\/v2\/product_tag?post=16741"}],"curies":[{"name":"wp","href":"https:\/\/api.w.org\/{rel}","templated":true}]}}