{"id":16740,"date":"2022-05-30T10:36:48","date_gmt":"2022-05-30T08:36:48","guid":{"rendered":"https:\/\/www.raschvin.com\/vare\/baileys-the-original-35-cl\/"},"modified":"2022-10-26T08:05:10","modified_gmt":"2022-10-26T06:05:10","slug":"baileys-the-original-35-cl","status":"publish","type":"product","link":"https:\/\/www.raschvin.com\/sv\/produkt\/baileys-the-original-35-cl\/","title":{"rendered":"Baileys The Original Cream 35 cl. 17%"},"content":{"rendered":"<p>En af livets sm\u00e5 gl\u00e4djer \u00e4r Baileys Original Irish Cream \u2013 et s\u00f6tt m\u00f6te mellan den fineste, irske whisky och spiritus, irsk fl\u00f8de, fyldig chokolade och vanilje. Och vad blir s\u00e5 resultatet? Noget helt uimodst\u00e5eligt l\u00e6kkert. Drik den, som den er, over is, bland den i dine cocktails, h\u00e6ld den over dine isdesserter, bag en Baileys-fyldt kage \u2013 eller del den med dine v\u00e4nner og familie, hvis du inte kan f\u00e5 lov at have den for dig selv . Lige mycket vad \u00e4r Baileys Original Irish Cream lig med ren, of\u00f6rstyrd nydelse. Kom nu, du har fortjent det!<\/p>\n<p>En historia fr\u00e5n tillverkare av Bailey&#8217;s:<br \/>\n&#8221;I st\u00e4llet for at l\u00e6ne sig tilbage och nyde f\u00f8lelsen af \u200b\u200bat ha skapat v\u00e4rldens mest elskede spiritus, beslutade vi os for att t\u00e4nka \u00e4nnu st\u00f6rre och bli ved med at innovere och s\u00e6tte nya trender. ingredienser.<br \/>\nT\u00e6nk bare; hvert \u00e5r ska vi anv\u00e4nda ca. 200 millioner liter frisk, irsk mj\u00f6lk til att tillverka den fullst\u00e4ndigt fl\u00f8jlsbl\u00f8de fl\u00f8de, som Baileys fortjener. Det \u00e4r nok till att lava runt regnet 3,3 miljarder milkshakes med Baileys.<br \/>\nDenna mj\u00f6lk kommer fr\u00e4mst fr\u00e5n sm\u00e5, familjedrevne g\u00e5rde. Og med dette tror vi g\u00e5rde, hvor k\u00f8erne f\u00e5r lov at g\u00e5 frit rundt p\u00e5 marker med saftigt, gr\u00f6nt gr\u00e6s, der er g\u00e5et i arv fra den ene generationen til den n\u00e4sta. Rundt omkring p\u00e5 n\u00e5gra af disse tusenvis af hektar finns skyddade moser, naturlig skove, vilde marker och levande hegn. Dessa danner sm\u00e5 oaser f\u00f6r dyr, fugle, bier och sommarfugle, som hon kan hitta et pusterum fr\u00e5n den pressade naturen.&#8221;<\/p>\n","protected":false},"excerpt":{"rendered":"<p>Irish Cream Liqueur<\/p>\n","protected":false},"featured_media":8120,"template":"","meta":{"_acf_changed":false,"rs_blank_template":"","rs_page_bg_color":"","slide_template_v7":""},"product_brand":[],"product_cat":[2387,4673,2390],"product_tag":[],"class_list":{"0":"post-16740","1":"product","2":"type-product","3":"status-publish","4":"has-post-thumbnail","6":"product_cat-avec-sv","7":"product_cat-creme-sv","8":"product_cat-sprit","9":"pa_land-irland-sv","10":"pa_procent-17-sv","11":"pa_producent-diageo-sv","12":"pa_volume-35-sv","14":"first","15":"instock","16":"taxable","17":"shipping-taxable","18":"purchasable","19":"product-type-simple"},"bundled_by":[],"bundle_stock_status":"instock","bundle_stock_quantity":null,"bundle_virtual":false,"bundle_layout":"","bundle_add_to_cart_form_location":"","bundle_editable_in_cart":false,"bundle_sold_individually_context":"","bundle_item_grouping":"","bundle_min_size":"","bundle_max_size":"","bundle_price":[],"bundled_items":[],"bundle_sell_ids":[],"acf":[],"_links":{"self":[{"href":"https:\/\/www.raschvin.com\/sv\/wp-json\/wp\/v2\/product\/16740","targetHints":{"allow":["GET"]}}],"collection":[{"href":"https:\/\/www.raschvin.com\/sv\/wp-json\/wp\/v2\/product"}],"about":[{"href":"https:\/\/www.raschvin.com\/sv\/wp-json\/wp\/v2\/types\/product"}],"wp:featuredmedia":[{"embeddable":true,"href":"https:\/\/www.raschvin.com\/sv\/wp-json\/wp\/v2\/media\/8120"}],"wp:attachment":[{"href":"https:\/\/www.raschvin.com\/sv\/wp-json\/wp\/v2\/media?parent=16740"}],"wp:term":[{"taxonomy":"product_brand","embeddable":true,"href":"https:\/\/www.raschvin.com\/sv\/wp-json\/wp\/v2\/product_brand?post=16740"},{"taxonomy":"product_cat","embeddable":true,"href":"https:\/\/www.raschvin.com\/sv\/wp-json\/wp\/v2\/product_cat?post=16740"},{"taxonomy":"product_tag","embeddable":true,"href":"https:\/\/www.raschvin.com\/sv\/wp-json\/wp\/v2\/product_tag?post=16740"}],"curies":[{"name":"wp","href":"https:\/\/api.w.org\/{rel}","templated":true}]}}