{"id":16737,"date":"2022-05-30T10:36:48","date_gmt":"2022-05-30T08:36:48","guid":{"rendered":"https:\/\/www.raschvin.com\/vare\/fisk-pure-raw-salty-caramel\/"},"modified":"2022-11-17T13:24:21","modified_gmt":"2022-11-17T12:24:21","slug":"fisk-pure-raw-salty-caramel","status":"publish","type":"product","link":"https:\/\/www.raschvin.com\/sv\/produkt\/fisk-pure-raw-salty-caramel\/","title":{"rendered":"FISK &#8211; Pure Raw Salty Caramel 70 cl. 16,4%"},"content":{"rendered":"<p>Fisk Pure Raw Salty Caramel \u00e4r en smakrik shot som k\u00e4nnetecknas av sin mjuka och rika smak av karamell avrundad i fin balans med flingor av havssalt. En kolashot gjorde f\u00f6r lite extra \u00f6verseende.<br \/>\nVi rekommenderar att Fisk Pure Raw Salty Caramel avnjuts l\u00e4tt kyld eller &#8221;on the rocks&#8221; i ett l\u00e4ckert dricksglas, vilket lyfter fram kolans m\u00e5nga smaknyanser.<br \/>\n70 cl. \/ 16,4 %<\/p>\n<p>UNITED DRYCK<\/p>\n<p>United Drinks \u00e4r ett familje\u00e4gt spritf\u00f6retag som har funnits sedan 1999 och \u00e4ger varum\u00e4rkena FISK och SURE FISK samt en licens att anv\u00e4nda varum\u00e4rkena GA-JOL, ANTHON BERG och N\u00d8RREGADE.<br \/>\nDe utvecklar kontinuerligt nya produkter f\u00f6r b\u00e5de den nordiska och internationella marknaden. GA-JOL, FISK och SURE FISK skott \u00e4r marknadsledande i Danmark och exporteras till ett stort antal l\u00e4nder inklusive: Sverige, Norge, Finland, Island, Gr\u00f6nland, F\u00e4r\u00f6arna, Baltikum, Schweiz, Frankrike, Spanien, Grekland och Thailand.<\/p>\n","protected":false},"excerpt":{"rendered":"<p>Caramel Vodka Liqueur<\/p>\n","protected":false},"featured_media":8084,"template":"","meta":{"_acf_changed":false,"rs_blank_template":"","rs_page_bg_color":"","slide_template_v7":""},"product_brand":[],"product_cat":[4716,2387,2407,2390,2402],"product_tag":[],"class_list":{"0":"post-16737","1":"product","2":"type-product","3":"status-publish","4":"has-post-thumbnail","6":"product_cat-andra-likorer","7":"product_cat-avec-sv","8":"product_cat-shots-sv","9":"product_cat-sprit","10":"product_cat-sprit-sv","11":"pa_land-danmark-sv","12":"pa_procent-16-4-sv","13":"pa_producent-united-drinks-a-s-sv","14":"pa_volume-70-sv-2","16":"first","17":"instock","18":"taxable","19":"shipping-taxable","20":"purchasable","21":"product-type-simple"},"bundled_by":[],"bundle_stock_status":"instock","bundle_stock_quantity":null,"bundle_virtual":false,"bundle_layout":"","bundle_add_to_cart_form_location":"","bundle_editable_in_cart":false,"bundle_sold_individually_context":"","bundle_item_grouping":"","bundle_min_size":"","bundle_max_size":"","bundle_price":[],"bundled_items":[],"bundle_sell_ids":[],"acf":[],"_links":{"self":[{"href":"https:\/\/www.raschvin.com\/sv\/wp-json\/wp\/v2\/product\/16737","targetHints":{"allow":["GET"]}}],"collection":[{"href":"https:\/\/www.raschvin.com\/sv\/wp-json\/wp\/v2\/product"}],"about":[{"href":"https:\/\/www.raschvin.com\/sv\/wp-json\/wp\/v2\/types\/product"}],"wp:featuredmedia":[{"embeddable":true,"href":"https:\/\/www.raschvin.com\/sv\/wp-json\/wp\/v2\/media\/8084"}],"wp:attachment":[{"href":"https:\/\/www.raschvin.com\/sv\/wp-json\/wp\/v2\/media?parent=16737"}],"wp:term":[{"taxonomy":"product_brand","embeddable":true,"href":"https:\/\/www.raschvin.com\/sv\/wp-json\/wp\/v2\/product_brand?post=16737"},{"taxonomy":"product_cat","embeddable":true,"href":"https:\/\/www.raschvin.com\/sv\/wp-json\/wp\/v2\/product_cat?post=16737"},{"taxonomy":"product_tag","embeddable":true,"href":"https:\/\/www.raschvin.com\/sv\/wp-json\/wp\/v2\/product_tag?post=16737"}],"curies":[{"name":"wp","href":"https:\/\/api.w.org\/{rel}","templated":true}]}}