{"id":16731,"date":"2022-05-30T10:35:25","date_gmt":"2022-05-30T08:35:25","guid":{"rendered":"https:\/\/www.raschvin.com\/vare\/cuba-dry-lemon-30\/"},"modified":"2022-11-14T11:06:39","modified_gmt":"2022-11-14T10:06:39","slug":"cuba-dry-lemon-30","status":"publish","type":"product","link":"https:\/\/www.raschvin.com\/sv\/produkt\/cuba-dry-lemon-30\/","title":{"rendered":"CUBA Dry Lemon 70 cl. 30%"},"content":{"rendered":"<p>\u00c4r du ocks\u00e5 f\u00f6r en surt pift med en ny och f\u00f6rf\u00f6risk touch? S\u00e5 njut av dina smakl\u00f6kar med en l\u00e4cker drink med Kuba torr citron.<\/p>\n<p>Kuba torr citron \u00e4r gjord p\u00e5 den finaste, rena vodka som destilleras 3 g\u00e5nger. Det \u00e4r en frisk vodka med en svagt sur smak av citron som passar de som vill ha n\u00e5got som inte \u00e4r f\u00f6r s\u00f6tt.<\/p>\n<p>Kuba torr citron b\u00f6r avnjutas kyld, skaket med is eller blanda med l\u00e4sk \/ juice. Till exempel, prova en vodka bramble &#8211; d\u00e5 finns det en garanti f\u00f6r en bra fest.<\/p>\n<p>F\u00f6rslag<\/p>\n<p>Vodka bramble<br \/>\n&#8211; 2 cl. Kuba torr citron.<br \/>\n&#8211; Bromberry sirap<br \/>\n&#8211; Kolsyrat vatten<br \/>\n&#8211; krossad is<br \/>\n&#8211; Blackberry<\/p>\n<p>Handlingsplan:<br \/>\nH\u00e4ll kuba torr citron och bromberry sirap i ett fint glas med krossad is. Top l\u00e5ngsamt upp med danskt vatten s\u00e5 att sirapen \u00e4r f\u00f6rsiktigt blandad. Dekorera med bj\u00f6rnb\u00e4r och server. Njut av en bl\u00e4ndande vacker drink med en underbar smak.<\/p>\n<p>Kuba.<br \/>\nKuba \u00e4r Danmarks st\u00f6rsta vodbass\u00e4ng med smak. Den f\u00f6rsta Kuba vodka p\u00e5 marknaden var Kuba Caramel, som lanserades 1998. Sedan dess har m\u00e5nga l\u00e4ckra, smakfulla och f\u00e4rgglada familjemedlemmar kommit i serien &#8211; och vi \u00e4lskar var och en.<\/p>\n<p>Imponera dina v\u00e4nner och familj med f\u00e4rgglada, l\u00e4ckra drycker och cocktails. Med Kuba \u00e4r det bara fantasin som s\u00e4tter gr\u00e4nser!<\/p>\n","protected":false},"excerpt":{"rendered":"<p>Danish Flavored Vodka<\/p>\n","protected":false},"featured_media":8024,"template":"","meta":{"_acf_changed":false,"rs_blank_template":"","rs_page_bg_color":"","slide_template_v7":""},"product_brand":[],"product_cat":[4614,2402,2409],"product_tag":[],"class_list":{"0":"post-16731","1":"product","2":"type-product","3":"status-publish","4":"has-post-thumbnail","6":"product_cat-flavoured-sv","7":"product_cat-sprit-sv","8":"product_cat-vodka-sv","9":"pa_land-danmark-sv","10":"pa_procent-30-sv","11":"pa_producent-spritfabrikken-danmark-sv","12":"pa_volume-70-sv-2","14":"first","15":"instock","16":"taxable","17":"shipping-taxable","18":"purchasable","19":"product-type-simple"},"bundled_by":[],"bundle_stock_status":"instock","bundle_stock_quantity":null,"bundle_virtual":false,"bundle_layout":"","bundle_add_to_cart_form_location":"","bundle_editable_in_cart":false,"bundle_sold_individually_context":"","bundle_item_grouping":"","bundle_min_size":"","bundle_max_size":"","bundle_price":[],"bundled_items":[],"bundle_sell_ids":[],"acf":[],"_links":{"self":[{"href":"https:\/\/www.raschvin.com\/sv\/wp-json\/wp\/v2\/product\/16731","targetHints":{"allow":["GET"]}}],"collection":[{"href":"https:\/\/www.raschvin.com\/sv\/wp-json\/wp\/v2\/product"}],"about":[{"href":"https:\/\/www.raschvin.com\/sv\/wp-json\/wp\/v2\/types\/product"}],"wp:featuredmedia":[{"embeddable":true,"href":"https:\/\/www.raschvin.com\/sv\/wp-json\/wp\/v2\/media\/8024"}],"wp:attachment":[{"href":"https:\/\/www.raschvin.com\/sv\/wp-json\/wp\/v2\/media?parent=16731"}],"wp:term":[{"taxonomy":"product_brand","embeddable":true,"href":"https:\/\/www.raschvin.com\/sv\/wp-json\/wp\/v2\/product_brand?post=16731"},{"taxonomy":"product_cat","embeddable":true,"href":"https:\/\/www.raschvin.com\/sv\/wp-json\/wp\/v2\/product_cat?post=16731"},{"taxonomy":"product_tag","embeddable":true,"href":"https:\/\/www.raschvin.com\/sv\/wp-json\/wp\/v2\/product_tag?post=16731"}],"curies":[{"name":"wp","href":"https:\/\/api.w.org\/{rel}","templated":true}]}}