{"id":16728,"date":"2022-05-30T10:35:25","date_gmt":"2022-05-30T08:35:25","guid":{"rendered":"https:\/\/www.raschvin.com\/vare\/cuba-watermelon-30\/"},"modified":"2022-11-14T11:29:45","modified_gmt":"2022-11-14T10:29:45","slug":"cuba-watermelon-30","status":"publish","type":"product","link":"https:\/\/www.raschvin.com\/sv\/produkt\/cuba-watermelon-30\/","title":{"rendered":"CUBA Watermelon 70 cl. 30%"},"content":{"rendered":"<p>Juicy &#8230; s\u00f6t &#8230; uts\u00f6kt! Kuba vattenmelon \u00e4r en v\u00e4lsmakande, mjuk vodka som b\u00e5da smakar och luktar av saftig vattenmelon! Kuba vattenmelon \u00e4r gjord p\u00e5 den finaste, rena vodka, som destilleras 3 g\u00e5nger.<\/p>\n<p>Med en fin smak av vattenmelon och en vacker f\u00e4rg kan Kuba Watermelon blandas till l\u00e4ckra, f\u00e4rgglada drycker och cocktails bara genom att l\u00e4gga till l\u00e4sk eller juice. Det kan ocks\u00e5 avnjutas kyld eller med isbitar.<\/p>\n<p>F\u00f6rslag<\/p>\n<p>Gr\u00f6n lagun.<br \/>\n&#8211; 2 cl. Kuba vattenmelon.<br \/>\n&#8211; Green Soda<br \/>\n&#8211; krossad is<br \/>\n&#8211; En skiva vattenmelon<\/p>\n<p>Metod:<br \/>\nH\u00e4ll krossad is i ett cocktailglas. L\u00e4gg till Kuba vattenmelon och gr\u00f6n soda. Dekorera med en skivvattenmelon och servera. M\u00e5ste du g\u00e5 ut och simma i den gr\u00f6na lagunen?<\/p>\n<p>Kuba.<br \/>\nKuba \u00e4r Danmarks st\u00f6rsta vodbass\u00e4ng med smak. Den f\u00f6rsta Kuba vodka p\u00e5 marknaden var Kuba Caramel, som lanserades 1998. Sedan dess har m\u00e5nga l\u00e4ckra, smakfulla och f\u00e4rgglada familjemedlemmar kommit i serien &#8211; och vi \u00e4lskar var och en.<\/p>\n<p>Imponera dina v\u00e4nner och familj med f\u00e4rgglada, l\u00e4ckra drycker och cocktails. Med Kuba \u00e4r det bara fantasin som s\u00e4tter gr\u00e4nser!<\/p>\n","protected":false},"excerpt":{"rendered":"<p>Danish Flavored Vodka<\/p>\n","protected":false},"featured_media":7997,"template":"","meta":{"_acf_changed":false,"rs_blank_template":"","rs_page_bg_color":"","slide_template_v7":""},"product_brand":[],"product_cat":[2402,2409,4614],"product_tag":[],"class_list":{"0":"post-16728","1":"product","2":"type-product","3":"status-publish","4":"has-post-thumbnail","6":"product_cat-sprit-sv","7":"product_cat-vodka-sv","8":"product_cat-flavoured-sv","9":"pa_land-danmark-sv","10":"pa_procent-30-sv","11":"pa_producent-spritfabrikken-danmark-sv","12":"pa_volume-70-sv-2","14":"first","15":"instock","16":"taxable","17":"shipping-taxable","18":"purchasable","19":"product-type-simple"},"bundled_by":[],"bundle_stock_status":"instock","bundle_stock_quantity":null,"bundle_virtual":false,"bundle_layout":"","bundle_add_to_cart_form_location":"","bundle_editable_in_cart":false,"bundle_sold_individually_context":"","bundle_item_grouping":"","bundle_min_size":"","bundle_max_size":"","bundle_price":[],"bundled_items":[],"bundle_sell_ids":[],"acf":[],"_links":{"self":[{"href":"https:\/\/www.raschvin.com\/sv\/wp-json\/wp\/v2\/product\/16728","targetHints":{"allow":["GET"]}}],"collection":[{"href":"https:\/\/www.raschvin.com\/sv\/wp-json\/wp\/v2\/product"}],"about":[{"href":"https:\/\/www.raschvin.com\/sv\/wp-json\/wp\/v2\/types\/product"}],"wp:featuredmedia":[{"embeddable":true,"href":"https:\/\/www.raschvin.com\/sv\/wp-json\/wp\/v2\/media\/7997"}],"wp:attachment":[{"href":"https:\/\/www.raschvin.com\/sv\/wp-json\/wp\/v2\/media?parent=16728"}],"wp:term":[{"taxonomy":"product_brand","embeddable":true,"href":"https:\/\/www.raschvin.com\/sv\/wp-json\/wp\/v2\/product_brand?post=16728"},{"taxonomy":"product_cat","embeddable":true,"href":"https:\/\/www.raschvin.com\/sv\/wp-json\/wp\/v2\/product_cat?post=16728"},{"taxonomy":"product_tag","embeddable":true,"href":"https:\/\/www.raschvin.com\/sv\/wp-json\/wp\/v2\/product_tag?post=16728"}],"curies":[{"name":"wp","href":"https:\/\/api.w.org\/{rel}","templated":true}]}}