{"id":16727,"date":"2022-05-30T10:35:25","date_gmt":"2022-05-30T08:35:25","guid":{"rendered":"https:\/\/www.raschvin.com\/vare\/cuba-pineapple-30\/"},"modified":"2022-11-14T11:15:24","modified_gmt":"2022-11-14T10:15:24","slug":"cuba-pineapple-30","status":"publish","type":"product","link":"https:\/\/www.raschvin.com\/sv\/produkt\/cuba-pineapple-30\/","title":{"rendered":"CUBA Pineapple 70 cl. 30%"},"content":{"rendered":"<p>&#8221;Om du gillar Pi\u00f1a Colada och f\u00e5ngas i regnet&#8221; &#8230; d\u00e5 \u00e4r Kuba Ananas din variant. Sommar och strand, skr\u00e4p och regn &#8211; det passar allt och f\u00e5r n\u00e5gon fiber i din kropp f\u00f6r att dr\u00f6mma om semester och resa!<\/p>\n<p>Kuba ananas \u00e4r mjuk och rund med en ny smak av saftig ananas och en h\u00e4rlig touch av kokosn\u00f6t. Den f\u00e4rska smaken leder sinnet p\u00e5 sommaren, solen, stranden och s\u00f6dra himmelen.<\/p>\n<p>Det kan skakas med is och haft ren eller blandad med l\u00e4sk \/ juice f\u00f6r fantastiska cocktails och drycker. Endast fantasin s\u00e4tter gr\u00e4nsen!<\/p>\n<p>F\u00f6rslag<\/p>\n<p>Pi\u00f1a colada<br \/>\n&#8211; 4 cl. Kuba ananas.<br \/>\n&#8211; Ananas juice<br \/>\n&#8211; 2 cl. kr\u00e4m<br \/>\n&#8211; krossad is<br \/>\n&#8211; En skiva ananas<\/p>\n<p>Metod:<br \/>\nSkaka kuba ananas, ananasjuice och gr\u00e4dde v\u00e4l med krossad glass i en skakare. H\u00e4ll blandningen i ett cocktailglas, dekorera med en skiva ananas och servera. Sommar, sol och strandfest &#8211; s\u00f6tt n\u00f6je i munnen!<\/p>\n<p>Kuba.<br \/>\nKuba \u00e4r Danmarks st\u00f6rsta vodbass\u00e4ng med smak. Den f\u00f6rsta Kuba vodka p\u00e5 marknaden var Kuba Caramel, som lanserades 1998. Sedan dess har m\u00e5nga l\u00e4ckra, smakfulla och f\u00e4rgglada familjemedlemmar kommit i serien &#8211; och vi \u00e4lskar var och en.<\/p>\n<p>Imponera dina v\u00e4nner och familj med f\u00e4rgglada, l\u00e4ckra drycker och cocktails. Med Kuba \u00e4r det bara fantasin som s\u00e4tter gr\u00e4nser!<\/p>\n","protected":false},"excerpt":{"rendered":"<p>Danish Flavored Vodka<\/p>\n","protected":false},"featured_media":7987,"template":"","meta":{"_acf_changed":false,"rs_blank_template":"","rs_page_bg_color":"","slide_template_v7":""},"product_brand":[],"product_cat":[4614,2402,2409],"product_tag":[],"class_list":{"0":"post-16727","1":"product","2":"type-product","3":"status-publish","4":"has-post-thumbnail","6":"product_cat-flavoured-sv","7":"product_cat-sprit-sv","8":"product_cat-vodka-sv","9":"pa_land-danmark-sv","10":"pa_procent-30-sv","11":"pa_producent-spritfabrikken-danmark-sv","12":"pa_volume-70-sv-2","14":"first","15":"instock","16":"taxable","17":"shipping-taxable","18":"purchasable","19":"product-type-simple"},"bundled_by":[],"bundle_stock_status":"instock","bundle_stock_quantity":null,"bundle_virtual":false,"bundle_layout":"","bundle_add_to_cart_form_location":"","bundle_editable_in_cart":false,"bundle_sold_individually_context":"","bundle_item_grouping":"","bundle_min_size":"","bundle_max_size":"","bundle_price":[],"bundled_items":[],"bundle_sell_ids":[],"acf":[],"_links":{"self":[{"href":"https:\/\/www.raschvin.com\/sv\/wp-json\/wp\/v2\/product\/16727","targetHints":{"allow":["GET"]}}],"collection":[{"href":"https:\/\/www.raschvin.com\/sv\/wp-json\/wp\/v2\/product"}],"about":[{"href":"https:\/\/www.raschvin.com\/sv\/wp-json\/wp\/v2\/types\/product"}],"wp:featuredmedia":[{"embeddable":true,"href":"https:\/\/www.raschvin.com\/sv\/wp-json\/wp\/v2\/media\/7987"}],"wp:attachment":[{"href":"https:\/\/www.raschvin.com\/sv\/wp-json\/wp\/v2\/media?parent=16727"}],"wp:term":[{"taxonomy":"product_brand","embeddable":true,"href":"https:\/\/www.raschvin.com\/sv\/wp-json\/wp\/v2\/product_brand?post=16727"},{"taxonomy":"product_cat","embeddable":true,"href":"https:\/\/www.raschvin.com\/sv\/wp-json\/wp\/v2\/product_cat?post=16727"},{"taxonomy":"product_tag","embeddable":true,"href":"https:\/\/www.raschvin.com\/sv\/wp-json\/wp\/v2\/product_tag?post=16727"}],"curies":[{"name":"wp","href":"https:\/\/api.w.org\/{rel}","templated":true}]}}