{"id":16725,"date":"2022-05-30T10:35:25","date_gmt":"2022-05-30T08:35:25","guid":{"rendered":"https:\/\/www.raschvin.com\/vare\/cuba-raspberry-30\/"},"modified":"2022-11-14T11:26:01","modified_gmt":"2022-11-14T10:26:01","slug":"cuba-raspberry-30","status":"publish","type":"product","link":"https:\/\/www.raschvin.com\/sv\/produkt\/cuba-raspberry-30\/","title":{"rendered":"CUBA Raspberry 70 cl. 30%"},"content":{"rendered":"<p>Kuba hallon \u00e4r gjord p\u00e5 den finaste, rena vodka, som destilleras 3 g\u00e5nger. Med en vacker smak av s\u00f6ta hallon kan Kuba hallon blandas till l\u00e4ckra drycker och cocktails bara genom att l\u00e4gga l\u00e4sk eller juice. Det kan ocks\u00e5 avnjutas kyld eller med isbitar. M\u00f6jligheterna \u00e4r m\u00e5nga!<\/p>\n<p>F\u00f6rslag<\/p>\n<p>Rosa fitta.<br \/>\n&#8211; 2 cl. Kuba hallon<br \/>\n&#8211; 2 cl. Grenadin.<br \/>\n&#8211; 2 msk. vispgr\u00e4dde<br \/>\n&#8211; Sprite<br \/>\n&#8211; Isbitar<\/p>\n<p>Metod:<br \/>\nSkaka kuba hallon, grenadin och vispad gr\u00e4dde med isbitar i en skakare och s\u00e4g det \u00f6ver i ett cocktailglas. Topp upp med sprite, dekorationer med f\u00e4rska hallon och servera. En klassiker som l\u00e5ter stygg och smakar dock!<\/p>\n<p>Kuba.<br \/>\nKuba \u00e4r Danmarks st\u00f6rsta vodbass\u00e4ng med smak. Den f\u00f6rsta Kuba vodka p\u00e5 marknaden var Kuba Caramel, som lanserades 1998. Sedan dess har m\u00e5nga l\u00e4ckra, smakfulla och f\u00e4rgglada familjemedlemmar kommit i serien &#8211; och vi \u00e4lskar var och en.<\/p>\n<p>Imponera dina v\u00e4nner och familj med f\u00e4rgglada, l\u00e4ckra drycker och cocktails. Med Kuba \u00e4r det bara fantasin som s\u00e4tter gr\u00e4nser!<\/p>\n","protected":false},"excerpt":{"rendered":"<p>Danish Flavored Vodka<\/p>\n","protected":false},"featured_media":7964,"template":"","meta":{"_acf_changed":false,"rs_blank_template":"","rs_page_bg_color":"","slide_template_v7":""},"product_brand":[],"product_cat":[4614,2402,2409],"product_tag":[],"class_list":{"0":"post-16725","1":"product","2":"type-product","3":"status-publish","4":"has-post-thumbnail","6":"product_cat-flavoured-sv","7":"product_cat-sprit-sv","8":"product_cat-vodka-sv","9":"pa_land-danmark-sv","10":"pa_procent-30-sv","11":"pa_producent-spritfabrikken-danmark-sv","12":"pa_volume-70-sv-2","14":"first","15":"instock","16":"taxable","17":"shipping-taxable","18":"purchasable","19":"product-type-simple"},"bundled_by":[],"bundle_stock_status":"instock","bundle_stock_quantity":null,"bundle_virtual":false,"bundle_layout":"","bundle_add_to_cart_form_location":"","bundle_editable_in_cart":false,"bundle_sold_individually_context":"","bundle_item_grouping":"","bundle_min_size":"","bundle_max_size":"","bundle_price":[],"bundled_items":[],"bundle_sell_ids":[],"acf":[],"_links":{"self":[{"href":"https:\/\/www.raschvin.com\/sv\/wp-json\/wp\/v2\/product\/16725","targetHints":{"allow":["GET"]}}],"collection":[{"href":"https:\/\/www.raschvin.com\/sv\/wp-json\/wp\/v2\/product"}],"about":[{"href":"https:\/\/www.raschvin.com\/sv\/wp-json\/wp\/v2\/types\/product"}],"wp:featuredmedia":[{"embeddable":true,"href":"https:\/\/www.raschvin.com\/sv\/wp-json\/wp\/v2\/media\/7964"}],"wp:attachment":[{"href":"https:\/\/www.raschvin.com\/sv\/wp-json\/wp\/v2\/media?parent=16725"}],"wp:term":[{"taxonomy":"product_brand","embeddable":true,"href":"https:\/\/www.raschvin.com\/sv\/wp-json\/wp\/v2\/product_brand?post=16725"},{"taxonomy":"product_cat","embeddable":true,"href":"https:\/\/www.raschvin.com\/sv\/wp-json\/wp\/v2\/product_cat?post=16725"},{"taxonomy":"product_tag","embeddable":true,"href":"https:\/\/www.raschvin.com\/sv\/wp-json\/wp\/v2\/product_tag?post=16725"}],"curies":[{"name":"wp","href":"https:\/\/api.w.org\/{rel}","templated":true}]}}