{"id":16724,"date":"2022-05-30T10:35:25","date_gmt":"2022-05-30T08:35:25","guid":{"rendered":"https:\/\/www.raschvin.com\/vare\/cuba-pure-vodka-premium-37-5\/"},"modified":"2023-03-17T19:32:28","modified_gmt":"2023-03-17T18:32:28","slug":"cuba-pure-vodka-premium-37-5","status":"publish","type":"product","link":"https:\/\/www.raschvin.com\/sv\/produkt\/cuba-pure-vodka-premium-37-5\/","title":{"rendered":"CUBA Pure Vodka Premium 70 cl. 37,5%"},"content":{"rendered":"<p>Kuba Pure Vodka Premium \u00e4r gjord av den finaste, rena vodka, som destilleras under 3 g\u00e5nger. Denna vodka har en fin mjuk och ren smak och kan blandas med n\u00e4stan allt! Om du \u00e4r f\u00f6r den rena, mjuka vodka smaken, kan Kuba Pure Vodka Premium ocks\u00e5 avnjutas coolt med isbitar.<\/p>\n<p>F\u00f6rslag<br \/>\nV\u00e5ffla b\u00e4ver<br \/>\n&#8211; 2 cl. Kuba Pure Vodka Premium<br \/>\n&#8211; \u00c4ppeljuice<br \/>\n&#8211; krossad is<\/p>\n<p>Handlingsplan:<br \/>\nKuba ren vodka premium h\u00e4lls \u00f6ver krossad is i ett fint glas, fyllt upp med \u00e4ppeljuice och serveras. Apple Shot!<\/p>\n<p>Kuba.<br \/>\nKuba \u00e4r Danmarks st\u00f6rsta vodbass\u00e4ng med smak. Den f\u00f6rsta Kuba vodka p\u00e5 marknaden var Kuba Caramel, som lanserades 1998. Sedan dess har m\u00e5nga l\u00e4ckra, smakfulla och f\u00e4rgglada familjemedlemmar kommit i serien &#8211; och vi \u00e4lskar var och en.<\/p>\n<p>Imponera dina v\u00e4nner och familj med f\u00e4rgglada, l\u00e4ckra drycker och cocktails. Med Kuba \u00e4r det bara fantasin som s\u00e4tter gr\u00e4nser!<\/p>\n","protected":false},"excerpt":{"rendered":"<p>Danish Plain Vodka<\/p>\n","protected":false},"featured_media":7954,"template":"","meta":{"_acf_changed":false,"rs_blank_template":"","rs_page_bg_color":"","slide_template_v7":""},"product_brand":[],"product_cat":[2402,2409,4609],"product_tag":[],"class_list":{"0":"post-16724","1":"product","2":"type-product","3":"status-publish","4":"has-post-thumbnail","6":"product_cat-sprit-sv","7":"product_cat-vodka-sv","8":"product_cat-plain-sv","9":"pa_land-danmark-sv","10":"pa_procent-37-5-sv","11":"pa_producent-spritfabrikken-danmark-sv","12":"pa_volume-70-sv-2","14":"first","15":"instock","16":"taxable","17":"shipping-taxable","18":"purchasable","19":"product-type-simple"},"bundled_by":[],"bundle_stock_status":"instock","bundle_stock_quantity":null,"bundle_virtual":false,"bundle_layout":"","bundle_add_to_cart_form_location":"","bundle_editable_in_cart":false,"bundle_sold_individually_context":"","bundle_item_grouping":"","bundle_min_size":"","bundle_max_size":"","bundle_price":[],"bundled_items":[],"bundle_sell_ids":[],"acf":[],"_links":{"self":[{"href":"https:\/\/www.raschvin.com\/sv\/wp-json\/wp\/v2\/product\/16724","targetHints":{"allow":["GET"]}}],"collection":[{"href":"https:\/\/www.raschvin.com\/sv\/wp-json\/wp\/v2\/product"}],"about":[{"href":"https:\/\/www.raschvin.com\/sv\/wp-json\/wp\/v2\/types\/product"}],"wp:featuredmedia":[{"embeddable":true,"href":"https:\/\/www.raschvin.com\/sv\/wp-json\/wp\/v2\/media\/7954"}],"wp:attachment":[{"href":"https:\/\/www.raschvin.com\/sv\/wp-json\/wp\/v2\/media?parent=16724"}],"wp:term":[{"taxonomy":"product_brand","embeddable":true,"href":"https:\/\/www.raschvin.com\/sv\/wp-json\/wp\/v2\/product_brand?post=16724"},{"taxonomy":"product_cat","embeddable":true,"href":"https:\/\/www.raschvin.com\/sv\/wp-json\/wp\/v2\/product_cat?post=16724"},{"taxonomy":"product_tag","embeddable":true,"href":"https:\/\/www.raschvin.com\/sv\/wp-json\/wp\/v2\/product_tag?post=16724"}],"curies":[{"name":"wp","href":"https:\/\/api.w.org\/{rel}","templated":true}]}}