{"id":16723,"date":"2022-05-30T10:34:03","date_gmt":"2022-05-30T08:34:03","guid":{"rendered":"https:\/\/www.raschvin.com\/vare\/cuba-apricot-30\/"},"modified":"2022-11-14T10:58:24","modified_gmt":"2022-11-14T09:58:24","slug":"cuba-apricot-30","status":"publish","type":"product","link":"https:\/\/www.raschvin.com\/sv\/produkt\/cuba-apricot-30\/","title":{"rendered":"CUBA Apricot 70 cl. 30%"},"content":{"rendered":"<p>Sommar, kul, fest och problem &#8211; Kuba Aprikos har allt i en munnen! Kuba aprikos destilleras 3 g\u00e5nger och har en oemotst\u00e5ndlig fr\u00e4sch och fruktig smak av aprikos.<\/p>\n<p>M\u00f6jligheterna \u00e4r m\u00e5nga. Du kan g\u00f6ra l\u00e4ckra drycker och cocktails med Cuba Aprikos, bara genom att blanda med l\u00e4sk eller juice. Kuba aprikos kan ocks\u00e5 skakas med is och haft ren &#8211; bara fantasin s\u00e4tter gr\u00e4nsen!<\/p>\n<p>F\u00f6rslag<\/p>\n<p>Apricot Spritz.<br \/>\n&#8211; 2 cl. Kuba aprikos.<br \/>\n&#8211; Mousserande vin<br \/>\n&#8211; Isbitar<br \/>\n&#8211; F\u00e4rska mintblad<br \/>\n&#8211; F\u00e4rska orange skivor<\/p>\n<p>Handlingsplan:<br \/>\nH\u00e4ll isbitar i ett vinglas och l\u00e4gg till Cuba Aprikos. Top upp med mousserande vin, dekorera med f\u00e4rska mintblad och f\u00e4rska skivor apelsin och njut av en uts\u00f6kt, uppfriskande aprikos spritz.<\/p>\n<p>Kuba.<br \/>\nKuba \u00e4r Danmarks st\u00f6rsta vodbass\u00e4ng med smak. Den f\u00f6rsta Kuba vodka p\u00e5 marknaden var Kuba Caramel, som lanserades 1998. Sedan dess har m\u00e5nga l\u00e4ckra, smakfulla och f\u00e4rgglada familjemedlemmar kommit i serien &#8211; och vi \u00e4lskar var och en.<\/p>\n<p>Imponera dina v\u00e4nner och familj med f\u00e4rgglada, l\u00e4ckra drycker och cocktails. Med Kuba \u00e4r det bara fantasin som s\u00e4tter gr\u00e4nser!<\/p>\n","protected":false},"excerpt":{"rendered":"<p>Danish Flavored Vodka<\/p>\n","protected":false},"featured_media":7944,"template":"","meta":{"_acf_changed":false,"rs_blank_template":"","rs_page_bg_color":"","slide_template_v7":""},"product_brand":[],"product_cat":[2402,2409,4614],"product_tag":[],"class_list":{"0":"post-16723","1":"product","2":"type-product","3":"status-publish","4":"has-post-thumbnail","6":"product_cat-sprit-sv","7":"product_cat-vodka-sv","8":"product_cat-flavoured-sv","9":"pa_land-danmark-sv","10":"pa_procent-30-sv","11":"pa_producent-spritfabrikken-danmark-sv","12":"pa_volume-70-sv-2","14":"first","15":"instock","16":"taxable","17":"shipping-taxable","18":"purchasable","19":"product-type-simple"},"bundled_by":[],"bundle_stock_status":"instock","bundle_stock_quantity":null,"bundle_virtual":false,"bundle_layout":"","bundle_add_to_cart_form_location":"","bundle_editable_in_cart":false,"bundle_sold_individually_context":"","bundle_item_grouping":"","bundle_min_size":"","bundle_max_size":"","bundle_price":[],"bundled_items":[],"bundle_sell_ids":[],"acf":[],"_links":{"self":[{"href":"https:\/\/www.raschvin.com\/sv\/wp-json\/wp\/v2\/product\/16723","targetHints":{"allow":["GET"]}}],"collection":[{"href":"https:\/\/www.raschvin.com\/sv\/wp-json\/wp\/v2\/product"}],"about":[{"href":"https:\/\/www.raschvin.com\/sv\/wp-json\/wp\/v2\/types\/product"}],"wp:featuredmedia":[{"embeddable":true,"href":"https:\/\/www.raschvin.com\/sv\/wp-json\/wp\/v2\/media\/7944"}],"wp:attachment":[{"href":"https:\/\/www.raschvin.com\/sv\/wp-json\/wp\/v2\/media?parent=16723"}],"wp:term":[{"taxonomy":"product_brand","embeddable":true,"href":"https:\/\/www.raschvin.com\/sv\/wp-json\/wp\/v2\/product_brand?post=16723"},{"taxonomy":"product_cat","embeddable":true,"href":"https:\/\/www.raschvin.com\/sv\/wp-json\/wp\/v2\/product_cat?post=16723"},{"taxonomy":"product_tag","embeddable":true,"href":"https:\/\/www.raschvin.com\/sv\/wp-json\/wp\/v2\/product_tag?post=16723"}],"curies":[{"name":"wp","href":"https:\/\/api.w.org\/{rel}","templated":true}]}}