{"id":16721,"date":"2022-05-30T10:34:03","date_gmt":"2022-05-30T08:34:03","guid":{"rendered":"https:\/\/www.raschvin.com\/vare\/cuba-caramel-30\/"},"modified":"2022-11-14T11:01:21","modified_gmt":"2022-11-14T10:01:21","slug":"cuba-caramel-30","status":"publish","type":"product","link":"https:\/\/www.raschvin.com\/sv\/produkt\/cuba-caramel-30\/","title":{"rendered":"CUBA Caramel 70 cl. 30%"},"content":{"rendered":"<p>\u00c4ventyr, en kv\u00e4ll vid eldstaden eller en promenad i stan? Kuba karamelll med en syndig smak av karamelll kan alla! Den \u00e4r gjord av den finaste vodka, som destilleras 3 g\u00e5nger, vilket bidrar till en mjuk, rund och uts\u00f6kt smak av karamelll.<\/p>\n<p>Denna vodka kan avnjutas ren eller blandas i drycker och cocktails. Dessutom \u00e4r det ocks\u00e5 utm\u00e4rkt i varm kakao och kaffe &#8211; b\u00e5da med och utan vispgr\u00e4dde.<\/p>\n<p>F\u00f6rslag<br \/>\nChampusbrus<br \/>\n&#8211; 2 cl. Kuba karamelll.<br \/>\n&#8211; 1 cl. Nypressad limjuice<br \/>\n&#8211; Green Soda<br \/>\n&#8211; En skiva kalk<br \/>\n&#8211; krossad is<\/p>\n<p>Handlingsplan:<br \/>\nFyll ett l\u00e5ngt drinkglas halv upp med krossad glass. H\u00e4ll kuba karamelll och limejuice \u00f6ver och fyll i gr\u00f6n soda. Dekorera med en skiva av lime och servera.<\/p>\n<p>Kuba.<br \/>\nKuba \u00e4r Danmarks st\u00f6rsta vodbass\u00e4ng med smak. Den f\u00f6rsta Kuba vodka p\u00e5 marknaden var Kuba Caramel, som lanserades 1998. Sedan dess har m\u00e5nga l\u00e4ckra, smakfulla och f\u00e4rgglada familjemedlemmar kommit i serien &#8211; och vi \u00e4lskar var och en.<\/p>\n<p>Imponera dina v\u00e4nner och familj med f\u00e4rgglada, l\u00e4ckra drycker och cocktails. Med Kuba \u00e4r det bara fantasin som s\u00e4tter gr\u00e4nser!<\/p>\n","protected":false},"excerpt":{"rendered":"<p>Danish Flavored Vodka<\/p>\n","protected":false},"featured_media":32837,"template":"","meta":{"_acf_changed":false,"rs_blank_template":"","rs_page_bg_color":"","slide_template_v7":""},"product_brand":[],"product_cat":[4614,2402,2409],"product_tag":[],"class_list":{"0":"post-16721","1":"product","2":"type-product","3":"status-publish","4":"has-post-thumbnail","6":"product_cat-flavoured-sv","7":"product_cat-sprit-sv","8":"product_cat-vodka-sv","9":"pa_land-danmark-sv","10":"pa_procent-30-sv","11":"pa_producent-spritfabrikken-danmark-sv","12":"pa_volume-70-sv-2","14":"first","15":"instock","16":"taxable","17":"shipping-taxable","18":"purchasable","19":"product-type-simple"},"bundled_by":[],"bundle_stock_status":"instock","bundle_stock_quantity":null,"bundle_virtual":false,"bundle_layout":"","bundle_add_to_cart_form_location":"","bundle_editable_in_cart":false,"bundle_sold_individually_context":"","bundle_item_grouping":"","bundle_min_size":"","bundle_max_size":"","bundle_price":[],"bundled_items":[],"bundle_sell_ids":[],"acf":[],"_links":{"self":[{"href":"https:\/\/www.raschvin.com\/sv\/wp-json\/wp\/v2\/product\/16721","targetHints":{"allow":["GET"]}}],"collection":[{"href":"https:\/\/www.raschvin.com\/sv\/wp-json\/wp\/v2\/product"}],"about":[{"href":"https:\/\/www.raschvin.com\/sv\/wp-json\/wp\/v2\/types\/product"}],"wp:featuredmedia":[{"embeddable":true,"href":"https:\/\/www.raschvin.com\/sv\/wp-json\/wp\/v2\/media\/32837"}],"wp:attachment":[{"href":"https:\/\/www.raschvin.com\/sv\/wp-json\/wp\/v2\/media?parent=16721"}],"wp:term":[{"taxonomy":"product_brand","embeddable":true,"href":"https:\/\/www.raschvin.com\/sv\/wp-json\/wp\/v2\/product_brand?post=16721"},{"taxonomy":"product_cat","embeddable":true,"href":"https:\/\/www.raschvin.com\/sv\/wp-json\/wp\/v2\/product_cat?post=16721"},{"taxonomy":"product_tag","embeddable":true,"href":"https:\/\/www.raschvin.com\/sv\/wp-json\/wp\/v2\/product_tag?post=16721"}],"curies":[{"name":"wp","href":"https:\/\/api.w.org\/{rel}","templated":true}]}}