{"id":16716,"date":"2022-05-30T10:34:03","date_gmt":"2022-05-30T08:34:03","guid":{"rendered":"https:\/\/www.raschvin.com\/vare\/sma-gra-16-4-100-cl\/"},"modified":"2022-12-07T10:51:25","modified_gmt":"2022-12-07T09:51:25","slug":"smaa-graa-16-4-100-cl","status":"publish","type":"product","link":"https:\/\/www.raschvin.com\/sv\/produkt\/smaa-graa-16-4-100-cl\/","title":{"rendered":"SM\u00c5 GR\u00c5 Danish Pepper Drops 100 cl. 16,4%"},"content":{"rendered":"<p>Maj gr\u00e5 dansk peppar droppar \u00e4r ett skott som \u00e4r vild, varmt, s\u00f6tt och mjukt &#8211; allt i munnen. Liten gr\u00e5 \u00e4r gjord p\u00e5 Real Pepper Bolcher och smakar som de allra f\u00f6rsta godisbilder som kom p\u00e5 90-talet. En sann klassiker! Kan vara full vid rumstemperatur eller kyld &#8211; \u00e4r ocks\u00e5 l\u00e4mplig som medf\u00f6ljande \u00f6l.<\/p>\n<p>Alkoholfabriken Danmark som distribuerar vin och andar \u00e4r ett dotterbolag till bolaget Huwa Holding och en del av Huwa Holding Group. Premium Production ApS \u00e4r det producerande f\u00f6retaget i koncernen, d\u00e4r tillverkarens enda kund \u00e4r Spritfabrikken Danmark ApS.<\/p>\n","protected":false},"excerpt":{"rendered":"<p>Danish Liquorice Shot<\/p>\n","protected":false},"featured_media":7883,"template":"","meta":{"_acf_changed":false,"rs_blank_template":"","rs_page_bg_color":"","slide_template_v7":""},"product_brand":[],"product_cat":[2387,2390,2402,2407,4666],"product_tag":[],"class_list":{"0":"post-16716","1":"product","2":"type-product","3":"status-publish","4":"has-post-thumbnail","6":"product_cat-avec-sv","7":"product_cat-sprit","8":"product_cat-sprit-sv","9":"product_cat-shots-sv","10":"product_cat-lakrits-sprit","11":"pa_land-danmark-sv","12":"pa_procent-16-4-sv","13":"pa_producent-spritfabrikken-danmark-sv","14":"pa_volume-100-sv","16":"first","17":"outofstock","18":"taxable","19":"shipping-taxable","20":"purchasable","21":"product-type-simple"},"bundled_by":[],"bundle_stock_status":"outofstock","bundle_stock_quantity":null,"bundle_virtual":false,"bundle_layout":"","bundle_add_to_cart_form_location":"","bundle_editable_in_cart":false,"bundle_sold_individually_context":"","bundle_item_grouping":"","bundle_min_size":"","bundle_max_size":"","bundle_price":[],"bundled_items":[],"bundle_sell_ids":[],"acf":[],"_links":{"self":[{"href":"https:\/\/www.raschvin.com\/sv\/wp-json\/wp\/v2\/product\/16716","targetHints":{"allow":["GET"]}}],"collection":[{"href":"https:\/\/www.raschvin.com\/sv\/wp-json\/wp\/v2\/product"}],"about":[{"href":"https:\/\/www.raschvin.com\/sv\/wp-json\/wp\/v2\/types\/product"}],"wp:featuredmedia":[{"embeddable":true,"href":"https:\/\/www.raschvin.com\/sv\/wp-json\/wp\/v2\/media\/7883"}],"wp:attachment":[{"href":"https:\/\/www.raschvin.com\/sv\/wp-json\/wp\/v2\/media?parent=16716"}],"wp:term":[{"taxonomy":"product_brand","embeddable":true,"href":"https:\/\/www.raschvin.com\/sv\/wp-json\/wp\/v2\/product_brand?post=16716"},{"taxonomy":"product_cat","embeddable":true,"href":"https:\/\/www.raschvin.com\/sv\/wp-json\/wp\/v2\/product_cat?post=16716"},{"taxonomy":"product_tag","embeddable":true,"href":"https:\/\/www.raschvin.com\/sv\/wp-json\/wp\/v2\/product_tag?post=16716"}],"curies":[{"name":"wp","href":"https:\/\/api.w.org\/{rel}","templated":true}]}}