{"id":16715,"date":"2022-05-30T10:34:03","date_gmt":"2022-05-30T08:34:03","guid":{"rendered":"https:\/\/www.raschvin.com\/vare\/sma-jule-shots-16-4-100-cl-pebermynte-juleshot\/"},"modified":"2022-12-07T09:02:00","modified_gmt":"2022-12-07T08:02:00","slug":"smaa-jule-shots-16-4-100-cl-pebermynte-juleshot","status":"publish","type":"product","link":"https:\/\/www.raschvin.com\/sv\/produkt\/smaa-jule-shots-16-4-100-cl-pebermynte-juleshot\/","title":{"rendered":"SM\u00c5 Jule Shots Pebermynte Juleshot 100 cl. 16,4%"},"content":{"rendered":"<p>Sm\u00e5 pepparmynta Juleshot \u00e4r ett julskott som smakar av de ber\u00f6mda julpinnarna!<\/p>\n<p>Liten pepparmynta Juleshot \u00e4r ett gott nytt skott p\u00e5 den finaste rena vodka med en h\u00e4rlig rundad smak av pepparmynta. Sm\u00e5 pepparmynta Juleshot \u00e4r f\u00f6r dem som vill sk\u00e5la i n\u00e5got annat \u00e4n snaps f\u00f6r julfest och juls m\u00e5nga fester. Liten pepparmynta Juleshot \u00e4r perfekt som v\u00e4rdg\u00e5va, f\u00f6rdelar eller i en julkorg.<\/p>\n<p>Liten pepparmynta Juleshot kan serveras delvis som skott, men ocks\u00e5 med f\u00f6rdel blanda f\u00f6r drycker.<\/p>\n<p>Alkoholfabriken Danmark som distribuerar vin och andar \u00e4r ett dotterbolag till bolaget Huwa Holding och en del av Huwa Holding Group. Premium Production ApS \u00e4r det producerande f\u00f6retaget i koncernen, d\u00e4r tillverkarens enda kund \u00e4r Spritfabrikken Danmark ApS.<\/p>\n","protected":false},"excerpt":{"rendered":"<p>Danish Christmas Peppermint Vodka Shot<\/p>\n","protected":false},"featured_media":7876,"template":"","meta":{"_acf_changed":false,"rs_blank_template":"","rs_page_bg_color":"","slide_template_v7":""},"product_brand":[],"product_cat":[2387,2390,2402,2407,4463,4716],"product_tag":[],"class_list":{"0":"post-16715","1":"product","2":"type-product","3":"status-publish","4":"has-post-thumbnail","6":"product_cat-avec-sv","7":"product_cat-sprit","8":"product_cat-sprit-sv","9":"product_cat-shots-sv","10":"product_cat-jul","11":"product_cat-andra-likorer","12":"pa_land-danmark-sv","13":"pa_procent-16-4-sv","14":"pa_producent-spritfabrikken-danmark-sv","15":"pa_volume-100-sv","17":"first","18":"instock","19":"taxable","20":"shipping-taxable","21":"purchasable","22":"product-type-simple"},"bundled_by":[],"bundle_stock_status":"instock","bundle_stock_quantity":null,"bundle_virtual":false,"bundle_layout":"","bundle_add_to_cart_form_location":"","bundle_editable_in_cart":false,"bundle_sold_individually_context":"","bundle_item_grouping":"","bundle_min_size":"","bundle_max_size":"","bundle_price":[],"bundled_items":[],"bundle_sell_ids":[],"acf":[],"_links":{"self":[{"href":"https:\/\/www.raschvin.com\/sv\/wp-json\/wp\/v2\/product\/16715","targetHints":{"allow":["GET"]}}],"collection":[{"href":"https:\/\/www.raschvin.com\/sv\/wp-json\/wp\/v2\/product"}],"about":[{"href":"https:\/\/www.raschvin.com\/sv\/wp-json\/wp\/v2\/types\/product"}],"wp:featuredmedia":[{"embeddable":true,"href":"https:\/\/www.raschvin.com\/sv\/wp-json\/wp\/v2\/media\/7876"}],"wp:attachment":[{"href":"https:\/\/www.raschvin.com\/sv\/wp-json\/wp\/v2\/media?parent=16715"}],"wp:term":[{"taxonomy":"product_brand","embeddable":true,"href":"https:\/\/www.raschvin.com\/sv\/wp-json\/wp\/v2\/product_brand?post=16715"},{"taxonomy":"product_cat","embeddable":true,"href":"https:\/\/www.raschvin.com\/sv\/wp-json\/wp\/v2\/product_cat?post=16715"},{"taxonomy":"product_tag","embeddable":true,"href":"https:\/\/www.raschvin.com\/sv\/wp-json\/wp\/v2\/product_tag?post=16715"}],"curies":[{"name":"wp","href":"https:\/\/api.w.org\/{rel}","templated":true}]}}