{"id":16714,"date":"2022-05-30T10:34:03","date_gmt":"2022-05-30T08:34:03","guid":{"rendered":"https:\/\/www.raschvin.com\/vare\/sma-konger-16-4-100-cl\/"},"modified":"2023-04-04T11:19:24","modified_gmt":"2023-04-04T09:19:24","slug":"smaa-konger-16-4-100-cl__trashed","status":"publish","type":"product","link":"https:\/\/www.raschvin.com\/sv\/produkt\/smaa-konger-16-4-100-cl__trashed\/","title":{"rendered":"SM\u00c5 KONGER 100 cl. 16,4%"},"content":{"rendered":"<p>Sm\u00e5 kungar \u00e4r en vodkashot med smaken av kungen i Danmark Bolcher. Sm\u00e5 kungar har en fin r\u00f6d f\u00e4rg och den karakteristiska ljuset och s\u00f6ta lakrits \/ anisduft och smak med en touch av r\u00f6da b\u00e4r. Njut av b\u00e4sta kylda &#8211; \u00e4r ocks\u00e5 l\u00e4mplig som f\u00f6ljeslagare till \u00f6l.<\/p>\n<p>Kungen i Danmark Bolch h\u00e4rstammar fr\u00e5n 1700-talet. Enligt legenden, kung kristen d. 5. ont i halsen och kallade hennes livsl\u00e5nga, f\u00f6reskrivna anisolie, men som det smakade starkt, skulle kungen inte ta det. Livtagaren hade dock h\u00f6rt att apotekare tillsatte l\u00e4kemedlet till en sockermassa med lite r\u00f6dbetor, som blev fina r\u00f6da bolor, som kung kristen d. 5. Happy Ate &#8211; och han var frisk &#8211; och hur var kungen av Danmark bolchs.<\/p>\n<p>Alkoholfabriken Danmark som distribuerar vin och andar \u00e4r ett dotterbolag till bolaget Huwa Holding och en del av Huwa Holding Group. Premium Production ApS \u00e4r det producerande f\u00f6retaget i koncernen, d\u00e4r tillverkarens enda kund \u00e4r Spritfabrikken Danmark ApS.<\/p>\n","protected":false},"excerpt":{"rendered":"<p>Danish Vodka Spirit Drink<\/p>\n","protected":false},"featured_media":7869,"template":"","meta":{"_acf_changed":false,"rs_blank_template":"","rs_page_bg_color":"","slide_template_v7":""},"product_brand":[],"product_cat":[2387,4666,2407,2390,2402],"product_tag":[],"class_list":{"0":"post-16714","1":"product","2":"type-product","3":"status-publish","4":"has-post-thumbnail","6":"product_cat-avec-sv","7":"product_cat-lakrits-sprit","8":"product_cat-shots-sv","9":"product_cat-sprit","10":"product_cat-sprit-sv","11":"pa_land-danmark-sv","12":"pa_procent-16-4-sv","13":"pa_producent-spritfabrikken-danmark-sv","14":"pa_volume-100-sv","16":"first","17":"instock","18":"taxable","19":"shipping-taxable","20":"purchasable","21":"product-type-simple"},"bundled_by":[],"bundle_stock_status":"instock","bundle_stock_quantity":null,"bundle_virtual":false,"bundle_layout":"","bundle_add_to_cart_form_location":"","bundle_editable_in_cart":false,"bundle_sold_individually_context":"","bundle_item_grouping":"","bundle_min_size":"","bundle_max_size":"","bundle_price":[],"bundled_items":[],"bundle_sell_ids":[],"acf":[],"_links":{"self":[{"href":"https:\/\/www.raschvin.com\/sv\/wp-json\/wp\/v2\/product\/16714","targetHints":{"allow":["GET"]}}],"collection":[{"href":"https:\/\/www.raschvin.com\/sv\/wp-json\/wp\/v2\/product"}],"about":[{"href":"https:\/\/www.raschvin.com\/sv\/wp-json\/wp\/v2\/types\/product"}],"wp:featuredmedia":[{"embeddable":true,"href":"https:\/\/www.raschvin.com\/sv\/wp-json\/wp\/v2\/media\/7869"}],"wp:attachment":[{"href":"https:\/\/www.raschvin.com\/sv\/wp-json\/wp\/v2\/media?parent=16714"}],"wp:term":[{"taxonomy":"product_brand","embeddable":true,"href":"https:\/\/www.raschvin.com\/sv\/wp-json\/wp\/v2\/product_brand?post=16714"},{"taxonomy":"product_cat","embeddable":true,"href":"https:\/\/www.raschvin.com\/sv\/wp-json\/wp\/v2\/product_cat?post=16714"},{"taxonomy":"product_tag","embeddable":true,"href":"https:\/\/www.raschvin.com\/sv\/wp-json\/wp\/v2\/product_tag?post=16714"}],"curies":[{"name":"wp","href":"https:\/\/api.w.org\/{rel}","templated":true}]}}