{"id":16707,"date":"2022-05-30T10:32:42","date_gmt":"2022-05-30T08:32:42","guid":{"rendered":"https:\/\/www.raschvin.com\/vare\/sma-sure-sour-blueberry-16-4-100-cl\/"},"modified":"2022-12-07T10:16:18","modified_gmt":"2022-12-07T09:16:18","slug":"smaa-sure-sour-blueberry-16-4-100-cl","status":"publish","type":"product","link":"https:\/\/www.raschvin.com\/sv\/produkt\/smaa-sure-sour-blueberry-16-4-100-cl\/","title":{"rendered":"SM\u00c5 SURE Sour Blueberry 100 cl. 16,4%"},"content":{"rendered":"<p>Liten s\u00e4ker sura bl\u00e5b\u00e4r \u00e4r ett gott skott som produceras p\u00e5 en bas av ren vodka tillsatt sur och en underbar uppfriskande smak av soliga bl\u00e5b\u00e4r. Kombinationen av sur och bl\u00e5b\u00e4r ger en skarp, sur smak med en l\u00e4tt s\u00f6tma &#8211; ett friskt och gott skott, vilket kan avnjutas iskallt skaket med is i ett skottglas &#8211; som &#8221;sur bomb&#8221; med energidryck eller som mixer i drycker och cocktails.<\/p>\n<p>Alkoholfabriken Danmark som distribuerar vin och andar \u00e4r ett dotterbolag till bolaget Huwa Holding och en del av Huwa Holding Group. Premium Production ApS \u00e4r det producerande f\u00f6retaget i koncernen, d\u00e4r tillverkarens enda kund \u00e4r Spritfabrikken Danmark ApS.<\/p>\n","protected":false},"excerpt":{"rendered":"<p>Danish Sweet &#038; Sour Spirit Drink<\/p>\n","protected":false},"featured_media":35120,"template":"","meta":{"_acf_changed":false,"rs_blank_template":"","rs_page_bg_color":"","slide_template_v7":""},"product_brand":[],"product_cat":[2387,2390,2402,2407,4670],"product_tag":[],"class_list":{"0":"post-16707","1":"product","2":"type-product","3":"status-publish","4":"has-post-thumbnail","6":"product_cat-avec-sv","7":"product_cat-sprit","8":"product_cat-sprit-sv","9":"product_cat-shots-sv","10":"product_cat-frukt","11":"pa_land-danmark-sv","12":"pa_procent-16-4-sv","13":"pa_producent-spritfabrikken-danmark-sv","14":"pa_volume-100-sv","16":"first","17":"instock","18":"taxable","19":"shipping-taxable","20":"purchasable","21":"product-type-simple"},"bundled_by":[],"bundle_stock_status":"instock","bundle_stock_quantity":null,"bundle_virtual":false,"bundle_layout":"","bundle_add_to_cart_form_location":"","bundle_editable_in_cart":false,"bundle_sold_individually_context":"","bundle_item_grouping":"","bundle_min_size":"","bundle_max_size":"","bundle_price":[],"bundled_items":[],"bundle_sell_ids":[],"acf":[],"_links":{"self":[{"href":"https:\/\/www.raschvin.com\/sv\/wp-json\/wp\/v2\/product\/16707","targetHints":{"allow":["GET"]}}],"collection":[{"href":"https:\/\/www.raschvin.com\/sv\/wp-json\/wp\/v2\/product"}],"about":[{"href":"https:\/\/www.raschvin.com\/sv\/wp-json\/wp\/v2\/types\/product"}],"wp:featuredmedia":[{"embeddable":true,"href":"https:\/\/www.raschvin.com\/sv\/wp-json\/wp\/v2\/media\/35120"}],"wp:attachment":[{"href":"https:\/\/www.raschvin.com\/sv\/wp-json\/wp\/v2\/media?parent=16707"}],"wp:term":[{"taxonomy":"product_brand","embeddable":true,"href":"https:\/\/www.raschvin.com\/sv\/wp-json\/wp\/v2\/product_brand?post=16707"},{"taxonomy":"product_cat","embeddable":true,"href":"https:\/\/www.raschvin.com\/sv\/wp-json\/wp\/v2\/product_cat?post=16707"},{"taxonomy":"product_tag","embeddable":true,"href":"https:\/\/www.raschvin.com\/sv\/wp-json\/wp\/v2\/product_tag?post=16707"}],"curies":[{"name":"wp","href":"https:\/\/api.w.org\/{rel}","templated":true}]}}