{"id":16703,"date":"2022-05-30T10:31:14","date_gmt":"2022-05-30T08:31:14","guid":{"rendered":"https:\/\/www.raschvin.com\/vare\/sma-sure-sour-strawberry-16-4-100-cl\/"},"modified":"2022-12-07T10:32:18","modified_gmt":"2022-12-07T09:32:18","slug":"smaa-sure-sour-strawberry-16-4-100-cl","status":"publish","type":"product","link":"https:\/\/www.raschvin.com\/sv\/produkt\/smaa-sure-sour-strawberry-16-4-100-cl\/","title":{"rendered":"SM\u00c5 SURE Sour Strawberry 100 cl. 16,4%"},"content":{"rendered":"<p>Liten s\u00e4ker sur jordgubbe \u00e4r ett surt skott med en ny smak av solmannade jordgubbar. Den \u00e4r gjord p\u00e5 en bas av vodka tillsatt noggrant utvalda ingredienser f\u00f6r att uppn\u00e5 den perfekta balansen mellan s\u00f6thet och den sura smaken. Smaken av jordgubbar \u00e4r otroligt popul\u00e4r och med den sura twisten har liten surt sur jordgubbe en bekv\u00e4m, mycket fr\u00e4sch och v\u00e4lkomnande smak d\u00e4r sur ger en extra pift.<\/p>\n<p>Liten s\u00e4ker sur jordgubbe kan serveras delvis som skott, men ocks\u00e5 med f\u00f6rdel blanda f\u00f6r drycker.<\/p>\n<p>Alkoholfabriken Danmark som distribuerar vin och andar \u00e4r ett dotterbolag till bolaget Huwa Holding och en del av Huwa Holding Group. Premium Production ApS \u00e4r det producerande f\u00f6retaget i koncernen, d\u00e4r tillverkarens enda kund \u00e4r Spritfabrikken Danmark ApS.<\/p>\n","protected":false},"excerpt":{"rendered":"<p>Danish Sweet &#038; Sour Spirit Drink<\/p>\n","protected":false},"featured_media":7765,"template":"","meta":{"_acf_changed":false,"rs_blank_template":"","rs_page_bg_color":"","slide_template_v7":""},"product_brand":[],"product_cat":[2387,4670,2407,2390,2402],"product_tag":[],"class_list":{"0":"post-16703","1":"product","2":"type-product","3":"status-publish","4":"has-post-thumbnail","6":"product_cat-avec-sv","7":"product_cat-frukt","8":"product_cat-shots-sv","9":"product_cat-sprit","10":"product_cat-sprit-sv","11":"pa_land-danmark-sv","12":"pa_procent-16-4-sv","13":"pa_producent-spritfabrikken-danmark-sv","14":"pa_volume-100-sv","16":"first","17":"instock","18":"taxable","19":"shipping-taxable","20":"purchasable","21":"product-type-simple"},"bundled_by":[],"bundle_stock_status":"instock","bundle_stock_quantity":null,"bundle_virtual":false,"bundle_layout":"","bundle_add_to_cart_form_location":"","bundle_editable_in_cart":false,"bundle_sold_individually_context":"","bundle_item_grouping":"","bundle_min_size":"","bundle_max_size":"","bundle_price":[],"bundled_items":[],"bundle_sell_ids":[],"acf":[],"_links":{"self":[{"href":"https:\/\/www.raschvin.com\/sv\/wp-json\/wp\/v2\/product\/16703","targetHints":{"allow":["GET"]}}],"collection":[{"href":"https:\/\/www.raschvin.com\/sv\/wp-json\/wp\/v2\/product"}],"about":[{"href":"https:\/\/www.raschvin.com\/sv\/wp-json\/wp\/v2\/types\/product"}],"wp:featuredmedia":[{"embeddable":true,"href":"https:\/\/www.raschvin.com\/sv\/wp-json\/wp\/v2\/media\/7765"}],"wp:attachment":[{"href":"https:\/\/www.raschvin.com\/sv\/wp-json\/wp\/v2\/media?parent=16703"}],"wp:term":[{"taxonomy":"product_brand","embeddable":true,"href":"https:\/\/www.raschvin.com\/sv\/wp-json\/wp\/v2\/product_brand?post=16703"},{"taxonomy":"product_cat","embeddable":true,"href":"https:\/\/www.raschvin.com\/sv\/wp-json\/wp\/v2\/product_cat?post=16703"},{"taxonomy":"product_tag","embeddable":true,"href":"https:\/\/www.raschvin.com\/sv\/wp-json\/wp\/v2\/product_tag?post=16703"}],"curies":[{"name":"wp","href":"https:\/\/api.w.org\/{rel}","templated":true}]}}