{"id":16700,"date":"2022-05-30T10:31:14","date_gmt":"2022-05-30T08:31:14","guid":{"rendered":"https:\/\/www.raschvin.com\/vare\/sma-shots-party-pack-10x2cl\/"},"modified":"2022-12-07T09:29:16","modified_gmt":"2022-12-07T08:29:16","slug":"smaa-shots-party-pack-10x2cl","status":"publish","type":"product","link":"https:\/\/www.raschvin.com\/sv\/produkt\/smaa-shots-party-pack-10x2cl\/","title":{"rendered":"SM\u00c5 SHOTS Party Pack 10&#215;2 cl. 16,4%"},"content":{"rendered":"<p>Nu sl\u00e4pper sm\u00e5 bilder ett partipaket med 10 sm\u00e5 sura!<\/p>\n<p>Nu kan du f\u00e5 en mysighetsuppsamling p\u00e5 10 sm\u00e5 skott i en och samma l\u00e5da:<\/p>\n<p>2 st Liten s\u00e4ker sura cola<br \/>\n2 st Sm\u00e5 Sure Sour Bubble Fizz<br \/>\n2 st Liten s\u00e4ker sur bl\u00e5b\u00e4r<br \/>\n2 st Liten s\u00e4ker sur vattenmelon<br \/>\n2 st Liten r\u00f6d hallon lakrits<\/p>\n<p>Roligt! Roligt!<\/p>\n","protected":false},"excerpt":{"rendered":"<p>Danish Sweet &#038; Sour Spirit Drink<\/p>\n","protected":false},"featured_media":7729,"template":"","meta":{"_acf_changed":false,"rs_blank_template":"","rs_page_bg_color":"","slide_template_v7":""},"product_brand":[],"product_cat":[4716,2387,4670,4666,2407,2390,2402],"product_tag":[],"class_list":{"0":"post-16700","1":"product","2":"type-product","3":"status-publish","4":"has-post-thumbnail","6":"product_cat-andra-likorer","7":"product_cat-avec-sv","8":"product_cat-frukt","9":"product_cat-lakrits-sprit","10":"product_cat-shots-sv","11":"product_cat-sprit","12":"product_cat-sprit-sv","13":"pa_land-danmark-sv","14":"pa_procent-16-4-sv","15":"pa_producent-spritfabrikken-danmark-sv","16":"pa_volume-20-sv","18":"first","19":"instock","20":"taxable","21":"shipping-taxable","22":"purchasable","23":"product-type-simple"},"bundled_by":[],"bundle_stock_status":"instock","bundle_stock_quantity":null,"bundle_virtual":false,"bundle_layout":"","bundle_add_to_cart_form_location":"","bundle_editable_in_cart":false,"bundle_sold_individually_context":"","bundle_item_grouping":"","bundle_min_size":"","bundle_max_size":"","bundle_price":[],"bundled_items":[],"bundle_sell_ids":[],"acf":[],"_links":{"self":[{"href":"https:\/\/www.raschvin.com\/sv\/wp-json\/wp\/v2\/product\/16700","targetHints":{"allow":["GET"]}}],"collection":[{"href":"https:\/\/www.raschvin.com\/sv\/wp-json\/wp\/v2\/product"}],"about":[{"href":"https:\/\/www.raschvin.com\/sv\/wp-json\/wp\/v2\/types\/product"}],"wp:featuredmedia":[{"embeddable":true,"href":"https:\/\/www.raschvin.com\/sv\/wp-json\/wp\/v2\/media\/7729"}],"wp:attachment":[{"href":"https:\/\/www.raschvin.com\/sv\/wp-json\/wp\/v2\/media?parent=16700"}],"wp:term":[{"taxonomy":"product_brand","embeddable":true,"href":"https:\/\/www.raschvin.com\/sv\/wp-json\/wp\/v2\/product_brand?post=16700"},{"taxonomy":"product_cat","embeddable":true,"href":"https:\/\/www.raschvin.com\/sv\/wp-json\/wp\/v2\/product_cat?post=16700"},{"taxonomy":"product_tag","embeddable":true,"href":"https:\/\/www.raschvin.com\/sv\/wp-json\/wp\/v2\/product_tag?post=16700"}],"curies":[{"name":"wp","href":"https:\/\/api.w.org\/{rel}","templated":true}]}}