{"id":16696,"date":"2022-05-30T10:31:14","date_gmt":"2022-05-30T08:31:14","guid":{"rendered":"https:\/\/www.raschvin.com\/vare\/ga-jol-original-granataeble-mini-2-cl\/"},"modified":"2022-11-17T18:15:50","modified_gmt":"2022-11-17T17:15:50","slug":"ga-jol-original-granataeble-mini-2-cl","status":"publish","type":"product","link":"https:\/\/www.raschvin.com\/sv\/produkt\/ga-jol-original-granataeble-mini-2-cl\/","title":{"rendered":"Ga-Jol Original Granat\u00e6ble 2 cl. 30%"},"content":{"rendered":"<p>Det ursprungliga Gajol Pomegranate Shot, med den karakteristiska smaken av granat\u00e4pple och lakrits. Gajol granat\u00e4pple skott \u00e4r baserat p\u00e5 den popul\u00e4ra granat\u00e4pplen Gajol blandad med Premium Vodka, vilket ger en betydligt b\u00e4ttre kvalitet \u00e4n m\u00e5nga andra vodka skott.<\/p>\n","protected":false},"excerpt":{"rendered":"<p>Danish Licorice Shot<\/p>\n","protected":false},"featured_media":7707,"template":"","meta":{"_acf_changed":false,"rs_blank_template":"","rs_page_bg_color":"","slide_template_v7":""},"product_brand":[],"product_cat":[2387,4666,2407,2390,2402],"product_tag":[],"class_list":{"0":"post-16696","1":"product","2":"type-product","3":"status-publish","4":"has-post-thumbnail","6":"product_cat-avec-sv","7":"product_cat-lakrits-sprit","8":"product_cat-shots-sv","9":"product_cat-sprit","10":"product_cat-sprit-sv","11":"pa_land-danmark-sv","12":"pa_procent-30-sv","13":"pa_producent-united-drinks-a-s-sv","14":"pa_volume-2-sv","16":"first","17":"outofstock","18":"taxable","19":"shipping-taxable","20":"purchasable","21":"product-type-simple"},"bundled_by":[],"bundle_stock_status":"outofstock","bundle_stock_quantity":null,"bundle_virtual":false,"bundle_layout":"","bundle_add_to_cart_form_location":"","bundle_editable_in_cart":false,"bundle_sold_individually_context":"","bundle_item_grouping":"","bundle_min_size":"","bundle_max_size":"","bundle_price":[],"bundled_items":[],"bundle_sell_ids":[],"acf":[],"_links":{"self":[{"href":"https:\/\/www.raschvin.com\/sv\/wp-json\/wp\/v2\/product\/16696","targetHints":{"allow":["GET"]}}],"collection":[{"href":"https:\/\/www.raschvin.com\/sv\/wp-json\/wp\/v2\/product"}],"about":[{"href":"https:\/\/www.raschvin.com\/sv\/wp-json\/wp\/v2\/types\/product"}],"wp:featuredmedia":[{"embeddable":true,"href":"https:\/\/www.raschvin.com\/sv\/wp-json\/wp\/v2\/media\/7707"}],"wp:attachment":[{"href":"https:\/\/www.raschvin.com\/sv\/wp-json\/wp\/v2\/media?parent=16696"}],"wp:term":[{"taxonomy":"product_brand","embeddable":true,"href":"https:\/\/www.raschvin.com\/sv\/wp-json\/wp\/v2\/product_brand?post=16696"},{"taxonomy":"product_cat","embeddable":true,"href":"https:\/\/www.raschvin.com\/sv\/wp-json\/wp\/v2\/product_cat?post=16696"},{"taxonomy":"product_tag","embeddable":true,"href":"https:\/\/www.raschvin.com\/sv\/wp-json\/wp\/v2\/product_tag?post=16696"}],"curies":[{"name":"wp","href":"https:\/\/api.w.org\/{rel}","templated":true}]}}