{"id":16695,"date":"2022-05-30T10:31:14","date_gmt":"2022-05-30T08:31:14","guid":{"rendered":"https:\/\/www.raschvin.com\/vare\/the-famous-grouse-original-5-cl\/"},"modified":"2022-12-09T16:21:37","modified_gmt":"2022-12-09T15:21:37","slug":"the-famous-grouse-original-5-cl","status":"publish","type":"product","link":"https:\/\/www.raschvin.com\/sv\/produkt\/the-famous-grouse-original-5-cl\/","title":{"rendered":"The Famous Grouse 5 cl. 40%"},"content":{"rendered":"<p>Hela Skottlands FavoriteMhisky \u00e4r en blandad whisky, skapad i en kombination av de finaste singelmalterna &#8211; inklusive Macallan och Highland Park &#8211; och enast\u00e5ende Kornwhisky. Tillsammans ger den den mest mjuka och rundade whiskyen, du kan t\u00e4nka dig. Den ber\u00f6mda grouse \u00e4r l\u00e4tt att veta p\u00e5 sitt rika och lysande gyllene uttryck och dess v\u00e4lbalanserade smak med citrusfrukter, vilket ger en markant l\u00e5ng och ren finish.<\/p>\n<p>Den ber\u00f6mda och ingef\u00e4ra<\/p>\n<p>1. Ta ett rent, h\u00f6gt glas<\/p>\n<p>2. Fyll med f\u00e4rska, solida handlingar<\/p>\n<p>3. Tryck p\u00e5 en orange och placera den i GlasseSqueeze i en kil av orange och sl\u00e4pp i glaset<\/p>\n<p>4. L\u00e4gg till 25 ml av den ber\u00f6mda grouse<\/p>\n<p>5. Topp upp med Ginger Ale, r\u00f6r runt och server<\/p>\n","protected":false},"excerpt":{"rendered":"<p>Blended Scotch Whisky<\/p>\n","protected":false},"featured_media":31200,"template":"","meta":{"_acf_changed":false,"rs_blank_template":"","rs_page_bg_color":"","slide_template_v7":""},"product_brand":[],"product_cat":[2387,2392,4765],"product_tag":[],"class_list":{"0":"post-16695","1":"product","2":"type-product","3":"status-publish","4":"has-post-thumbnail","6":"product_cat-avec-sv","7":"product_cat-whisky-sv","8":"product_cat-blended-sv","9":"pa_land-skottland","10":"pa_procent-40-sv-2","11":"pa_producent-edrington-sv","12":"pa_volume-5-sv","14":"first","15":"instock","16":"taxable","17":"shipping-taxable","18":"purchasable","19":"product-type-simple"},"bundled_by":[],"bundle_stock_status":"instock","bundle_stock_quantity":null,"bundle_virtual":false,"bundle_layout":"","bundle_add_to_cart_form_location":"","bundle_editable_in_cart":false,"bundle_sold_individually_context":"","bundle_item_grouping":"","bundle_min_size":"","bundle_max_size":"","bundle_price":[],"bundled_items":[],"bundle_sell_ids":[],"acf":[],"_links":{"self":[{"href":"https:\/\/www.raschvin.com\/sv\/wp-json\/wp\/v2\/product\/16695","targetHints":{"allow":["GET"]}}],"collection":[{"href":"https:\/\/www.raschvin.com\/sv\/wp-json\/wp\/v2\/product"}],"about":[{"href":"https:\/\/www.raschvin.com\/sv\/wp-json\/wp\/v2\/types\/product"}],"wp:featuredmedia":[{"embeddable":true,"href":"https:\/\/www.raschvin.com\/sv\/wp-json\/wp\/v2\/media\/31200"}],"wp:attachment":[{"href":"https:\/\/www.raschvin.com\/sv\/wp-json\/wp\/v2\/media?parent=16695"}],"wp:term":[{"taxonomy":"product_brand","embeddable":true,"href":"https:\/\/www.raschvin.com\/sv\/wp-json\/wp\/v2\/product_brand?post=16695"},{"taxonomy":"product_cat","embeddable":true,"href":"https:\/\/www.raschvin.com\/sv\/wp-json\/wp\/v2\/product_cat?post=16695"},{"taxonomy":"product_tag","embeddable":true,"href":"https:\/\/www.raschvin.com\/sv\/wp-json\/wp\/v2\/product_tag?post=16695"}],"curies":[{"name":"wp","href":"https:\/\/api.w.org\/{rel}","templated":true}]}}