{"id":16694,"date":"2022-05-30T10:31:14","date_gmt":"2022-05-30T08:31:14","guid":{"rendered":"https:\/\/www.raschvin.com\/vare\/bommerlunder-gold-aquavit\/"},"modified":"2022-10-30T08:35:58","modified_gmt":"2022-10-30T07:35:58","slug":"bommerlunder-gold-aquavit","status":"publish","type":"product","link":"https:\/\/www.raschvin.com\/sv\/produkt\/bommerlunder-gold-aquavit\/","title":{"rendered":"Bommerlunder Aquavit GOLD 70 cl. 38%"},"content":{"rendered":"<p>Ber\u00e4ttelsen om Bummer Lounds Aquavit g\u00e5r tillbaka till 1760, och till den tyska Inn &#8221;Zu Bommerlund&#8221;. Historien g\u00e5r att en g\u00e5ng var en s\u00e5rad ryttare som s\u00f6kte vila p\u00e5 v\u00e4rdshuset. Ryttaren var s\u00e5 tacksam f\u00f6r kronen, Peter Schwnnesen, att ryttaren gav honom formeln f\u00f6r en fantastisk aquavit.Detta \u00e5rsdagen har varit p\u00e5 speciellt utvalda ekfat i 6 m\u00e5nader. Dess arom inneh\u00e5ller mycket kummin och kryddor. Smaken \u00e4r mogen och mild, men med en fortfarande kryddig eftersmak med trevliga anteckningar av kummin.<\/p>\n","protected":false},"excerpt":{"rendered":"<p>German Aquavit Since 1760<\/p>\n","protected":false},"featured_media":7687,"template":"","meta":{"_acf_changed":false,"rs_blank_template":"","rs_page_bg_color":"","slide_template_v7":""},"product_brand":[],"product_cat":[2393],"product_tag":[],"class_list":{"0":"post-16694","1":"product","2":"type-product","3":"status-publish","4":"has-post-thumbnail","6":"product_cat-akvavit-snaps-sv","7":"pa_land-tyskland-sv","8":"pa_procent-38-sv","9":"pa_producent-bommerlunder-sv","10":"pa_volume-70-sv-2","12":"first","13":"outofstock","14":"taxable","15":"shipping-taxable","16":"purchasable","17":"product-type-simple"},"bundled_by":[],"bundle_stock_status":"outofstock","bundle_stock_quantity":null,"bundle_virtual":false,"bundle_layout":"","bundle_add_to_cart_form_location":"","bundle_editable_in_cart":false,"bundle_sold_individually_context":"","bundle_item_grouping":"","bundle_min_size":"","bundle_max_size":"","bundle_price":[],"bundled_items":[],"bundle_sell_ids":[],"acf":[],"_links":{"self":[{"href":"https:\/\/www.raschvin.com\/sv\/wp-json\/wp\/v2\/product\/16694","targetHints":{"allow":["GET"]}}],"collection":[{"href":"https:\/\/www.raschvin.com\/sv\/wp-json\/wp\/v2\/product"}],"about":[{"href":"https:\/\/www.raschvin.com\/sv\/wp-json\/wp\/v2\/types\/product"}],"wp:featuredmedia":[{"embeddable":true,"href":"https:\/\/www.raschvin.com\/sv\/wp-json\/wp\/v2\/media\/7687"}],"wp:attachment":[{"href":"https:\/\/www.raschvin.com\/sv\/wp-json\/wp\/v2\/media?parent=16694"}],"wp:term":[{"taxonomy":"product_brand","embeddable":true,"href":"https:\/\/www.raschvin.com\/sv\/wp-json\/wp\/v2\/product_brand?post=16694"},{"taxonomy":"product_cat","embeddable":true,"href":"https:\/\/www.raschvin.com\/sv\/wp-json\/wp\/v2\/product_cat?post=16694"},{"taxonomy":"product_tag","embeddable":true,"href":"https:\/\/www.raschvin.com\/sv\/wp-json\/wp\/v2\/product_tag?post=16694"}],"curies":[{"name":"wp","href":"https:\/\/api.w.org\/{rel}","templated":true}]}}