{"id":16693,"date":"2022-05-30T10:29:33","date_gmt":"2022-05-30T08:29:33","guid":{"rendered":"https:\/\/www.raschvin.com\/vare\/bommerlunder-aquavit\/"},"modified":"2022-10-30T08:31:19","modified_gmt":"2022-10-30T07:31:19","slug":"bommerlunder-aquavit","status":"publish","type":"product","link":"https:\/\/www.raschvin.com\/sv\/produkt\/bommerlunder-aquavit\/","title":{"rendered":"Bommerlunder Aquavit Original 70 cl. 38%"},"content":{"rendered":"<p>Bummer Lower Aquavit \u00e4r en mild snaps som kryddas med \u00f6rter och har en bra och harmonisk smak. Det \u00e4r en snaps som b\u00f6r njutas iskall, och som \u00e4r perfekt i samband med en god lunch, till exempel med sill eller liknande. till en jul eller p\u00e5sklack.<br \/>\nHistorien om Bommanderlunder Aquavit g\u00e5r tillbaka till 1760 och till den tyska Inn &#8221;Zu Bommer Lesson&#8221;. Det s\u00e4gs att tillbaka i tiden var en s\u00e5rad ryttare som s\u00f6kte vila p\u00e5 ovan n\u00e4mnda v\u00e4rdshus. Ryttaren var s\u00e5 tacksam f\u00f6r resan p\u00e5 grund av god catering och g\u00e4stfrihet som han gav kronen, Peter Schwnnesen, formeln f\u00f6r en stor aquavite. Det s\u00e4gs vara ursprunget till denna st\u00f6tf\u00e5ngare lektions aquavite.<\/p>\n","protected":false},"excerpt":{"rendered":"<p>German Aquavit Since 1760<\/p>\n","protected":false},"featured_media":7677,"template":"","meta":{"_acf_changed":false,"rs_blank_template":"","rs_page_bg_color":"","slide_template_v7":""},"product_brand":[],"product_cat":[2393],"product_tag":[],"class_list":{"0":"post-16693","1":"product","2":"type-product","3":"status-publish","4":"has-post-thumbnail","6":"product_cat-akvavit-snaps-sv","7":"pa_land-tyskland-sv","8":"pa_procent-38-sv","9":"pa_producent-bommerlunder-sv","10":"pa_volume-70-sv-2","12":"first","13":"instock","14":"taxable","15":"shipping-taxable","16":"purchasable","17":"product-type-simple"},"bundled_by":[],"bundle_stock_status":"instock","bundle_stock_quantity":null,"bundle_virtual":false,"bundle_layout":"","bundle_add_to_cart_form_location":"","bundle_editable_in_cart":false,"bundle_sold_individually_context":"","bundle_item_grouping":"","bundle_min_size":"","bundle_max_size":"","bundle_price":[],"bundled_items":[],"bundle_sell_ids":[],"acf":[],"_links":{"self":[{"href":"https:\/\/www.raschvin.com\/sv\/wp-json\/wp\/v2\/product\/16693","targetHints":{"allow":["GET"]}}],"collection":[{"href":"https:\/\/www.raschvin.com\/sv\/wp-json\/wp\/v2\/product"}],"about":[{"href":"https:\/\/www.raschvin.com\/sv\/wp-json\/wp\/v2\/types\/product"}],"wp:featuredmedia":[{"embeddable":true,"href":"https:\/\/www.raschvin.com\/sv\/wp-json\/wp\/v2\/media\/7677"}],"wp:attachment":[{"href":"https:\/\/www.raschvin.com\/sv\/wp-json\/wp\/v2\/media?parent=16693"}],"wp:term":[{"taxonomy":"product_brand","embeddable":true,"href":"https:\/\/www.raschvin.com\/sv\/wp-json\/wp\/v2\/product_brand?post=16693"},{"taxonomy":"product_cat","embeddable":true,"href":"https:\/\/www.raschvin.com\/sv\/wp-json\/wp\/v2\/product_cat?post=16693"},{"taxonomy":"product_tag","embeddable":true,"href":"https:\/\/www.raschvin.com\/sv\/wp-json\/wp\/v2\/product_tag?post=16693"}],"curies":[{"name":"wp","href":"https:\/\/api.w.org\/{rel}","templated":true}]}}