{"id":16681,"date":"2023-07-05T16:07:40","date_gmt":"2023-07-05T14:07:40","guid":{"rendered":"https:\/\/www.raschvin.com\/vare\/purity-spritz-34-mediterranean-citrus\/"},"modified":"2022-12-02T14:24:51","modified_gmt":"2022-12-02T13:24:51","slug":"purity-spritz-34-mediterranean-citrus","status":"publish","type":"product","link":"https:\/\/www.raschvin.com\/sv\/produkt\/purity-spritz-34-mediterranean-citrus\/","title":{"rendered":"Purity Spritz 34 &#8211; Mediterranean Citrus 70 cl. 30%"},"content":{"rendered":"<p>Renhet Spritz Medelhavs citrus 34 \u00e4r en super sputig produkt fr\u00e5n renhet, tillverkaren av v\u00e4rldens b\u00e4sta provsmakning vodka. Tillverkad p\u00e5 en bas av renhet 34 vodka, som destilleras f\u00f6rst i en kopparkedja och sedan i tv\u00e5 8 rum &#8221;multilayer&#8221; kontinuerliga kopparpannor. Du g\u00f6r det tv\u00e5 g\u00e5nger och uppn\u00e5r d\u00e4rf\u00f6r 34 destillatorer. Renhetens vodka smakar b\u00e4ttre \u00e4n andra vodkas eftersom du anv\u00e4nder b\u00e5de vete och korn f\u00f6r anv\u00e4ndning i j\u00e4sning eftersom det anv\u00e4nder enormt svenskt vatten och bara det b\u00e4sta organiska kornet. Dessutom, eftersom man anv\u00e4nder en l\u00e5ngsammare destillationsprocess som ger b\u00e4ttre kvalitet. Bara med den b\u00e4sta basen, dvs den b\u00e4sta vodka i v\u00e4rlden g\u00f6r du renhet Spritz Medelhavs citrus 34.<\/p>\n<p>Spritz \u00e4r nordisk inspirerad och \u00e4r &#8221;social stad natur&#8221;. Med sin blommiga ton \u00e4r citrus och elegant bitterhet den unika skandinaviska och f\u00e5ngar den ekonomiska kulturen i en flaska. \u00c4ven om Spritz \u00e4r lite rosa, \u00e4r det fortfarande 30% alkohol och kan l\u00e4tt vara fulla m\u00e4n och kvinnor. Spritzen gjord med olika frukter, vilket verkligen bidrar positivt till en h\u00e4rlig spritz. G\u00e5r bra med feber-tr\u00e4d Medelhavet tonic eller med mousserande vin som en spritz (eventuellt ocks\u00e5 med danskvatten).<\/p>\n<p>Ingen annan ande i v\u00e4rlden tar s\u00e5 mycket anstr\u00e4ngning eller tid att producera som renhet. Destillationsprocessen har tagit mer \u00e4n ett decennium att full\u00e4nda, och det tar tid att g\u00f6ra kvalitet genom den l\u00e5ngsamma multidestillationsprocessen av m\u00e4sterdestillat\u00f6r Stefan Magnusson. Processen koncentrerar hj\u00e4rtat av destillatet 17, 34 eller 51 g\u00e5nger. Resultatet \u00e4r unika produkter, unika p\u00e5 alla s\u00e4tt beroende p\u00e5 m\u00e4ngden destillering. Anledningen till att Purity \u00e4r s\u00e5 fantastiskt \u00e4r att bara hj\u00e4rtat (Head, Heart, Tail) sparas och omdestilleras, vilket tar l\u00e5ng tid, men ocks\u00e5 komplicerar processen. Purity \u00e4r v\u00e4rldsber\u00f6mt f\u00f6r att g\u00f6ra v\u00e4rldens b\u00e4sta vodka och har vunnit mer \u00e4n 200 guldmedaljer f\u00f6r v\u00e4rldens b\u00e4sta vodka, destillerare och destillerade produkt. Purity g\u00f6r inte bara uts\u00f6kt ekologisk vodka, utan ocks\u00e5 en fenomenal Spritz och ekologisk nordisk-inspirerad gin. Al Purity g\u00f6rs p\u00e5 Ellinge slott strax utanf\u00f6r Malm\u00f6.<\/p>\n","protected":false},"excerpt":{"rendered":"<p>Sweidsh Spritz based on Purity Vodka<\/p>\n","protected":false},"featured_media":7539,"template":"","meta":{"_acf_changed":false,"rs_blank_template":"","rs_page_bg_color":"","slide_template_v7":""},"product_brand":[],"product_cat":[2394,2402,2409,4614],"product_tag":[],"class_list":{"0":"post-16681","1":"product","2":"type-product","3":"status-publish","4":"has-post-thumbnail","6":"product_cat-bitter-sv","7":"product_cat-sprit-sv","8":"product_cat-vodka-sv","9":"product_cat-flavoured-sv","10":"pa_land-sverige-sv","11":"pa_procent-30-sv","12":"pa_producent-purity-sv","13":"pa_region-skaane-sv","14":"pa_volume-70-sv-2","16":"first","17":"instock","18":"sale","19":"taxable","20":"shipping-taxable","21":"purchasable","22":"product-type-simple"},"bundled_by":["117290"],"bundle_stock_status":"instock","bundle_stock_quantity":null,"bundle_virtual":false,"bundle_layout":"","bundle_add_to_cart_form_location":"","bundle_editable_in_cart":false,"bundle_sold_individually_context":"","bundle_item_grouping":"","bundle_min_size":"","bundle_max_size":"","bundle_price":[],"bundled_items":[],"bundle_sell_ids":[],"acf":[],"_links":{"self":[{"href":"https:\/\/www.raschvin.com\/sv\/wp-json\/wp\/v2\/product\/16681","targetHints":{"allow":["GET"]}}],"collection":[{"href":"https:\/\/www.raschvin.com\/sv\/wp-json\/wp\/v2\/product"}],"about":[{"href":"https:\/\/www.raschvin.com\/sv\/wp-json\/wp\/v2\/types\/product"}],"wp:featuredmedia":[{"embeddable":true,"href":"https:\/\/www.raschvin.com\/sv\/wp-json\/wp\/v2\/media\/7539"}],"wp:attachment":[{"href":"https:\/\/www.raschvin.com\/sv\/wp-json\/wp\/v2\/media?parent=16681"}],"wp:term":[{"taxonomy":"product_brand","embeddable":true,"href":"https:\/\/www.raschvin.com\/sv\/wp-json\/wp\/v2\/product_brand?post=16681"},{"taxonomy":"product_cat","embeddable":true,"href":"https:\/\/www.raschvin.com\/sv\/wp-json\/wp\/v2\/product_cat?post=16681"},{"taxonomy":"product_tag","embeddable":true,"href":"https:\/\/www.raschvin.com\/sv\/wp-json\/wp\/v2\/product_tag?post=16681"}],"curies":[{"name":"wp","href":"https:\/\/api.w.org\/{rel}","templated":true}]}}