{"id":16680,"date":"2022-05-30T10:27:40","date_gmt":"2022-05-30T08:27:40","guid":{"rendered":"https:\/\/www.raschvin.com\/vare\/purity-gin-34-craft-navy-strength-gin\/"},"modified":"2022-12-02T12:53:05","modified_gmt":"2022-12-02T11:53:05","slug":"purity-gin-34-craft-navy-strength-gin","status":"publish","type":"product","link":"https:\/\/www.raschvin.com\/sv\/produkt\/purity-gin-34-craft-navy-strength-gin\/","title":{"rendered":"Purity Gin 34 (ECO) &#8211; Nordic Navy Strength Gin 70 cl. 57,1%"},"content":{"rendered":"<p>Purity Nordic Navy Strength Gin 57,1% ECO \u00e4r en unik och intensiv gin. Explosioner av smak sl\u00e5r mot tungan och l\u00e4ckra starka toner av enb\u00e4r sl\u00e5r snabbt in i paletten. Ginen \u00e4r baserad p\u00e5 Puritys v\u00e4rldsber\u00f6mda Vodka (Purity 34) som har mer \u00e4n 200 guldmedaljer f\u00f6r sin kvalitet (V\u00e4rldens b\u00e4sta destillerade produkt, v\u00e4rldens b\u00e4sta vodka, v\u00e4rldens b\u00e4sta destilleri och v\u00e4rldens b\u00e4sta destilleri). Ginen destilleras 34 g\u00e5nger p\u00e5 l\u00e5g v\u00e4rme i Ellinge, smaken \u00e4r mer intensiv p\u00e5 grund av alkoholstyrkan och de olika ingredienserna spelar fint ihop. En hemlig kombination av nordiska b\u00e4r och enb\u00e4ren skapar en vacker harmoni och du har h\u00e4r en otroligt klassisk och enb\u00e4rsdriven gin, som s\u00e5klart \u00e4r ekologisk.<\/p>\n<p>Purity Nordic Navy Strength Gin g\u00f6r en l\u00e4cker Dry Martini cocktail, och passar otroligt bra i en gin and tonic med en klassisk dry tonic som Fever-Tree Indian Tonic, prova eventuellt med en klick apelsinbitter och garnera med lite apelsinskal .<\/p>\n<p>Ingen annan ande i v\u00e4rlden tar s\u00e5 mycket anstr\u00e4ngning eller tid att producera som renhet. Destillationsprocessen har tagit mer \u00e4n ett decennium att full\u00e4nda, och det tar tid att g\u00f6ra kvalitet genom den l\u00e5ngsamma multidestillationsprocessen av m\u00e4sterdestillat\u00f6r Stefan Magnusson. Processen koncentrerar hj\u00e4rtat av destillatet 17, 34 eller 51 g\u00e5nger. Resultatet \u00e4r unika produkter, unika p\u00e5 alla s\u00e4tt beroende p\u00e5 m\u00e4ngden destillering. Anledningen till att Purity \u00e4r s\u00e5 fantastiskt \u00e4r att bara hj\u00e4rtat (Head, Heart, Tail) sparas och omdestilleras, vilket tar l\u00e5ng tid, men ocks\u00e5 komplicerar processen. Purity \u00e4r v\u00e4rldsber\u00f6mt f\u00f6r att g\u00f6ra v\u00e4rldens b\u00e4sta vodka och har vunnit mer \u00e4n 200 guldmedaljer f\u00f6r v\u00e4rldens b\u00e4sta vodka, destillerare och destillerade produkt. Purity g\u00f6r inte bara uts\u00f6kt ekologisk vodka, utan ocks\u00e5 en fenomenal Spritz och ekologisk nordisk-inspirerad gin. Al Purity g\u00f6rs p\u00e5 Ellinge slott strax utanf\u00f6r Malm\u00f6.<\/p>\n","protected":false},"excerpt":{"rendered":"<p>Swedish Handcrafted Organic Premium Gin<\/p>\n","protected":false},"featured_media":30662,"template":"","meta":{"_acf_changed":false,"rs_blank_template":"","rs_page_bg_color":"","slide_template_v7":""},"product_brand":[],"product_cat":[2404,4694,2402],"product_tag":[],"class_list":{"0":"post-16680","1":"product","2":"type-product","3":"status-publish","4":"has-post-thumbnail","6":"product_cat-gin-sv","7":"product_cat-navy-sv","8":"product_cat-sprit-sv","9":"pa_land-sverige-sv","10":"pa_oekologisk-organisk","11":"pa_procent-57-1-sv","12":"pa_producent-purity-sv","13":"pa_region-skaane-sv","14":"pa_volume-70-sv-2","16":"first","17":"instock","18":"sale","19":"taxable","20":"shipping-taxable","21":"purchasable","22":"product-type-simple"},"bundled_by":["116282"],"bundle_stock_status":"instock","bundle_stock_quantity":null,"bundle_virtual":false,"bundle_layout":"","bundle_add_to_cart_form_location":"","bundle_editable_in_cart":false,"bundle_sold_individually_context":"","bundle_item_grouping":"","bundle_min_size":"","bundle_max_size":"","bundle_price":[],"bundled_items":[],"bundle_sell_ids":[],"acf":[],"_links":{"self":[{"href":"https:\/\/www.raschvin.com\/sv\/wp-json\/wp\/v2\/product\/16680","targetHints":{"allow":["GET"]}}],"collection":[{"href":"https:\/\/www.raschvin.com\/sv\/wp-json\/wp\/v2\/product"}],"about":[{"href":"https:\/\/www.raschvin.com\/sv\/wp-json\/wp\/v2\/types\/product"}],"wp:featuredmedia":[{"embeddable":true,"href":"https:\/\/www.raschvin.com\/sv\/wp-json\/wp\/v2\/media\/30662"}],"wp:attachment":[{"href":"https:\/\/www.raschvin.com\/sv\/wp-json\/wp\/v2\/media?parent=16680"}],"wp:term":[{"taxonomy":"product_brand","embeddable":true,"href":"https:\/\/www.raschvin.com\/sv\/wp-json\/wp\/v2\/product_brand?post=16680"},{"taxonomy":"product_cat","embeddable":true,"href":"https:\/\/www.raschvin.com\/sv\/wp-json\/wp\/v2\/product_cat?post=16680"},{"taxonomy":"product_tag","embeddable":true,"href":"https:\/\/www.raschvin.com\/sv\/wp-json\/wp\/v2\/product_tag?post=16680"}],"curies":[{"name":"wp","href":"https:\/\/api.w.org\/{rel}","templated":true}]}}