{"id":16678,"date":"2025-02-26T13:57:40","date_gmt":"2025-02-26T12:57:40","guid":{"rendered":"https:\/\/www.raschvin.com\/vare\/purity-gin-34-craft-nordic-dry-gin\/"},"modified":"2022-12-02T14:18:41","modified_gmt":"2022-12-02T13:18:41","slug":"purity-gin-34-craft-nordic-dry-gin","status":"publish","type":"product","link":"https:\/\/www.raschvin.com\/sv\/produkt\/purity-gin-34-craft-nordic-dry-gin\/","title":{"rendered":"Purity Gin 34 (ECO) &#8211; Craft Nordic Dry Gin 70 cl. 43%"},"content":{"rendered":"<p>Purity Craft Nordic Dry Organic Gin 34 \u00e4r en supersp\u00e4nnande gin fr\u00e5n Purity, producenten av v\u00e4rldens godaste vodka. Tillverkad p\u00e5 en bas av Purity 34 Vodka, destillerad f\u00f6rst i en koppardestillation och sedan i tv\u00e5 8-fack &#8221;flerlagers&#8221; kontinuerliga koppardestillationsapparater. Detta g\u00f6rs tv\u00e5 g\u00e5nger och ger d\u00e4rf\u00f6r 34 destillationer. Puritys vodka smakar b\u00e4ttre \u00e4n annan vodka eftersom du anv\u00e4nder b\u00e5de vete och korn till j\u00e4sning, eftersom du anv\u00e4nder extremt mineralrikt svenskt vatten och bara det b\u00e4sta ekologiska spannm\u00e5let. Dessutom eftersom en l\u00e5ngsammare destillationsprocess anv\u00e4nds, vilket ger b\u00e4ttre kvalitet. Purity Craft Nordic Dry Organic Gin g\u00f6rs endast med den b\u00e4sta basen, det vill s\u00e4ga v\u00e4rldens b\u00e4sta vodka. Ginen \u00e4r nordisk inspirerad och \u00e4r &#8221;Wild by Nature&#8221;. Med sin blommiga ton, citrus och uttalade enb\u00e4r \u00e4r den unik skandinavisk och f\u00e5ngar den skandinaviska kulturen p\u00e5 flaska. Ginen gjord p\u00e5 olika lokala b\u00e4r, vilket ger en h\u00e4rlig fruktig ton. Passar bra med Fever-Tree Indian Tonic.<\/p>\n<p>Ingen annan ande i v\u00e4rlden tar s\u00e5 mycket anstr\u00e4ngning eller tid att producera som renhet. Destillationsprocessen har tagit mer \u00e4n ett decennium att full\u00e4nda, och det tar tid att g\u00f6ra kvalitet genom den l\u00e5ngsamma multidestillationsprocessen av m\u00e4sterdestillat\u00f6r Stefan Magnusson. Processen koncentrerar hj\u00e4rtat av destillatet 17, 34 eller 51 g\u00e5nger. Resultatet \u00e4r unika produkter, unika p\u00e5 alla s\u00e4tt beroende p\u00e5 m\u00e4ngden destillering. Anledningen till att Purity \u00e4r s\u00e5 fantastiskt \u00e4r att bara hj\u00e4rtat (Head, Heart, Tail) sparas och omdestilleras, vilket tar l\u00e5ng tid, men ocks\u00e5 komplicerar processen. Purity \u00e4r v\u00e4rldsber\u00f6mt f\u00f6r att g\u00f6ra v\u00e4rldens b\u00e4sta vodka och har vunnit mer \u00e4n 200 guldmedaljer f\u00f6r v\u00e4rldens b\u00e4sta vodka, destillerare och destillerade produkt. Purity g\u00f6r inte bara uts\u00f6kt ekologisk vodka, utan ocks\u00e5 en fenomenal Spritz och ekologisk nordisk-inspirerad gin. Al Purity g\u00f6rs p\u00e5 Ellinge slott strax utanf\u00f6r Malm\u00f6<\/p>\n","protected":false},"excerpt":{"rendered":"<p>Swedish Handcrafted Organic Premium Gin<\/p>\n","protected":false},"featured_media":83316,"template":"","meta":{"_acf_changed":false,"rs_blank_template":"","rs_page_bg_color":"","slide_template_v7":""},"product_brand":[],"product_cat":[4711,2404,2402],"product_tag":[],"class_list":{"0":"post-16678","1":"product","2":"type-product","3":"status-publish","4":"has-post-thumbnail","6":"product_cat-andra-gins","7":"product_cat-gin-sv","8":"product_cat-sprit-sv","9":"pa_land-sverige-sv","10":"pa_oekologisk-organisk","11":"pa_procent-43-sv","12":"pa_producent-purity-sv","13":"pa_region-skaane-sv","14":"pa_volume-70-sv-2","16":"first","17":"instock","18":"sale","19":"taxable","20":"shipping-taxable","21":"purchasable","22":"product-type-simple"},"bundled_by":["117218"],"bundle_stock_status":"instock","bundle_stock_quantity":null,"bundle_virtual":false,"bundle_layout":"","bundle_add_to_cart_form_location":"","bundle_editable_in_cart":false,"bundle_sold_individually_context":"","bundle_item_grouping":"","bundle_min_size":"","bundle_max_size":"","bundle_price":[],"bundled_items":[],"bundle_sell_ids":[],"acf":[],"_links":{"self":[{"href":"https:\/\/www.raschvin.com\/sv\/wp-json\/wp\/v2\/product\/16678","targetHints":{"allow":["GET"]}}],"collection":[{"href":"https:\/\/www.raschvin.com\/sv\/wp-json\/wp\/v2\/product"}],"about":[{"href":"https:\/\/www.raschvin.com\/sv\/wp-json\/wp\/v2\/types\/product"}],"wp:featuredmedia":[{"embeddable":true,"href":"https:\/\/www.raschvin.com\/sv\/wp-json\/wp\/v2\/media\/83316"}],"wp:attachment":[{"href":"https:\/\/www.raschvin.com\/sv\/wp-json\/wp\/v2\/media?parent=16678"}],"wp:term":[{"taxonomy":"product_brand","embeddable":true,"href":"https:\/\/www.raschvin.com\/sv\/wp-json\/wp\/v2\/product_brand?post=16678"},{"taxonomy":"product_cat","embeddable":true,"href":"https:\/\/www.raschvin.com\/sv\/wp-json\/wp\/v2\/product_cat?post=16678"},{"taxonomy":"product_tag","embeddable":true,"href":"https:\/\/www.raschvin.com\/sv\/wp-json\/wp\/v2\/product_tag?post=16678"}],"curies":[{"name":"wp","href":"https:\/\/api.w.org\/{rel}","templated":true}]}}