{"id":16676,"date":"2022-05-30T10:27:40","date_gmt":"2022-05-30T08:27:40","guid":{"rendered":"https:\/\/www.raschvin.com\/vare\/purity-vodka-51-connoisseur-reserve-100-cl\/"},"modified":"2022-12-02T14:42:13","modified_gmt":"2022-12-02T13:42:13","slug":"purity-vodka-51-connoisseur-reserve-100-cl","status":"publish","type":"product","link":"https:\/\/www.raschvin.com\/sv\/produkt\/purity-vodka-51-connoisseur-reserve-100-cl\/","title":{"rendered":"Purity Vodka 51 (ECO) &#8211; Connoisseur Reserve 100 cl. 40%"},"content":{"rendered":"<p>Purity Vodka Connaisseurs Choice 51 \u00e4r Puritys andra generations vodka, och \u00e4r helt klart den godaste och mest exklusiva. Vodkan destilleras f\u00f6rst i en koppardestillation och sedan i tv\u00e5 8 rums &#8221;flerlagers&#8221; kontinuerliga koppardestillationsapparater. H\u00e4r f\u00e5r du 17 destillationer (1+8+8), hj\u00e4rtat av de f\u00f6rsta 17 destillationerna (huvudet kommer f\u00f6rst, sedan hj\u00e4rtat och sedan svansen) urvattnas med lokalt svenskt mineralrikt vatten, och destilleras sedan genom hela processen igen . Detta resulterar i 34 destillationer. Hj\u00e4rtat i de f\u00f6rsta 34 destillationerna urvattnas med lokalt svenskt mineralrikt vatten igen, och destilleras sedan genom hela processen igen. Bara d\u00e4r uppn\u00e5s Purity Connaisseurs Choice 51. Resten som inte anv\u00e4nds omdestilleras. Purity smakar b\u00e4ttre \u00e4n annan vodka eftersom man anv\u00e4nder b\u00e5de vete och korn f\u00f6r j\u00e4sning, f\u00f6r att man anv\u00e4nder extremt mineralrikt svenskt vatten och bara det b\u00e4sta ekologiska spannm\u00e5let, och f\u00f6r att man anv\u00e4nder en l\u00e5ngsammare destillationsprocess som ger b\u00e4ttre kvalitet.<\/p>\n<p>Ingen annan ande i v\u00e4rlden tar s\u00e5 mycket anstr\u00e4ngning eller tid att producera som renhet. Destillationsprocessen har tagit mer \u00e4n ett decennium att full\u00e4nda, och det tar tid att g\u00f6ra kvalitet genom den l\u00e5ngsamma multidestillationsprocessen av m\u00e4sterdestillat\u00f6r Stefan Magnusson. Processen koncentrerar hj\u00e4rtat av destillatet 17, 34 eller 51 g\u00e5nger. Resultatet \u00e4r unika produkter, unika p\u00e5 alla s\u00e4tt beroende p\u00e5 m\u00e4ngden destillering. Anledningen till att Purity \u00e4r s\u00e5 fantastiskt \u00e4r att bara hj\u00e4rtat (Head, Heart, Tail) sparas och omdestilleras, vilket tar l\u00e5ng tid, men ocks\u00e5 komplicerar processen. Purity \u00e4r v\u00e4rldsber\u00f6mt f\u00f6r att g\u00f6ra v\u00e4rldens b\u00e4sta vodka och har vunnit mer \u00e4n 200 guldmedaljer f\u00f6r v\u00e4rldens b\u00e4sta vodka, destillerare och destillerade produkt. Purity g\u00f6r inte bara uts\u00f6kt ekologisk vodka, utan ocks\u00e5 en fenomenal Spritz och ekologisk nordisk-inspirerad gin. Al Purity g\u00f6rs p\u00e5 Ellinge slott strax utanf\u00f6r Malm\u00f6.<\/p>\n","protected":false},"excerpt":{"rendered":"<p>Swedish Handcrafted Organic Premium Vodka<\/p>\n","protected":false},"featured_media":7477,"template":"","meta":{"_acf_changed":false,"rs_blank_template":"","rs_page_bg_color":"","slide_template_v7":""},"product_brand":[],"product_cat":[4609,2402,2409],"product_tag":[],"class_list":{"0":"post-16676","1":"product","2":"type-product","3":"status-publish","4":"has-post-thumbnail","6":"product_cat-plain-sv","7":"product_cat-sprit-sv","8":"product_cat-vodka-sv","9":"pa_land-sverige-sv","10":"pa_oekologisk-organisk","11":"pa_procent-40-sv-2","12":"pa_producent-purity-sv","13":"pa_region-skaane-sv","14":"pa_volume-100-sv","16":"first","17":"instock","18":"sale","19":"taxable","20":"shipping-taxable","21":"purchasable","22":"product-type-simple"},"bundled_by":["115769","117315","117590"],"bundle_stock_status":"instock","bundle_stock_quantity":null,"bundle_virtual":false,"bundle_layout":"","bundle_add_to_cart_form_location":"","bundle_editable_in_cart":false,"bundle_sold_individually_context":"","bundle_item_grouping":"","bundle_min_size":"","bundle_max_size":"","bundle_price":[],"bundled_items":[],"bundle_sell_ids":[],"acf":[],"_links":{"self":[{"href":"https:\/\/www.raschvin.com\/sv\/wp-json\/wp\/v2\/product\/16676","targetHints":{"allow":["GET"]}}],"collection":[{"href":"https:\/\/www.raschvin.com\/sv\/wp-json\/wp\/v2\/product"}],"about":[{"href":"https:\/\/www.raschvin.com\/sv\/wp-json\/wp\/v2\/types\/product"}],"wp:featuredmedia":[{"embeddable":true,"href":"https:\/\/www.raschvin.com\/sv\/wp-json\/wp\/v2\/media\/7477"}],"wp:attachment":[{"href":"https:\/\/www.raschvin.com\/sv\/wp-json\/wp\/v2\/media?parent=16676"}],"wp:term":[{"taxonomy":"product_brand","embeddable":true,"href":"https:\/\/www.raschvin.com\/sv\/wp-json\/wp\/v2\/product_brand?post=16676"},{"taxonomy":"product_cat","embeddable":true,"href":"https:\/\/www.raschvin.com\/sv\/wp-json\/wp\/v2\/product_cat?post=16676"},{"taxonomy":"product_tag","embeddable":true,"href":"https:\/\/www.raschvin.com\/sv\/wp-json\/wp\/v2\/product_tag?post=16676"}],"curies":[{"name":"wp","href":"https:\/\/api.w.org\/{rel}","templated":true}]}}