{"id":16671,"date":"2022-05-30T10:25:58","date_gmt":"2022-05-30T08:25:58","guid":{"rendered":"https:\/\/www.raschvin.com\/vare\/sacred-old-tom-gin\/"},"modified":"2022-12-06T09:18:51","modified_gmt":"2022-12-06T08:18:51","slug":"sacred-old-tom-gin","status":"publish","type":"product","link":"https:\/\/www.raschvin.com\/sv\/produkt\/sacred-old-tom-gin\/","title":{"rendered":"Sacred Old Tom Gin 70 cl. 48%"},"content":{"rendered":"<p>V\u00e4rldens b\u00e4sta gamla Tom Gin &#8211; enligt World Spirits Awards 2019. Vakuumdestillerad &#8211; lite s\u00f6t notering av lakrissr\u00f6tter som g\u00e5r igen i doft och smak. Perfekt &#8221;p\u00e5 klipporna&#8221; eller till en klassisk G &#038; T-anv\u00e4ndning som en torr tonic &#8211; det kommer att matcha perfekt f\u00f6r denna prakt i ett gin.<\/p>\n<p>Sacret Spirits ligger i Highgate i London. H\u00e4r destillerar Ian Hart Vodka Gin, Vermouth och Bitter. Efter avslutad kemiutbildning arbetade Ian som m\u00e4klare p\u00e5 Wall Street, men skulle hellre anv\u00e4nda sin utbildning f\u00f6r n\u00e5got konkret. Han hade samlat p\u00e5 Bordeaux och b\u00f6rjade bevara kvaliteten p\u00e5 vinerna. Med tiden &#8221;uppfann han en gin n\u00e4r han fortsatte p\u00e5 den lokala puben. H\u00e4r var det en stor framg\u00e5ng, och den lilla entrepren\u00f6rfamiljen (fru Hilary) drogs sedan in i verksamheten. Det som g\u00f6r heliga speciella \u00e4r att det destilleras under vakuum, vid l\u00e5ga temperaturer.<br \/>\nSenare kontaktades Ian av Barker p\u00e5 Dukes Hotel i London, som hade smakat sin gin, och pl\u00f6tsligt fann Ian sig runt London-r\u00f6ret, med Gin-leveranser till hela staden. Han var d\u00e5 n\u00f6dv\u00e4ndig f\u00f6r att byta till en professionell distribut\u00f6r och resten av ber\u00e4ttelsen \u00e4r v\u00e4lk\u00e4nd. Sacred Gins fantastiska kvalitet fick produkten att sprida sig f\u00f6rst till resten av Storbritannien och senare \u00f6ver landets gr\u00e4nser. Sacred Gin vann 2013 Dubbelguld p\u00e5 San Francisco World Spirits t\u00e4vling. Vi \u00e4r mycket stolta \u00f6ver att presentera Danmark f\u00f6r helig andar mycket begr\u00e4nsad produktion av under 30 000 flaskor \u00e5rligen. En helt fenomenal tillverkare av gin.<\/p>\n","protected":false},"excerpt":{"rendered":"<p>Premium Handcrafted Gin<\/p>\n","protected":false},"featured_media":79210,"template":"","meta":{"_acf_changed":false,"rs_blank_template":"","rs_page_bg_color":"","slide_template_v7":""},"product_brand":[],"product_cat":[2402,2404,4703],"product_tag":[],"class_list":{"0":"post-16671","1":"product","2":"type-product","3":"status-publish","4":"has-post-thumbnail","6":"product_cat-sprit-sv","7":"product_cat-gin-sv","8":"product_cat-old-tom-sv","9":"pa_land-england-sv","10":"pa_procent-48-sv","11":"pa_producent-sacred-sv","12":"pa_volume-70-sv-2","14":"first","15":"outofstock","16":"taxable","17":"shipping-taxable","18":"purchasable","19":"product-type-simple"},"bundled_by":[],"bundle_stock_status":"outofstock","bundle_stock_quantity":null,"bundle_virtual":false,"bundle_layout":"","bundle_add_to_cart_form_location":"","bundle_editable_in_cart":false,"bundle_sold_individually_context":"","bundle_item_grouping":"","bundle_min_size":"","bundle_max_size":"","bundle_price":[],"bundled_items":[],"bundle_sell_ids":[],"acf":[],"_links":{"self":[{"href":"https:\/\/www.raschvin.com\/sv\/wp-json\/wp\/v2\/product\/16671","targetHints":{"allow":["GET"]}}],"collection":[{"href":"https:\/\/www.raschvin.com\/sv\/wp-json\/wp\/v2\/product"}],"about":[{"href":"https:\/\/www.raschvin.com\/sv\/wp-json\/wp\/v2\/types\/product"}],"wp:featuredmedia":[{"embeddable":true,"href":"https:\/\/www.raschvin.com\/sv\/wp-json\/wp\/v2\/media\/79210"}],"wp:attachment":[{"href":"https:\/\/www.raschvin.com\/sv\/wp-json\/wp\/v2\/media?parent=16671"}],"wp:term":[{"taxonomy":"product_brand","embeddable":true,"href":"https:\/\/www.raschvin.com\/sv\/wp-json\/wp\/v2\/product_brand?post=16671"},{"taxonomy":"product_cat","embeddable":true,"href":"https:\/\/www.raschvin.com\/sv\/wp-json\/wp\/v2\/product_cat?post=16671"},{"taxonomy":"product_tag","embeddable":true,"href":"https:\/\/www.raschvin.com\/sv\/wp-json\/wp\/v2\/product_tag?post=16671"}],"curies":[{"name":"wp","href":"https:\/\/api.w.org\/{rel}","templated":true}]}}