{"id":16669,"date":"2022-05-30T10:25:58","date_gmt":"2022-05-30T08:25:58","guid":{"rendered":"https:\/\/www.raschvin.com\/vare\/gin-barco-de-cargas\/"},"modified":"2022-11-17T20:39:09","modified_gmt":"2022-11-17T19:39:09","slug":"gin-barco-de-cargas","status":"publish","type":"product","link":"https:\/\/www.raschvin.com\/sv\/produkt\/gin-barco-de-cargas\/","title":{"rendered":"Gin Barco de Cargas 70 cl. 41%"},"content":{"rendered":"<p>Samma familj som ron barco<\/p>\n<p>Den nederl\u00e4ndska Gin Barco de Cargas \u00e4r ett traditionellt London torrgin, som i hans uttryck firar f\u00f6rbi marina gin. Den \u00e4r gjord av 9 olika handplockade \u00f6rter, enb\u00e4r och citronskal, vilket ger en VRM och aromatisk smak. Njut av det med tonic och en citronskiva.<\/p>\n","protected":false},"excerpt":{"rendered":"<p>Citrus Dry Gin<\/p>\n","protected":false},"featured_media":30498,"template":"","meta":{"_acf_changed":false,"rs_blank_template":"","rs_page_bg_color":"","slide_template_v7":""},"product_brand":[],"product_cat":[2402,2404,4688],"product_tag":[],"class_list":{"0":"post-16669","1":"product","2":"type-product","3":"status-publish","4":"has-post-thumbnail","6":"product_cat-sprit-sv","7":"product_cat-gin-sv","8":"product_cat-london-dry-sv","9":"pa_land-nederlaenderna","10":"pa_procent-41-sv","11":"pa_producent-juuls-sv","12":"pa_volume-70-sv-2","14":"first","15":"instock","16":"taxable","17":"shipping-taxable","18":"purchasable","19":"product-type-simple"},"bundled_by":[],"bundle_stock_status":"instock","bundle_stock_quantity":null,"bundle_virtual":false,"bundle_layout":"","bundle_add_to_cart_form_location":"","bundle_editable_in_cart":false,"bundle_sold_individually_context":"","bundle_item_grouping":"","bundle_min_size":"","bundle_max_size":"","bundle_price":[],"bundled_items":[],"bundle_sell_ids":[],"acf":[],"_links":{"self":[{"href":"https:\/\/www.raschvin.com\/sv\/wp-json\/wp\/v2\/product\/16669","targetHints":{"allow":["GET"]}}],"collection":[{"href":"https:\/\/www.raschvin.com\/sv\/wp-json\/wp\/v2\/product"}],"about":[{"href":"https:\/\/www.raschvin.com\/sv\/wp-json\/wp\/v2\/types\/product"}],"wp:featuredmedia":[{"embeddable":true,"href":"https:\/\/www.raschvin.com\/sv\/wp-json\/wp\/v2\/media\/30498"}],"wp:attachment":[{"href":"https:\/\/www.raschvin.com\/sv\/wp-json\/wp\/v2\/media?parent=16669"}],"wp:term":[{"taxonomy":"product_brand","embeddable":true,"href":"https:\/\/www.raschvin.com\/sv\/wp-json\/wp\/v2\/product_brand?post=16669"},{"taxonomy":"product_cat","embeddable":true,"href":"https:\/\/www.raschvin.com\/sv\/wp-json\/wp\/v2\/product_cat?post=16669"},{"taxonomy":"product_tag","embeddable":true,"href":"https:\/\/www.raschvin.com\/sv\/wp-json\/wp\/v2\/product_tag?post=16669"}],"curies":[{"name":"wp","href":"https:\/\/api.w.org\/{rel}","templated":true}]}}