{"id":16667,"date":"2022-05-30T10:25:58","date_gmt":"2022-05-30T08:25:58","guid":{"rendered":"https:\/\/www.raschvin.com\/vare\/gordons-sicilian-lemon-distilled-gin\/"},"modified":"2022-11-18T10:41:08","modified_gmt":"2022-11-18T09:41:08","slug":"gordons-sicilian-lemon-distilled-gin","status":"publish","type":"product","link":"https:\/\/www.raschvin.com\/sv\/produkt\/gordons-sicilian-lemon-distilled-gin\/","title":{"rendered":"Gordon&#8217;s &#8211; Sicilian Lemon Distilled Gin 70 cl. 37,5%"},"content":{"rendered":"<p>Gordons sicilianska citrondestillerat gin erbjuder en vacker twist p\u00e5 det ursprungliga receptet fr\u00e5n Alexander Gordon med saftiga citroner fr\u00e5n Sicilien. Den \u00e4r gjord p\u00e5 ingredienser av h\u00f6gsta kvalitet och 100% naturliga smaker. Den har en perfekt balans mellan Eneb\u00e6rnotes och de finaste citronerna fr\u00e5n Sicilien, vilket ger gin en uppfriskande karakt\u00e4r.<\/p>\n<p>Vi rekommenderar att ginen nj\u00f6t av drycker och cocktails, till exempel en gin och tonic med en twist:<\/p>\n<p>\u2022 5 cl. Gordons sicilianska citron destillerat gin<br \/>\n\u2022 Premium tonic.<br \/>\n\u2022 Isbitar<br \/>\n\u2022 En bit citron<\/p>\n<p>Gin, tonic och isbitar i ett fint glas, dekorera med en citronskiva och serveras.<\/p>\n","protected":false},"excerpt":{"rendered":"<p>London Flavoured Gin<\/p>\n","protected":false},"featured_media":29928,"template":"","meta":{"_acf_changed":false,"rs_blank_template":"","rs_page_bg_color":"","slide_template_v7":""},"product_brand":[],"product_cat":[4700,2404,2402],"product_tag":[],"class_list":{"0":"post-16667","1":"product","2":"type-product","3":"status-publish","4":"has-post-thumbnail","6":"product_cat-flavoured-gin-sv","7":"product_cat-gin-sv","8":"product_cat-sprit-sv","9":"pa_land-england-sv","10":"pa_procent-37-5-sv","11":"pa_producent-diageo-sv","12":"pa_volume-70-sv-2","14":"first","15":"outofstock","16":"taxable","17":"shipping-taxable","18":"purchasable","19":"product-type-simple"},"bundled_by":[],"bundle_stock_status":"outofstock","bundle_stock_quantity":null,"bundle_virtual":false,"bundle_layout":"","bundle_add_to_cart_form_location":"","bundle_editable_in_cart":false,"bundle_sold_individually_context":"","bundle_item_grouping":"","bundle_min_size":"","bundle_max_size":"","bundle_price":[],"bundled_items":[],"bundle_sell_ids":[],"acf":[],"_links":{"self":[{"href":"https:\/\/www.raschvin.com\/sv\/wp-json\/wp\/v2\/product\/16667","targetHints":{"allow":["GET"]}}],"collection":[{"href":"https:\/\/www.raschvin.com\/sv\/wp-json\/wp\/v2\/product"}],"about":[{"href":"https:\/\/www.raschvin.com\/sv\/wp-json\/wp\/v2\/types\/product"}],"wp:featuredmedia":[{"embeddable":true,"href":"https:\/\/www.raschvin.com\/sv\/wp-json\/wp\/v2\/media\/29928"}],"wp:attachment":[{"href":"https:\/\/www.raschvin.com\/sv\/wp-json\/wp\/v2\/media?parent=16667"}],"wp:term":[{"taxonomy":"product_brand","embeddable":true,"href":"https:\/\/www.raschvin.com\/sv\/wp-json\/wp\/v2\/product_brand?post=16667"},{"taxonomy":"product_cat","embeddable":true,"href":"https:\/\/www.raschvin.com\/sv\/wp-json\/wp\/v2\/product_cat?post=16667"},{"taxonomy":"product_tag","embeddable":true,"href":"https:\/\/www.raschvin.com\/sv\/wp-json\/wp\/v2\/product_tag?post=16667"}],"curies":[{"name":"wp","href":"https:\/\/api.w.org\/{rel}","templated":true}]}}