{"id":16666,"date":"2024-12-20T07:14:58","date_gmt":"2024-12-20T06:14:58","guid":{"rendered":"https:\/\/www.raschvin.com\/vare\/gordons-premium-pink-distilled-gin\/"},"modified":"2022-11-18T10:36:42","modified_gmt":"2022-11-18T09:36:42","slug":"gordons-premium-pink-distilled-gin","status":"publish","type":"product","link":"https:\/\/www.raschvin.com\/sv\/produkt\/gordons-premium-pink-distilled-gin\/","title":{"rendered":"Gordon&#8217;s &#8211; Premium Pink Distilled Gin 70 cl. 37,5%"},"content":{"rendered":"<p>Gordons premium rosa destillerad gin \u00e4r inspirerad av ett ursprungligt Gordons recept fr\u00e5n 1880-talet. Den \u00e4r gjord p\u00e5 ingredienser av h\u00f6gsta kvalitet och 100% naturliga smaker. En perfekt balanserad, uppfriskande smak av Gordons gin kombinerat med naturlig s\u00f6tma fr\u00e5n hallon och jordgubbar samt bitterhet fr\u00e5n revben. Vi rekommenderar att ginen avnjutas i drycker och cocktails.<\/p>\n<p>Gordons<br \/>\nF\u00f6r \u00f6ver 250 \u00e5r sedan b\u00f6rjade Alexander Gordon sitt destilleri i London och b\u00f6rjade experimentera. Hans m\u00e5l var att skapa ett utm\u00e4rkt gin. Det lyckades och Gordon \u00e4r idag v\u00e4rldens b\u00e4sts\u00e4ljande gin. Gordons h\u00f6gkvalitativa och karakteristiska Juniper-smak definierar smaken av den klassiska Gin &#038; Tonic.<\/p>\n","protected":false},"excerpt":{"rendered":"<p>London Pink Gin<\/p>\n","protected":false},"featured_media":79195,"template":"","meta":{"_acf_changed":false,"rs_blank_template":"","rs_page_bg_color":"","slide_template_v7":""},"product_brand":[],"product_cat":[4700,2404,4697,2402],"product_tag":[],"class_list":{"0":"post-16666","1":"product","2":"type-product","3":"status-publish","4":"has-post-thumbnail","6":"product_cat-flavoured-gin-sv","7":"product_cat-gin-sv","8":"product_cat-rose-gin-sv","9":"product_cat-sprit-sv","10":"pa_land-england-sv","11":"pa_procent-37-5-sv","12":"pa_producent-diageo-sv","13":"pa_volume-70-sv-2","15":"first","16":"instock","17":"taxable","18":"shipping-taxable","19":"purchasable","20":"product-type-simple"},"bundled_by":[],"bundle_stock_status":"instock","bundle_stock_quantity":null,"bundle_virtual":false,"bundle_layout":"","bundle_add_to_cart_form_location":"","bundle_editable_in_cart":false,"bundle_sold_individually_context":"","bundle_item_grouping":"","bundle_min_size":"","bundle_max_size":"","bundle_price":[],"bundled_items":[],"bundle_sell_ids":[],"acf":[],"_links":{"self":[{"href":"https:\/\/www.raschvin.com\/sv\/wp-json\/wp\/v2\/product\/16666","targetHints":{"allow":["GET"]}}],"collection":[{"href":"https:\/\/www.raschvin.com\/sv\/wp-json\/wp\/v2\/product"}],"about":[{"href":"https:\/\/www.raschvin.com\/sv\/wp-json\/wp\/v2\/types\/product"}],"wp:featuredmedia":[{"embeddable":true,"href":"https:\/\/www.raschvin.com\/sv\/wp-json\/wp\/v2\/media\/79195"}],"wp:attachment":[{"href":"https:\/\/www.raschvin.com\/sv\/wp-json\/wp\/v2\/media?parent=16666"}],"wp:term":[{"taxonomy":"product_brand","embeddable":true,"href":"https:\/\/www.raschvin.com\/sv\/wp-json\/wp\/v2\/product_brand?post=16666"},{"taxonomy":"product_cat","embeddable":true,"href":"https:\/\/www.raschvin.com\/sv\/wp-json\/wp\/v2\/product_cat?post=16666"},{"taxonomy":"product_tag","embeddable":true,"href":"https:\/\/www.raschvin.com\/sv\/wp-json\/wp\/v2\/product_tag?post=16666"}],"curies":[{"name":"wp","href":"https:\/\/api.w.org\/{rel}","templated":true}]}}