{"id":16665,"date":"2024-12-16T08:08:58","date_gmt":"2024-12-16T07:08:58","guid":{"rendered":"https:\/\/www.raschvin.com\/vare\/beefeater-pink-strawberry-gin\/"},"modified":"2024-12-16T08:10:08","modified_gmt":"2024-12-16T07:10:08","slug":"beefeater-pink-strawberry-gin","status":"publish","type":"product","link":"https:\/\/www.raschvin.com\/sv\/produkt\/beefeater-pink-strawberry-gin\/","title":{"rendered":"Beefeater Pink Strawberry 70 cl. 37,5%"},"content":{"rendered":"<p>Beefeater London Rosa \u00e4r ett torrt gin fr\u00e5n London, som har en framtr\u00e4dande, intensiv arom av jordgubbar, liksom en trevlig v\u00e4lbalanserad eftersmak med anteckningar av enb\u00e4r. Denna moderna, l\u00e4tt drickbara gin \u00e4r gjord av bland annat enb\u00e4r, jordgubbar, citron och apelsinskal, mandel, kryddor och \u00f6rter.<\/p>\n","protected":false},"excerpt":{"rendered":"<p>Ros\u00e9 &#8211; Pink Infused Gin<\/p>\n","protected":false},"featured_media":30978,"template":"","meta":{"_acf_changed":false,"rs_blank_template":"","rs_page_bg_color":"","slide_template_v7":""},"product_brand":[],"product_cat":[4700,2404,4697,2402],"product_tag":[],"class_list":{"0":"post-16665","1":"product","2":"type-product","3":"status-publish","4":"has-post-thumbnail","6":"product_cat-flavoured-gin-sv","7":"product_cat-gin-sv","8":"product_cat-rose-gin-sv","9":"product_cat-sprit-sv","10":"pa_land-england-sv","11":"pa_procent-37-5-sv","12":"pa_producent-beefeater-sv","13":"pa_volume-70-sv-2","15":"first","16":"instock","17":"taxable","18":"shipping-taxable","19":"purchasable","20":"product-type-simple"},"bundled_by":[],"bundle_stock_status":"instock","bundle_stock_quantity":null,"bundle_virtual":false,"bundle_layout":"","bundle_add_to_cart_form_location":"","bundle_editable_in_cart":false,"bundle_sold_individually_context":"","bundle_item_grouping":"","bundle_min_size":"","bundle_max_size":"","bundle_price":[],"bundled_items":[],"bundle_sell_ids":[],"acf":[],"_links":{"self":[{"href":"https:\/\/www.raschvin.com\/sv\/wp-json\/wp\/v2\/product\/16665","targetHints":{"allow":["GET"]}}],"collection":[{"href":"https:\/\/www.raschvin.com\/sv\/wp-json\/wp\/v2\/product"}],"about":[{"href":"https:\/\/www.raschvin.com\/sv\/wp-json\/wp\/v2\/types\/product"}],"wp:featuredmedia":[{"embeddable":true,"href":"https:\/\/www.raschvin.com\/sv\/wp-json\/wp\/v2\/media\/30978"}],"wp:attachment":[{"href":"https:\/\/www.raschvin.com\/sv\/wp-json\/wp\/v2\/media?parent=16665"}],"wp:term":[{"taxonomy":"product_brand","embeddable":true,"href":"https:\/\/www.raschvin.com\/sv\/wp-json\/wp\/v2\/product_brand?post=16665"},{"taxonomy":"product_cat","embeddable":true,"href":"https:\/\/www.raschvin.com\/sv\/wp-json\/wp\/v2\/product_cat?post=16665"},{"taxonomy":"product_tag","embeddable":true,"href":"https:\/\/www.raschvin.com\/sv\/wp-json\/wp\/v2\/product_tag?post=16665"}],"curies":[{"name":"wp","href":"https:\/\/api.w.org\/{rel}","templated":true}]}}