{"id":16662,"date":"2022-05-30T10:24:27","date_gmt":"2022-05-30T08:24:27","guid":{"rendered":"https:\/\/www.raschvin.com\/vare\/mad-owl-gin-oak-aged\/"},"modified":"2022-11-25T14:16:38","modified_gmt":"2022-11-25T13:16:38","slug":"mad-owl-gin-oak-aged","status":"publish","type":"product","link":"https:\/\/www.raschvin.com\/sv\/produkt\/mad-owl-gin-oak-aged\/","title":{"rendered":"Mad Owl Gin &#8211; Oak Aged (DK) 50 cl. 47,5%"},"content":{"rendered":"<p>Food Owl Gin &#8211; Oak Aged har varit p\u00e5 Bourbon Woods i \u00f6ver 3 m\u00e5nader. Resultatet \u00e4r ett exklusivt, fadded gin med k\u00e4nsliga anteckningar av vanilj, karamelll, kokosn\u00f6t och ek. Bourbon-sk\u00e5len \u00e4r gjord av White American Oak, som \u00e4r det traditionella tr\u00e4kortet f\u00f6r att lagra American Bourbon.<\/p>\n<p>Den l\u00e4ckra smaken av enb\u00e4r och koriander i kombination med vanilj och karamelll g\u00f6r matugl gin &#8211; ek \u00e5lder till den idealiska mixern med ingef\u00e4ra \u00f6l och massor av glass. Det kan nu ocks\u00e5 f\u00f6rbrukas &#8221;p\u00e5 klipporna&#8221; om du vill njuta av den fulla smaken fr\u00e5n Bourbon-sk\u00e5len.<\/p>\n<p>Vol: 50 cl.<br \/>\nALK \/ VOL: 47,5%<\/p>\n<p>Allm\u00e4nt om matugl gin<\/p>\n<p>Food Owl Gin \u00e4r en hyllning till ugglan, som brukade stanna i taket i v\u00e5r byggnad, men som nu har flyttat i den n\u00e4rliggande staden eftersom vi bullriga f\u00f6r mycket. F\u00f6rl\u00e5t!<\/p>\n<p>Vi destinerar gin p\u00e5 ett traditionellt s\u00e4tt med \u00f6rter direkt i kopparkedaren och i heriburve, som \u00e4r monterat p\u00e5 svanen. Resultatet \u00e4r ett antal goda och mycket karakteristiska ginvarianer som \u00e4r uppenbara i sin profil och l\u00e4tt att blanda.<\/p>\n<p>Allt v\u00e5r matuggla gin destilleras p\u00e5 v\u00e5rt destilleri i Kagerup i Nordsj\u00f6 och bygger p\u00e5 ekologisk kornprit.<\/p>\n","protected":false},"excerpt":{"rendered":"<p>Handcrafted Premium Gin \u2013 Thorn\u00e6s Destilleri \u2013 Denmark<\/p>\n","protected":false},"featured_media":30306,"template":"","meta":{"_acf_changed":false,"rs_blank_template":"","rs_page_bg_color":"","slide_template_v7":""},"product_brand":[],"product_cat":[6195,2404,2402],"product_tag":[],"class_list":{"0":"post-16662","1":"product","2":"type-product","3":"status-publish","4":"has-post-thumbnail","6":"product_cat-cask-aged-sv","7":"product_cat-gin-sv","8":"product_cat-sprit-sv","9":"pa_land-danmark-sv","10":"pa_procent-47-5-sv","11":"pa_producent-thornaes-destilleri-sv","12":"pa_region-nordsjaelland-sv","13":"pa_volume-50-sv","15":"first","16":"outofstock","17":"sale","18":"taxable","19":"shipping-taxable","20":"purchasable","21":"product-type-simple"},"bundled_by":[],"bundle_stock_status":"outofstock","bundle_stock_quantity":null,"bundle_virtual":false,"bundle_layout":"","bundle_add_to_cart_form_location":"","bundle_editable_in_cart":false,"bundle_sold_individually_context":"","bundle_item_grouping":"","bundle_min_size":"","bundle_max_size":"","bundle_price":[],"bundled_items":[],"bundle_sell_ids":[],"acf":[],"_links":{"self":[{"href":"https:\/\/www.raschvin.com\/sv\/wp-json\/wp\/v2\/product\/16662","targetHints":{"allow":["GET"]}}],"collection":[{"href":"https:\/\/www.raschvin.com\/sv\/wp-json\/wp\/v2\/product"}],"about":[{"href":"https:\/\/www.raschvin.com\/sv\/wp-json\/wp\/v2\/types\/product"}],"wp:featuredmedia":[{"embeddable":true,"href":"https:\/\/www.raschvin.com\/sv\/wp-json\/wp\/v2\/media\/30306"}],"wp:attachment":[{"href":"https:\/\/www.raschvin.com\/sv\/wp-json\/wp\/v2\/media?parent=16662"}],"wp:term":[{"taxonomy":"product_brand","embeddable":true,"href":"https:\/\/www.raschvin.com\/sv\/wp-json\/wp\/v2\/product_brand?post=16662"},{"taxonomy":"product_cat","embeddable":true,"href":"https:\/\/www.raschvin.com\/sv\/wp-json\/wp\/v2\/product_cat?post=16662"},{"taxonomy":"product_tag","embeddable":true,"href":"https:\/\/www.raschvin.com\/sv\/wp-json\/wp\/v2\/product_tag?post=16662"}],"curies":[{"name":"wp","href":"https:\/\/api.w.org\/{rel}","templated":true}]}}