{"id":16661,"date":"2022-05-30T10:24:27","date_gmt":"2022-05-30T08:24:27","guid":{"rendered":"https:\/\/www.raschvin.com\/vare\/mad-owl-gin-blackberries\/"},"modified":"2022-11-25T13:45:16","modified_gmt":"2022-11-25T12:45:16","slug":"mad-owl-gin-blackberries","status":"publish","type":"product","link":"https:\/\/www.raschvin.com\/sv\/produkt\/mad-owl-gin-blackberries\/","title":{"rendered":"Mad Owl Gin &#8211; Blackberries (DK) 50 cl. 32%"},"content":{"rendered":"<p>Dansk liten batch gin, destillerad p\u00e5 traditionella kopparpannor i hj\u00e4rtat av Nordzeeland<\/p>\n<p> Bj\u00f6rnb\u00e4r med kittel av vanilj<\/p>\n<p>Food Owl Gin &#8211; Blackberries \u00e4r en ginliner med l\u00e4tt s\u00f6tma som g\u00f6r n\u00e5gon m\u00f6rk s\u00e4song lite ljusare och v\u00e4nlig. Lukten av fullmodig blackberry och vanilj \u00e4r tydligt k\u00e4nd n\u00e4r den h\u00e4lls upp, medan den v\u00e4lk\u00e4nda smaken av enb\u00e4r och koriander g\u00f6r smakkomplexet och inbjuder med citrus och mild peppar i botten.<\/p>\n<p>V\u00e5r BlackBerry-Gin \u00e4r gjord av mogna b\u00e4r fr\u00e5n North Zeelands tr\u00e4dg\u00e5rdar, skel och skogsbruk, och kan avnjutas som aperitif med en isklump, som ett potent &#8221;\u00f6kenvin&#8221; (t.ex. f\u00f6r ris a la make p\u00e5 jultid) eller med en F\u00e4rsk tonic utan allt f\u00f6r mycket bitterhet.<\/p>\n<p>Vol: 50 cl.<\/p>\n<p>Alk \/ vol: 32%<\/p>\n<p>Allm\u00e4nt om matugl gin<\/p>\n<p>Food Owl Gin \u00e4r en hyllning till ugglan, som brukade stanna i taket i v\u00e5r byggnad, men som nu har flyttat i den n\u00e4rliggande staden eftersom vi bullriga f\u00f6r mycket. F\u00f6rl\u00e5t!<\/p>\n<p>Vi destinerar gin p\u00e5 ett traditionellt s\u00e4tt med \u00f6rter direkt i kopparkedaren och i heriburve, som \u00e4r monterat p\u00e5 svanen. Resultatet \u00e4r ett antal goda och mycket karakteristiska ginvarianer som \u00e4r uppenbara i sin profil och l\u00e4tt att blanda.<\/p>\n<p>Allt v\u00e5r matuggla gin destilleras p\u00e5 v\u00e5rt destilleri i Kagerup i Nordsj\u00f6 och bygger p\u00e5 ekologisk kornprit.<\/p>\n","protected":false},"excerpt":{"rendered":"<p>Handcrafted Premium Gin &#8211; Thorn\u00e6s Destilleri &#8211; Denmark<\/p>\n","protected":false},"featured_media":30334,"template":"","meta":{"_acf_changed":false,"rs_blank_template":"","rs_page_bg_color":"","slide_template_v7":""},"product_brand":[],"product_cat":[4700,2404,2402],"product_tag":[],"class_list":{"0":"post-16661","1":"product","2":"type-product","3":"status-publish","4":"has-post-thumbnail","6":"product_cat-flavoured-gin-sv","7":"product_cat-gin-sv","8":"product_cat-sprit-sv","9":"pa_land-danmark-sv","10":"pa_procent-32-sv","11":"pa_producent-thornaes-destilleri-sv","12":"pa_region-nordsjaelland-sv","13":"pa_volume-50-sv","15":"first","16":"outofstock","17":"sale","18":"taxable","19":"shipping-taxable","20":"purchasable","21":"product-type-simple"},"bundled_by":[],"bundle_stock_status":"outofstock","bundle_stock_quantity":null,"bundle_virtual":false,"bundle_layout":"","bundle_add_to_cart_form_location":"","bundle_editable_in_cart":false,"bundle_sold_individually_context":"","bundle_item_grouping":"","bundle_min_size":"","bundle_max_size":"","bundle_price":[],"bundled_items":[],"bundle_sell_ids":[],"acf":[],"_links":{"self":[{"href":"https:\/\/www.raschvin.com\/sv\/wp-json\/wp\/v2\/product\/16661","targetHints":{"allow":["GET"]}}],"collection":[{"href":"https:\/\/www.raschvin.com\/sv\/wp-json\/wp\/v2\/product"}],"about":[{"href":"https:\/\/www.raschvin.com\/sv\/wp-json\/wp\/v2\/types\/product"}],"wp:featuredmedia":[{"embeddable":true,"href":"https:\/\/www.raschvin.com\/sv\/wp-json\/wp\/v2\/media\/30334"}],"wp:attachment":[{"href":"https:\/\/www.raschvin.com\/sv\/wp-json\/wp\/v2\/media?parent=16661"}],"wp:term":[{"taxonomy":"product_brand","embeddable":true,"href":"https:\/\/www.raschvin.com\/sv\/wp-json\/wp\/v2\/product_brand?post=16661"},{"taxonomy":"product_cat","embeddable":true,"href":"https:\/\/www.raschvin.com\/sv\/wp-json\/wp\/v2\/product_cat?post=16661"},{"taxonomy":"product_tag","embeddable":true,"href":"https:\/\/www.raschvin.com\/sv\/wp-json\/wp\/v2\/product_tag?post=16661"}],"curies":[{"name":"wp","href":"https:\/\/api.w.org\/{rel}","templated":true}]}}