{"id":16660,"date":"2022-05-30T10:24:27","date_gmt":"2022-05-30T08:24:27","guid":{"rendered":"https:\/\/www.raschvin.com\/vare\/mad-owl-gin-london-dry\/"},"modified":"2022-11-25T14:13:27","modified_gmt":"2022-11-25T13:13:27","slug":"mad-owl-gin-london-dry","status":"publish","type":"product","link":"https:\/\/www.raschvin.com\/sv\/produkt\/mad-owl-gin-london-dry\/","title":{"rendered":"Mad Owl Gin &#8211; London Dry (DK) 50 cl. 46%"},"content":{"rendered":"<p>Dansk liten batch gin, destillerad p\u00e5 traditionella kopparpannor i hj\u00e4rtat av Nordzeeland<\/p>\n<p>London torr med en smygig \u00f6rtvridning<\/p>\n<p>Food Owl Gin &#8211; London Dry \u00e4r v\u00e5rt bud p\u00e5 det klassiska torra ginet med mycket tecken, god s\u00f6tma och en mild twist av utvalda \u00f6rter. En perfekt utg\u00e5ngspunkt om du f\u00f6redrar en GT-klassiker eller kommer att experimentera med din favoritgarnering.<\/p>\n<p>Botanik: Juniper, Coriander, Angelika Rod, Lemonhal, Timian, Sage, Korn av Paradise och Orris Rod.<\/p>\n<p>Vol: 50 cl.<br \/>\nALK \/ VOL: 46%<\/p>\n<p>Allm\u00e4nt om matugl gin<\/p>\n<p>Food Owl Gin \u00e4r en hyllning till ugglan, som brukade stanna i taket i v\u00e5r byggnad, men som nu har flyttat i den n\u00e4rliggande staden eftersom vi bullriga f\u00f6r mycket. F\u00f6rl\u00e5t!<\/p>\n<p>Vi destinerar gin p\u00e5 ett traditionellt s\u00e4tt med \u00f6rter direkt i kopparkedaren och i heriburve, som \u00e4r monterat p\u00e5 svanen. Resultatet \u00e4r ett antal goda och mycket karakteristiska ginvarianer som \u00e4r uppenbara i sin profil och l\u00e4tt att blanda.<\/p>\n<p>Allt v\u00e5r matuggla gin destilleras p\u00e5 v\u00e5rt destilleri i Kagerup i Nordsj\u00f6 och bygger p\u00e5 ekologisk kornprit.<\/p>\n","protected":false},"excerpt":{"rendered":"<p>Handcrafted Premium Gin \u2013 Thorn\u00e6s Destilleri \u2013 Denmark<\/p>\n","protected":false},"featured_media":30342,"template":"","meta":{"_acf_changed":false,"rs_blank_template":"","rs_page_bg_color":"","slide_template_v7":""},"product_brand":[],"product_cat":[4688,2402,2404],"product_tag":[],"class_list":{"0":"post-16660","1":"product","2":"type-product","3":"status-publish","4":"has-post-thumbnail","6":"product_cat-london-dry-sv","7":"product_cat-sprit-sv","8":"product_cat-gin-sv","9":"pa_land-danmark-sv","10":"pa_procent-46-sv","11":"pa_producent-thornaes-destilleri-sv","12":"pa_region-nordsjaelland-sv","13":"pa_volume-50-sv","15":"first","16":"outofstock","17":"sale","18":"taxable","19":"shipping-taxable","20":"purchasable","21":"product-type-simple"},"bundled_by":[],"bundle_stock_status":"outofstock","bundle_stock_quantity":null,"bundle_virtual":false,"bundle_layout":"","bundle_add_to_cart_form_location":"","bundle_editable_in_cart":false,"bundle_sold_individually_context":"","bundle_item_grouping":"","bundle_min_size":"","bundle_max_size":"","bundle_price":[],"bundled_items":[],"bundle_sell_ids":[],"acf":[],"_links":{"self":[{"href":"https:\/\/www.raschvin.com\/sv\/wp-json\/wp\/v2\/product\/16660","targetHints":{"allow":["GET"]}}],"collection":[{"href":"https:\/\/www.raschvin.com\/sv\/wp-json\/wp\/v2\/product"}],"about":[{"href":"https:\/\/www.raschvin.com\/sv\/wp-json\/wp\/v2\/types\/product"}],"wp:featuredmedia":[{"embeddable":true,"href":"https:\/\/www.raschvin.com\/sv\/wp-json\/wp\/v2\/media\/30342"}],"wp:attachment":[{"href":"https:\/\/www.raschvin.com\/sv\/wp-json\/wp\/v2\/media?parent=16660"}],"wp:term":[{"taxonomy":"product_brand","embeddable":true,"href":"https:\/\/www.raschvin.com\/sv\/wp-json\/wp\/v2\/product_brand?post=16660"},{"taxonomy":"product_cat","embeddable":true,"href":"https:\/\/www.raschvin.com\/sv\/wp-json\/wp\/v2\/product_cat?post=16660"},{"taxonomy":"product_tag","embeddable":true,"href":"https:\/\/www.raschvin.com\/sv\/wp-json\/wp\/v2\/product_tag?post=16660"}],"curies":[{"name":"wp","href":"https:\/\/api.w.org\/{rel}","templated":true}]}}